{"id":34918,"date":"2024-07-30T19:21:28","date_gmt":"2024-08-27T14:43:57","guid":{"rendered":"https:\/\/staging.nbg.eu\/product\/leg-strap-for-holster-adapter\/"},"modified":"2024-08-27T14:44:57","modified_gmt":"2024-08-27T14:44:57","slug":"benrem-foer-hoelsteradapter","status":"publish","type":"product","link":"https:\/\/staging.nbg.eu\/sv\/produkt\/benrem-foer-hoelsteradapter\/","title":{"rendered":"Benrem f\u00f6r h\u00f6lsteradapter"},"content":{"rendered":"<div class=\"product-description\">\n<h2>BlueForceGear Benrem f\u00f6r H\u00f6lsteradapter<\/h2>\n<p>F\u00f6rb\u00e4ttra ditt h\u00f6lsters stabilitet och komfort med BlueForceGear Benrem f\u00f6r H\u00f6lsteradapter. Denna h\u00e5llbara, justerbara rem \u00e4r designad f\u00f6r att s\u00e4kra ditt h\u00f6lster till l\u00e5ret och ge ett p\u00e5litligt och konsekvent drag.<\/p>\n<ul>\n<h3>Egenskaper:<\/h3>\n<li>Kompatibel med de flesta h\u00f6lsteradaptrar<\/li>\n<li>Justerbar f\u00f6r perfekt passform<\/li>\n<li>Tillverkad av h\u00f6gkvalitativa, andningsbara material<\/li>\n<li>Halkfri design f\u00f6r maximal stabilitet<\/li>\n<li>Snabbkopplande sp\u00e4nne f\u00f6r enkel p\u00e5- och avtagning<\/li>\n<\/ul>\n<p>Perfekt f\u00f6r brottsbek\u00e4mpning, milit\u00e4r och civilt bruk, denna benrem s\u00e4kerst\u00e4ller att ditt h\u00f6lster stannar p\u00e5 plats under intensiva aktiviteter.<\/p>\n<\/div>\n","protected":false},"excerpt":{"rendered":"<p>S\u00e4ker benrem f\u00f6rb\u00e4ttrar h\u00f6lstrets stabilitet f\u00f6r smidiga dragningar.<\/p>\n","protected":false},"featured_media":34919,"template":"","meta":{"_acf_changed":false},"product_brand":[11143],"product_cat":[13007,13040,13020],"product_tag":[],"class_list":{"0":"post-34918","1":"product","2":"type-product","3":"status-publish","4":"has-post-thumbnail","6":"product_brand-blue-force-gear","7":"product_cat-hoelster","8":"product_cat-hoelstertillbehoer","9":"product_cat-utrustning","11":"first","12":"instock","13":"taxable","14":"shipping-taxable","15":"purchasable","16":"product-type-variable","17":"wvs-archive-product-wrapper"},"acf":[],"_links":{"self":[{"href":"https:\/\/staging.nbg.eu\/sv\/wp-json\/wp\/v2\/product\/34918","targetHints":{"allow":["GET"]}}],"collection":[{"href":"https:\/\/staging.nbg.eu\/sv\/wp-json\/wp\/v2\/product"}],"about":[{"href":"https:\/\/staging.nbg.eu\/sv\/wp-json\/wp\/v2\/types\/product"}],"wp:featuredmedia":[{"embeddable":true,"href":"https:\/\/staging.nbg.eu\/sv\/wp-json\/wp\/v2\/media\/34919"}],"wp:attachment":[{"href":"https:\/\/staging.nbg.eu\/sv\/wp-json\/wp\/v2\/media?parent=34918"}],"wp:term":[{"taxonomy":"product_brand","embeddable":true,"href":"https:\/\/staging.nbg.eu\/sv\/wp-json\/wp\/v2\/product_brand?post=34918"},{"taxonomy":"product_cat","embeddable":true,"href":"https:\/\/staging.nbg.eu\/sv\/wp-json\/wp\/v2\/product_cat?post=34918"},{"taxonomy":"product_tag","embeddable":true,"href":"https:\/\/staging.nbg.eu\/sv\/wp-json\/wp\/v2\/product_tag?post=34918"}],"curies":[{"name":"wp","href":"https:\/\/api.w.org\/{rel}","templated":true}]}}