{"id":34752,"date":"2024-07-30T19:26:43","date_gmt":"2024-08-27T14:30:23","guid":{"rendered":"https:\/\/staging.nbg.eu\/product\/mag-now-triple-m4-pouch\/"},"modified":"2024-08-27T14:31:25","modified_gmt":"2024-08-27T14:31:25","slug":"mag-now-trippel-m4-vaeska","status":"publish","type":"product","link":"https:\/\/staging.nbg.eu\/sv\/produkt\/mag-now-trippel-m4-vaeska\/","title":{"rendered":"MAG NOW! trippel M4-v\u00e4ska"},"content":{"rendered":"<p><strong>MAG NOW! TRIPLE M4 POUCH<\/strong> fr\u00e5n BlueForceGear \u00e4r en h\u00f6gpresterande magasinh\u00e5llare designad f\u00f6r taktiska proffs och entusiaster. Funktioner inkluderar:<\/p>\n<ul>\n<li>Rymmer tre 30-skotts M4\/AR-15-magasin s\u00e4kert<\/li>\n<li>H\u00e5llbar konstruktion i 500D Cordura-nylon<\/li>\n<li>Helium Whisper-f\u00e4stsystem f\u00f6r l\u00e4tt MOLLE-kompatibilitet<\/li>\n<li>Snabb\u00e5tkomst-bungeeband f\u00f6r retention<\/li>\n<li>L\u00e5gprofildesign f\u00f6r minskad volym<\/li>\n<li>Tillg\u00e4nglig i flera f\u00e4rger f\u00f6r att matcha din utrustning<\/li>\n<\/ul>\n<p>Uppgradera din utrustning med denna m\u00e5ngsidiga, p\u00e5litliga ficka som s\u00e4kerst\u00e4ller snabba magasinbyten n\u00e4r varje sekund r\u00e4knas.<\/p>\n","protected":false},"excerpt":{"rendered":"<p>S\u00e4ker trippel M4-magasinsficka. Snabb \u00e5tkomst. H\u00e5llbar design.<\/p>\n","protected":false},"featured_media":34753,"template":"","meta":{"_acf_changed":false},"product_brand":[11143],"product_cat":[13011,12996,13020],"product_tag":[],"class_list":{"0":"post-34752","1":"product","2":"type-product","3":"status-publish","4":"has-post-thumbnail","6":"product_brand-blue-force-gear","7":"product_cat-fickor","8":"product_cat-magasinhallare","9":"product_cat-utrustning","11":"first","12":"instock","13":"taxable","14":"shipping-taxable","15":"purchasable","16":"product-type-variable","17":"wvs-archive-product-wrapper"},"acf":[],"_links":{"self":[{"href":"https:\/\/staging.nbg.eu\/sv\/wp-json\/wp\/v2\/product\/34752","targetHints":{"allow":["GET"]}}],"collection":[{"href":"https:\/\/staging.nbg.eu\/sv\/wp-json\/wp\/v2\/product"}],"about":[{"href":"https:\/\/staging.nbg.eu\/sv\/wp-json\/wp\/v2\/types\/product"}],"wp:featuredmedia":[{"embeddable":true,"href":"https:\/\/staging.nbg.eu\/sv\/wp-json\/wp\/v2\/media\/34753"}],"wp:attachment":[{"href":"https:\/\/staging.nbg.eu\/sv\/wp-json\/wp\/v2\/media?parent=34752"}],"wp:term":[{"taxonomy":"product_brand","embeddable":true,"href":"https:\/\/staging.nbg.eu\/sv\/wp-json\/wp\/v2\/product_brand?post=34752"},{"taxonomy":"product_cat","embeddable":true,"href":"https:\/\/staging.nbg.eu\/sv\/wp-json\/wp\/v2\/product_cat?post=34752"},{"taxonomy":"product_tag","embeddable":true,"href":"https:\/\/staging.nbg.eu\/sv\/wp-json\/wp\/v2\/product_tag?post=34752"}],"curies":[{"name":"wp","href":"https:\/\/api.w.org\/{rel}","templated":true}]}}