{"id":33794,"date":"2024-07-30T19:33:04","date_gmt":"2024-08-27T13:14:44","guid":{"rendered":"https:\/\/staging.nbg.eu\/product\/mag-now-single-pistol-pouch-bullets-flat\/"},"modified":"2024-08-27T13:15:57","modified_gmt":"2024-08-27T13:15:57","slug":"mag-now-enkel-pistolmagasinvaeska-kulor-platta","status":"publish","type":"product","link":"https:\/\/staging.nbg.eu\/sv\/produkt\/mag-now-enkel-pistolmagasinvaeska-kulor-platta\/","title":{"rendered":"MAG NOW! enkel pistolmagasinv\u00e4ska (kulor platta)"},"content":{"rendered":"<p>\n<strong>MAG NOW! SINGLE PISTOL POUCH (BULLETS FLAT)<\/strong> fr\u00e5n Blue Force Gear \u00e4r en m\u00e5ngsidig och h\u00e5llbar l\u00f6sning f\u00f6r att b\u00e4ra ditt pistolmagasin. Den har f\u00f6ljande egenskaper:<\/p>\n<ul>\n<li>L\u00e5gprofil design f\u00f6r diskret b\u00e4rande<\/li>\n<li>S\u00e4ker fasth\u00e5llning med snabbfrig\u00f6ringsfunktion<\/li>\n<li>Kompatibel med de flesta dubbelspelade pistolmagasin<\/li>\n<li>L\u00e4ttviktig ULTRAcomp-konstruktion<\/li>\n<li>MOLLE\/PALS-kompatibel<\/li>\n<li>Tillg\u00e4nglig i flera f\u00e4rger<\/li>\n<\/ul>\n<p>Perfekt f\u00f6r milit\u00e4r, polis och civilt bruk erbjuder denna ficka snabb \u00e5tkomst och p\u00e5litlig prestanda i alla situationer. Uppgradera din utrustning med Blue Force Gears innovativa design.<\/p>\n","protected":false},"excerpt":{"rendered":"<p>Smal, s\u00e4ker magasinv\u00e4ska f\u00f6r pistol. Platta kulor. Design f\u00f6r snabb \u00e5tkomst.<\/p>\n","protected":false},"featured_media":33795,"template":"","meta":{"_acf_changed":false},"product_brand":[11143],"product_cat":[13011,13020],"product_tag":[],"class_list":{"0":"post-33794","1":"product","2":"type-product","3":"status-publish","4":"has-post-thumbnail","6":"product_brand-blue-force-gear","7":"product_cat-fickor","8":"product_cat-utrustning","10":"first","11":"instock","12":"taxable","13":"shipping-taxable","14":"purchasable","15":"product-type-variable","16":"wvs-archive-product-wrapper"},"acf":[],"_links":{"self":[{"href":"https:\/\/staging.nbg.eu\/sv\/wp-json\/wp\/v2\/product\/33794","targetHints":{"allow":["GET"]}}],"collection":[{"href":"https:\/\/staging.nbg.eu\/sv\/wp-json\/wp\/v2\/product"}],"about":[{"href":"https:\/\/staging.nbg.eu\/sv\/wp-json\/wp\/v2\/types\/product"}],"wp:featuredmedia":[{"embeddable":true,"href":"https:\/\/staging.nbg.eu\/sv\/wp-json\/wp\/v2\/media\/33795"}],"wp:attachment":[{"href":"https:\/\/staging.nbg.eu\/sv\/wp-json\/wp\/v2\/media?parent=33794"}],"wp:term":[{"taxonomy":"product_brand","embeddable":true,"href":"https:\/\/staging.nbg.eu\/sv\/wp-json\/wp\/v2\/product_brand?post=33794"},{"taxonomy":"product_cat","embeddable":true,"href":"https:\/\/staging.nbg.eu\/sv\/wp-json\/wp\/v2\/product_cat?post=33794"},{"taxonomy":"product_tag","embeddable":true,"href":"https:\/\/staging.nbg.eu\/sv\/wp-json\/wp\/v2\/product_tag?post=33794"}],"curies":[{"name":"wp","href":"https:\/\/api.w.org\/{rel}","templated":true}]}}