{"id":33625,"date":"2024-07-30T19:34:10","date_gmt":"2024-08-27T13:06:47","guid":{"rendered":"https:\/\/staging.nbg.eu\/product\/low-profile-general-purpose-pouch\/"},"modified":"2024-08-27T13:08:39","modified_gmt":"2024-08-27T13:08:39","slug":"lagprofil-universalvaeska","status":"publish","type":"product","link":"https:\/\/staging.nbg.eu\/sv\/produkt\/lagprofil-universalvaeska\/","title":{"rendered":"L\u00e5gprofil universalv\u00e4ska"},"content":{"rendered":"<div class=\"product-description\">\n<h2>Blue Force Gear L\u00e5gprofil Universalficka<\/h2>\n<p>L\u00e5gprofil Universalfickan fr\u00e5n Blue Force Gear \u00e4r en m\u00e5ngsidig f\u00f6rvaringsl\u00f6sning f\u00f6r taktiskt och vardagligt b\u00e4rande. Funktioner:<\/p>\n<ul>\n<li>H\u00e5llbar 500D Cordura-konstruktion<\/li>\n<li>Helium Whisper f\u00e4stsystem f\u00f6r l\u00e4tt MOLLE-kompatibilitet<\/li>\n<li>L\u00e5gprofildesign f\u00f6r diskret b\u00e4rande<\/li>\n<li>Justerbart bungee-sp\u00e4nnsystem<\/li>\n<li>Flera interna organiseringsfickor<\/li>\n<li>Tillg\u00e4nglig i olika f\u00e4rger<\/li>\n<\/ul>\n<p>Perfekt f\u00f6r f\u00f6rvaring av sm\u00e5 utrustningar, sjukv\u00e5rdsmaterial eller vardagsf\u00f6rem\u00e5l. Idealisk f\u00f6r milit\u00e4r, polis och friluftsentusiaster som s\u00f6ker en kompakt, p\u00e5litlig ficka.<\/p>\n<\/div>\n","protected":false},"excerpt":{"rendered":"<p>Kompakt, m\u00e5ngsidig p\u00e5se f\u00f6r viktig utrustning. H\u00e5llbar och diskret.<\/p>\n","protected":false},"featured_media":33632,"template":"","meta":{"_acf_changed":false},"product_brand":[11143],"product_cat":[13011,13020],"product_tag":[],"class_list":{"0":"post-33625","1":"product","2":"type-product","3":"status-publish","4":"has-post-thumbnail","6":"product_brand-blue-force-gear","7":"product_cat-fickor","8":"product_cat-utrustning","10":"first","11":"instock","12":"taxable","13":"shipping-taxable","14":"purchasable","15":"product-type-variable","16":"wvs-archive-product-wrapper"},"acf":[],"_links":{"self":[{"href":"https:\/\/staging.nbg.eu\/sv\/wp-json\/wp\/v2\/product\/33625","targetHints":{"allow":["GET"]}}],"collection":[{"href":"https:\/\/staging.nbg.eu\/sv\/wp-json\/wp\/v2\/product"}],"about":[{"href":"https:\/\/staging.nbg.eu\/sv\/wp-json\/wp\/v2\/types\/product"}],"wp:featuredmedia":[{"embeddable":true,"href":"https:\/\/staging.nbg.eu\/sv\/wp-json\/wp\/v2\/media\/33632"}],"wp:attachment":[{"href":"https:\/\/staging.nbg.eu\/sv\/wp-json\/wp\/v2\/media?parent=33625"}],"wp:term":[{"taxonomy":"product_brand","embeddable":true,"href":"https:\/\/staging.nbg.eu\/sv\/wp-json\/wp\/v2\/product_brand?post=33625"},{"taxonomy":"product_cat","embeddable":true,"href":"https:\/\/staging.nbg.eu\/sv\/wp-json\/wp\/v2\/product_cat?post=33625"},{"taxonomy":"product_tag","embeddable":true,"href":"https:\/\/staging.nbg.eu\/sv\/wp-json\/wp\/v2\/product_tag?post=33625"}],"curies":[{"name":"wp","href":"https:\/\/api.w.org\/{rel}","templated":true}]}}