{"id":32920,"date":"2024-07-30T19:40:48","date_gmt":"2024-08-27T12:39:58","guid":{"rendered":"https:\/\/staging.nbg.eu\/product\/ten-speed-sf-chest-rig-sr25-ar-10\/"},"modified":"2024-08-27T12:43:48","modified_gmt":"2024-08-27T12:43:48","slug":"ten-speed-sf-broestvaest-sr25-ar-10","status":"publish","type":"product","link":"https:\/\/staging.nbg.eu\/sv\/produkt\/ten-speed-sf-broestvaest-sr25-ar-10\/","title":{"rendered":"Ten-Speed\u00ae SF br\u00f6stv\u00e4st SR25 (AR-10)"},"content":{"rendered":"<div class=\"product-description\">\n<h2>Ten-Speed\u00ae SF Br\u00f6stv\u00e4ska SR25 (AR-10) fr\u00e5n BlueForceGear<\/h2>\n<p>Utformad f\u00f6r maximal m\u00e5ngsidighet och komfort, \u00e4r denna l\u00e4tta br\u00f6stv\u00e4ska perfekt f\u00f6r SR25- och AR-10-magasin. Funktioner inkluderar:<\/p>\n<ul>\n<li>Tre Ten-Speed\u00ae multifunktionsfickor f\u00f6r magasin eller tillbeh\u00f6r<\/li>\n<li>Justerbara axelremmar och midjerem f\u00f6r s\u00e4ker passform<\/li>\n<li>Tillverkad av h\u00e5llbart ULTRAcomp\u00ae-tyg<\/li>\n<li>Kompatibel med olika BlueForceGear-tillbeh\u00f6r<\/li>\n<li>Tillg\u00e4nglig i flera f\u00e4rger<\/li>\n<\/ul>\n<p>Idealisk f\u00f6r milit\u00e4r, polis och t\u00e4vlingsskyttar som s\u00f6ker en l\u00e5gprofilerad br\u00f6stv\u00e4ska med h\u00f6g prestanda.<\/p>\n<\/div>\n","protected":false},"excerpt":{"rendered":"<p>L\u00e4tt br\u00f6stst\u00e4ll f\u00f6r AR-10\/SR25-magasin. Snabb \u00e5tkomst, modul\u00e4r design.<\/p>\n","protected":false},"featured_media":32924,"template":"","meta":{"_acf_changed":false},"product_brand":[11143],"product_cat":[13062,13020],"product_tag":[],"class_list":{"0":"post-32920","1":"product","2":"type-product","3":"status-publish","4":"has-post-thumbnail","6":"product_brand-blue-force-gear","7":"product_cat-broestrigg","8":"product_cat-utrustning","10":"first","11":"instock","12":"taxable","13":"shipping-taxable","14":"purchasable","15":"product-type-variable","16":"wvs-archive-product-wrapper"},"acf":[],"_links":{"self":[{"href":"https:\/\/staging.nbg.eu\/sv\/wp-json\/wp\/v2\/product\/32920","targetHints":{"allow":["GET"]}}],"collection":[{"href":"https:\/\/staging.nbg.eu\/sv\/wp-json\/wp\/v2\/product"}],"about":[{"href":"https:\/\/staging.nbg.eu\/sv\/wp-json\/wp\/v2\/types\/product"}],"wp:featuredmedia":[{"embeddable":true,"href":"https:\/\/staging.nbg.eu\/sv\/wp-json\/wp\/v2\/media\/32924"}],"wp:attachment":[{"href":"https:\/\/staging.nbg.eu\/sv\/wp-json\/wp\/v2\/media?parent=32920"}],"wp:term":[{"taxonomy":"product_brand","embeddable":true,"href":"https:\/\/staging.nbg.eu\/sv\/wp-json\/wp\/v2\/product_brand?post=32920"},{"taxonomy":"product_cat","embeddable":true,"href":"https:\/\/staging.nbg.eu\/sv\/wp-json\/wp\/v2\/product_cat?post=32920"},{"taxonomy":"product_tag","embeddable":true,"href":"https:\/\/staging.nbg.eu\/sv\/wp-json\/wp\/v2\/product_tag?post=32920"}],"curies":[{"name":"wp","href":"https:\/\/api.w.org\/{rel}","templated":true}]}}