{"id":31649,"date":"2024-08-18T19:30:03","date_gmt":"2024-08-24T13:47:14","guid":{"rendered":"https:\/\/staging.nbg.eu\/product\/daa-22x22mm-target-patches\/"},"modified":"2024-09-10T07:36:26","modified_gmt":"2024-09-10T07:36:26","slug":"daa-22x22mm-maltejp","status":"publish","type":"product","link":"https:\/\/staging.nbg.eu\/sv\/produkt\/daa-22x22mm-maltejp\/","title":{"rendered":"Daa 22X22mm m\u00e5ltejp"},"content":{"rendered":"<div class=\"product-description\">\n<h2>DAA 22x22mm M\u00e5llappar<\/h2>\n<p>F\u00f6rb\u00e4ttra din skjutupplevelse med DAA:s skr\u00e4ddarsydda m\u00e5llappar, utformade f\u00f6r att perfekt sm\u00e4lta in med vanliga pappm\u00e5l.<\/p>\n<ul>\n<li>F\u00e4rgmatchade f\u00f6r n\u00e4stan osynlig applicering p\u00e5 vanliga m\u00e5l<\/li>\n<li>Unik 22x22mm kvadratisk design f\u00f6r st\u00f6rre t\u00e4ckning<\/li>\n<li>Enklare och snabbare att applicera \u00e4n standardrunda lappar<\/li>\n<li>1 000 lappar per rulle, 10 rullar per f\u00f6rpackning<\/li>\n<\/ul>\n<p>Dessa premiumlappar erbjuder \u00f6verl\u00e4gsen t\u00e4ckning och effektivitet j\u00e4mf\u00f6rt med standard 20mm runda lappar. Deras kvadratiska form m\u00f6jligg\u00f6r snabbare applicering utan behov av exakt siktning. Oavsett om du \u00e4r en professionell eller fritidsskytt ger DAA m\u00e5llappar en smidig l\u00f6sning f\u00f6r att f\u00f6rl\u00e4nga livsl\u00e4ngden p\u00e5 dina m\u00e5l i alla v\u00e4derf\u00f6rh\u00e5llanden.<\/p>\n<\/div>\n","protected":false},"excerpt":{"rendered":"<p>V\u00e4derbest\u00e4ndiga 22x22mm m\u00e5llappar. 1000\/rulle, 10 rullar\/f\u00f6rpackning.<\/p>\n","protected":false},"featured_media":29113,"template":"","meta":{"_acf_changed":false},"product_brand":[11276],"product_cat":[13051,13026,13018],"product_tag":[],"class_list":{"0":"post-31649","1":"product","2":"type-product","3":"status-publish","4":"has-post-thumbnail","6":"product_brand-doublealpha","7":"product_cat-mal","8":"product_cat-papperskavlar","9":"product_cat-rengoeringslappar-och-lappverktyg","11":"first","12":"instock","13":"taxable","14":"shipping-taxable","15":"purchasable","16":"product-type-variable","17":"wvs-archive-product-wrapper"},"acf":[],"_links":{"self":[{"href":"https:\/\/staging.nbg.eu\/sv\/wp-json\/wp\/v2\/product\/31649","targetHints":{"allow":["GET"]}}],"collection":[{"href":"https:\/\/staging.nbg.eu\/sv\/wp-json\/wp\/v2\/product"}],"about":[{"href":"https:\/\/staging.nbg.eu\/sv\/wp-json\/wp\/v2\/types\/product"}],"wp:featuredmedia":[{"embeddable":true,"href":"https:\/\/staging.nbg.eu\/sv\/wp-json\/wp\/v2\/media\/29113"}],"wp:attachment":[{"href":"https:\/\/staging.nbg.eu\/sv\/wp-json\/wp\/v2\/media?parent=31649"}],"wp:term":[{"taxonomy":"product_brand","embeddable":true,"href":"https:\/\/staging.nbg.eu\/sv\/wp-json\/wp\/v2\/product_brand?post=31649"},{"taxonomy":"product_cat","embeddable":true,"href":"https:\/\/staging.nbg.eu\/sv\/wp-json\/wp\/v2\/product_cat?post=31649"},{"taxonomy":"product_tag","embeddable":true,"href":"https:\/\/staging.nbg.eu\/sv\/wp-json\/wp\/v2\/product_tag?post=31649"}],"curies":[{"name":"wp","href":"https:\/\/api.w.org\/{rel}","templated":true}]}}