{"id":31583,"date":"2024-08-18T19:35:37","date_gmt":"2024-08-24T13:45:04","guid":{"rendered":"https:\/\/staging.nbg.eu\/product\/mr-bulletfeeder-by-double-alpha-gen-2\/"},"modified":"2024-08-24T13:46:07","modified_gmt":"2024-08-24T13:46:07","slug":"mrbulletfeeder-av-double-alpha-gen-2","status":"publish","type":"product","link":"https:\/\/staging.nbg.eu\/sv\/produkt\/mrbulletfeeder-av-double-alpha-gen-2\/","title":{"rendered":"Mr.Bulletfeeder av Double-Alpha Gen 2"},"content":{"rendered":"<div class=\"product-description\">\n<h2>Mr.Bulletfeeder By Double-Alpha Gen 2<\/h2>\n<p>Revolutionera din omladdningsprocess med Mr.Bulletfeeder By Double-Alpha Gen 2. Detta avancerade kulmatningssystem integreras s\u00f6ml\u00f6st med din progressiva omladdningspress och \u00f6kar dramatiskt din produktionshastighet och effektivitet.<\/p>\n<ul>\n<li>Kompatibel med flera kalibrar<\/li>\n<li>Enkel att installera och justera<\/li>\n<li>Precisionstillverkad f\u00f6r p\u00e5litlig prestanda<\/li>\n<li>Minskar manuell hantering f\u00f6r s\u00e4krare omladdning<\/li>\n<li>H\u00e5llbar konstruktion f\u00f6r l\u00e5ngvarig anv\u00e4ndning<\/li>\n<\/ul>\n<p>Uppgradera din omladdningsutrustning idag och upplev skillnaden med Mr.Bulletfeeder Gen 2!<\/p>\n<\/div>\n","protected":false},"excerpt":{"rendered":"<p>Effektiv kulmatare f\u00f6r snabb och exakt omladdning. \u00d6kar produktiviteten.<\/p>\n","protected":false},"featured_media":29320,"template":"","meta":{"_acf_changed":false},"product_brand":[11276],"product_cat":[13049,13021],"product_tag":[],"class_list":{"0":"post-31583","1":"product","2":"type-product","3":"status-publish","4":"has-post-thumbnail","6":"product_brand-doublealpha","7":"product_cat-omladdning","8":"product_cat-omladdningsmaskiner","10":"first","11":"instock","12":"taxable","13":"shipping-taxable","14":"purchasable","15":"product-type-variable","16":"wvs-archive-product-wrapper"},"acf":[],"_links":{"self":[{"href":"https:\/\/staging.nbg.eu\/sv\/wp-json\/wp\/v2\/product\/31583","targetHints":{"allow":["GET"]}}],"collection":[{"href":"https:\/\/staging.nbg.eu\/sv\/wp-json\/wp\/v2\/product"}],"about":[{"href":"https:\/\/staging.nbg.eu\/sv\/wp-json\/wp\/v2\/types\/product"}],"wp:featuredmedia":[{"embeddable":true,"href":"https:\/\/staging.nbg.eu\/sv\/wp-json\/wp\/v2\/media\/29320"}],"wp:attachment":[{"href":"https:\/\/staging.nbg.eu\/sv\/wp-json\/wp\/v2\/media?parent=31583"}],"wp:term":[{"taxonomy":"product_brand","embeddable":true,"href":"https:\/\/staging.nbg.eu\/sv\/wp-json\/wp\/v2\/product_brand?post=31583"},{"taxonomy":"product_cat","embeddable":true,"href":"https:\/\/staging.nbg.eu\/sv\/wp-json\/wp\/v2\/product_cat?post=31583"},{"taxonomy":"product_tag","embeddable":true,"href":"https:\/\/staging.nbg.eu\/sv\/wp-json\/wp\/v2\/product_tag?post=31583"}],"curies":[{"name":"wp","href":"https:\/\/api.w.org\/{rel}","templated":true}]}}