{"id":31495,"date":"2024-08-18T19:39:34","date_gmt":"2024-08-24T13:41:04","guid":{"rendered":"https:\/\/staging.nbg.eu\/product\/produkt-4\/"},"modified":"2024-09-05T11:54:21","modified_gmt":"2024-09-05T11:54:21","slug":"flex-hoelster-extra-set-sidodistanser","status":"publish","type":"product","link":"https:\/\/staging.nbg.eu\/sv\/produkt\/flex-hoelster-extra-set-sidodistanser\/","title":{"rendered":"Flex-h\u00f6lster &#8211; Extra set sidodistanser"},"content":{"rendered":"<div class=\"product-description\">\n<h2>Flex Holster &#8211; Extra upps\u00e4ttning sidodistanser<\/h2>\n<p>F\u00f6rb\u00e4ttra din Flex Holsters m\u00e5ngsidighet med denna extra upps\u00e4ttning sidodistanser fr\u00e5n Double Alpha Academy. Dessa precisionsutformade distanser l\u00e5ter dig:<\/p>\n<ul>\n<li>Justera h\u00f6lstrets bredd f\u00f6r olika vapenmodeller<\/li>\n<li>Finjustera retentionstrycket<\/li>\n<li>Anpassa din dragr\u00f6relse<\/li>\n<\/ul>\n<p>Tillverkade av h\u00e5llbar polymer s\u00e4kerst\u00e4ller dessa distanser l\u00e5ngvarig prestanda. Kompatibla med alla Flex Holster-modeller \u00e4r de oumb\u00e4rliga f\u00f6r t\u00e4vlingsskyttar och entusiaster som kr\u00e4ver maximal anpassningsf\u00f6rm\u00e5ga fr\u00e5n sin utrustning.<\/p>\n<p>Uppgradera din Flex Holster idag f\u00f6r optimal prestanda och m\u00e5ngsidighet!<\/p>\n<\/div>\n","protected":false},"excerpt":{"rendered":"<p>Extra sidoavst\u00e5ndsh\u00e5llare f\u00f6r Flex Holster. Anpassa passform och retention.<\/p>\n","protected":false},"featured_media":29458,"template":"","meta":{"_acf_changed":false},"product_brand":[],"product_cat":[13007,13040,13045],"product_tag":[],"class_list":{"0":"post-31495","1":"product","2":"type-product","3":"status-publish","4":"has-post-thumbnail","6":"product_cat-hoelster","7":"product_cat-hoelstertillbehoer","8":"product_cat-sporthoelster","10":"first","11":"instock","12":"taxable","13":"shipping-taxable","14":"purchasable","15":"product-type-variable","16":"wvs-archive-product-wrapper"},"acf":[],"_links":{"self":[{"href":"https:\/\/staging.nbg.eu\/sv\/wp-json\/wp\/v2\/product\/31495","targetHints":{"allow":["GET"]}}],"collection":[{"href":"https:\/\/staging.nbg.eu\/sv\/wp-json\/wp\/v2\/product"}],"about":[{"href":"https:\/\/staging.nbg.eu\/sv\/wp-json\/wp\/v2\/types\/product"}],"wp:featuredmedia":[{"embeddable":true,"href":"https:\/\/staging.nbg.eu\/sv\/wp-json\/wp\/v2\/media\/29458"}],"wp:attachment":[{"href":"https:\/\/staging.nbg.eu\/sv\/wp-json\/wp\/v2\/media?parent=31495"}],"wp:term":[{"taxonomy":"product_brand","embeddable":true,"href":"https:\/\/staging.nbg.eu\/sv\/wp-json\/wp\/v2\/product_brand?post=31495"},{"taxonomy":"product_cat","embeddable":true,"href":"https:\/\/staging.nbg.eu\/sv\/wp-json\/wp\/v2\/product_cat?post=31495"},{"taxonomy":"product_tag","embeddable":true,"href":"https:\/\/staging.nbg.eu\/sv\/wp-json\/wp\/v2\/product_tag?post=31495"}],"curies":[{"name":"wp","href":"https:\/\/api.w.org\/{rel}","templated":true}]}}