{"id":31398,"date":"2024-08-18T19:46:48","date_gmt":"2024-08-24T13:34:47","guid":{"rendered":"https:\/\/staging.nbg.eu\/product\/flex-holster-right-hand-color-inlays\/"},"modified":"2025-01-29T09:06:06","modified_gmt":"2025-01-29T09:06:06","slug":"flex-hoelster-hoegerhand-faerginlaegg","status":"publish","type":"product","link":"https:\/\/staging.nbg.eu\/sv\/produkt\/flex-hoelster-hoegerhand-faerginlaegg\/","title":{"rendered":"Flex-h\u00f6lster h\u00f6gerhand f\u00e4rginl\u00e4gg"},"content":{"rendered":"<div class=\"product-description\">\n<h2>F\u00e4rginl\u00e4gg f\u00f6r Flex-h\u00f6lster<\/h2>\n<p>Anpassa ditt Flex-h\u00f6lster med dessa laserskurna plastlogotypinl\u00e4gg. Tillg\u00e4ngliga i olika f\u00e4rger f\u00f6r att ge ditt h\u00f6lster en personlig pr\u00e4gel.<\/p>\n<ul>\n<li>Enkel installation med 3M-tejp p\u00e5 baksidan<\/li>\n<li>Avtagbara f\u00f6r f\u00e4rgbyte (kan g\u00e5 s\u00f6nder vid borttagning)<\/li>\n<li>Transparent skyddsfilm ing\u00e5r (kan tas bort f\u00f6r b\u00e4sta utseende)<\/li>\n<\/ul>\n<p>V\u00e4lj bland v\u00e5ra f\u00e4rger:<\/p>\n<ul class=\"color-options\">\n<li>Svart<\/li>\n<li>Bl\u00e5<\/li>\n<li>Koppar<\/li>\n<li>Guld<\/li>\n<li>Orange<\/li>\n<li>R\u00f6d<\/li>\n<li>Silver<\/li>\n<li>Gul<\/li>\n<\/ul>\n<p>F\u00f6rnya utseendet p\u00e5 ditt Flex-h\u00f6lster med dessa f\u00e4rginl\u00e4gg.<\/p>\n<\/div>\n","protected":false},"excerpt":{"rendered":"<p>Anpassningsbara f\u00e4rginl\u00e4gg f\u00f6r Flex Holster: enkla att installera, avtagbara.<\/p>\n","protected":false},"featured_media":29711,"template":"","meta":{"_acf_changed":false},"product_brand":[],"product_cat":[13007,13040,13045],"product_tag":[],"class_list":{"0":"post-31398","1":"product","2":"type-product","3":"status-publish","4":"has-post-thumbnail","6":"product_cat-hoelster","7":"product_cat-hoelstertillbehoer","8":"product_cat-sporthoelster","10":"first","11":"instock","12":"taxable","13":"shipping-taxable","14":"purchasable","15":"product-type-variable","16":"wvs-archive-product-wrapper"},"acf":[],"_links":{"self":[{"href":"https:\/\/staging.nbg.eu\/sv\/wp-json\/wp\/v2\/product\/31398","targetHints":{"allow":["GET"]}}],"collection":[{"href":"https:\/\/staging.nbg.eu\/sv\/wp-json\/wp\/v2\/product"}],"about":[{"href":"https:\/\/staging.nbg.eu\/sv\/wp-json\/wp\/v2\/types\/product"}],"wp:featuredmedia":[{"embeddable":true,"href":"https:\/\/staging.nbg.eu\/sv\/wp-json\/wp\/v2\/media\/29711"}],"wp:attachment":[{"href":"https:\/\/staging.nbg.eu\/sv\/wp-json\/wp\/v2\/media?parent=31398"}],"wp:term":[{"taxonomy":"product_brand","embeddable":true,"href":"https:\/\/staging.nbg.eu\/sv\/wp-json\/wp\/v2\/product_brand?post=31398"},{"taxonomy":"product_cat","embeddable":true,"href":"https:\/\/staging.nbg.eu\/sv\/wp-json\/wp\/v2\/product_cat?post=31398"},{"taxonomy":"product_tag","embeddable":true,"href":"https:\/\/staging.nbg.eu\/sv\/wp-json\/wp\/v2\/product_tag?post=31398"}],"curies":[{"name":"wp","href":"https:\/\/api.w.org\/{rel}","templated":true}]}}