{"id":290614,"date":"2025-03-02T07:15:36","date_gmt":"2025-03-02T07:15:36","guid":{"rendered":"https:\/\/staging.nbg.eu\/prodcut\/two-vets-tripod-with-area-419-arcalock-dual-clamp-the-qdt-v2-ls-i\/"},"modified":"2025-03-27T10:51:30","modified_gmt":"2025-03-27T10:51:30","slug":"two-vets-stativ-med-area-419-arcalock-dubbelklaemma-the-qdt-v2-ls-i","status":"publish","type":"product","link":"https:\/\/staging.nbg.eu\/sv\/produkt\/two-vets-stativ-med-area-419-arcalock-dubbelklaemma-the-qdt-v2-ls-i\/","title":{"rendered":"Two Vets Stativ med Area 419 ARCALOCK Dubbelkl\u00e4mma &#8211; The QDT V2 LS I"},"content":{"rendered":"<h2>Two Vets Tripod med Area 419 ARCALOCK Dual Clamp &#8211; QDT V2 LS I<\/h2>\n<p>GripChanger \u00e4r ett tillbeh\u00f6r f\u00f6r skjutning. Denna 1-punds v\u00e4ska \u00e4r avsedd f\u00f6r positionsbyggande och anv\u00e4ndning i sm\u00e5 \u00f6ppningar. Den \u00e4r fylld f\u00f6r att ge stabilitet p\u00e5 olika ytor.<\/p>\n<h2>Satsen inneh\u00e5ller:<\/h2>\n<ul>\n<li>1 Area 419 GripChanger-v\u00e4ska<\/li>\n<li>1 ARCALOCK-kl\u00e4mma<\/li>\n<li>1 Area 419 Rail Changer-arm<\/li>\n<\/ul>\n<p><strong>M\u00e5tt:<\/strong> 10&#8243; \u00d7 3&#8243; \u00d7 2&#8243;<br \/>\n<strong>Tillverkare:<\/strong> Armageddon Gear<\/p>\n<p>GripChanger-satsen \u00e4r ett verktyg f\u00f6r skjutning.<\/p>\n","protected":false},"excerpt":{"rendered":"<p>M\u00e5ngsidig tripod med dubbla kl\u00e4mmor f\u00f6r snabba, stabila fotograferingspositioner.<\/p>\n","protected":false},"featured_media":233739,"template":"","meta":{"_acf_changed":false},"product_brand":[11051],"product_cat":[13053,13046],"product_tag":[],"class_list":{"0":"post-290614","1":"product","2":"type-product","3":"status-publish","4":"has-post-thumbnail","6":"product_brand-area-419","7":"product_cat-gevaer","8":"product_cat-tvabenstoed","10":"first","11":"instock","12":"taxable","13":"shipping-taxable","14":"purchasable","15":"product-type-simple"},"acf":[],"_links":{"self":[{"href":"https:\/\/staging.nbg.eu\/sv\/wp-json\/wp\/v2\/product\/290614","targetHints":{"allow":["GET"]}}],"collection":[{"href":"https:\/\/staging.nbg.eu\/sv\/wp-json\/wp\/v2\/product"}],"about":[{"href":"https:\/\/staging.nbg.eu\/sv\/wp-json\/wp\/v2\/types\/product"}],"wp:featuredmedia":[{"embeddable":true,"href":"https:\/\/staging.nbg.eu\/sv\/wp-json\/wp\/v2\/media\/233739"}],"wp:attachment":[{"href":"https:\/\/staging.nbg.eu\/sv\/wp-json\/wp\/v2\/media?parent=290614"}],"wp:term":[{"taxonomy":"product_brand","embeddable":true,"href":"https:\/\/staging.nbg.eu\/sv\/wp-json\/wp\/v2\/product_brand?post=290614"},{"taxonomy":"product_cat","embeddable":true,"href":"https:\/\/staging.nbg.eu\/sv\/wp-json\/wp\/v2\/product_cat?post=290614"},{"taxonomy":"product_tag","embeddable":true,"href":"https:\/\/staging.nbg.eu\/sv\/wp-json\/wp\/v2\/product_tag?post=290614"}],"curies":[{"name":"wp","href":"https:\/\/api.w.org\/{rel}","templated":true}]}}