{"id":290504,"date":"2025-03-02T06:50:24","date_gmt":"2025-03-27T10:29:25","guid":{"rendered":"https:\/\/staging.nbg.eu\/prodcut\/area-419-railchanger-shmedium-from-armageddon-gear\/"},"modified":"2025-03-27T10:31:54","modified_gmt":"2025-03-27T10:31:54","slug":"area-419-railchanger-shmedium-fran-armageddon-gear","status":"publish","type":"product","link":"https:\/\/staging.nbg.eu\/sv\/produkt\/area-419-railchanger-shmedium-fran-armageddon-gear\/","title":{"rendered":"Area 419 &#8211; RailChanger Shmedium fr\u00e5n Armageddon Gear"},"content":{"rendered":"<h2>Area 419 &#8211; RailChanger Shmedium<\/h2>\n<h2>av Armageddon Gear<\/h2>\n<p>RailChanger Shmedium \u00e4r en skyttp\u00e5se f\u00f6r precisionsskytte. Den har en l\u00e4mplig storlek och t\u00e4t fyllning f\u00f6r anv\u00e4ndning p\u00e5 skjutbanan.<\/p>\n<ul>\n<li><strong>Design:<\/strong> Laserskurna paneler p\u00e5 ovansidan och sidan f\u00f6r f\u00e4stning p\u00e5 RCX<\/li>\n<li><strong>Storlek:<\/strong> 8 \u00d7 6 \u00d7 6 tum<\/li>\n<li><strong>Vikt:<\/strong> 7 lbs (cirka 3,2 kg)<\/li>\n<li><strong>Tillverkare:<\/strong> Armageddon Gear<\/li>\n<\/ul>\n<p>RailChanger Shmedium \u00e4r en v\u00e4ska f\u00f6r anv\u00e4ndning p\u00e5 skjutbanan. Den kombinerar funktionalitet och design.<\/p>\n","protected":false},"excerpt":{"rendered":"<p>Kompakt, t\u00e4tpackad GameChanger f\u00f6r RCX. Perfekt f\u00f6ljeslagare f\u00f6r skjutbanan.<\/p>\n","protected":false},"featured_media":233507,"template":"","meta":{"_acf_changed":false},"product_brand":[11051],"product_cat":[13053,390],"product_tag":[],"class_list":{"0":"post-290504","1":"product","2":"type-product","3":"status-publish","4":"has-post-thumbnail","6":"product_brand-area-419","7":"product_cat-gevaer","8":"product_cat-aiming","10":"first","11":"instock","12":"taxable","13":"shipping-taxable","14":"purchasable","15":"product-type-simple"},"acf":[],"_links":{"self":[{"href":"https:\/\/staging.nbg.eu\/sv\/wp-json\/wp\/v2\/product\/290504","targetHints":{"allow":["GET"]}}],"collection":[{"href":"https:\/\/staging.nbg.eu\/sv\/wp-json\/wp\/v2\/product"}],"about":[{"href":"https:\/\/staging.nbg.eu\/sv\/wp-json\/wp\/v2\/types\/product"}],"wp:featuredmedia":[{"embeddable":true,"href":"https:\/\/staging.nbg.eu\/sv\/wp-json\/wp\/v2\/media\/233507"}],"wp:attachment":[{"href":"https:\/\/staging.nbg.eu\/sv\/wp-json\/wp\/v2\/media?parent=290504"}],"wp:term":[{"taxonomy":"product_brand","embeddable":true,"href":"https:\/\/staging.nbg.eu\/sv\/wp-json\/wp\/v2\/product_brand?post=290504"},{"taxonomy":"product_cat","embeddable":true,"href":"https:\/\/staging.nbg.eu\/sv\/wp-json\/wp\/v2\/product_cat?post=290504"},{"taxonomy":"product_tag","embeddable":true,"href":"https:\/\/staging.nbg.eu\/sv\/wp-json\/wp\/v2\/product_tag?post=290504"}],"curies":[{"name":"wp","href":"https:\/\/api.w.org\/{rel}","templated":true}]}}