{"id":290391,"date":"2025-03-02T06:33:52","date_gmt":"2025-03-27T10:04:04","guid":{"rendered":"https:\/\/staging.nbg.eu\/prodcut\/area-419-railchanger-og-bag\/"},"modified":"2025-03-27T10:06:34","modified_gmt":"2025-03-27T10:06:34","slug":"area-419-railchanger-og-vaeska","status":"publish","type":"product","link":"https:\/\/staging.nbg.eu\/sv\/produkt\/area-419-railchanger-og-vaeska\/","title":{"rendered":"Area 419 &#8211; RailChanger OG V\u00e4ska"},"content":{"rendered":"<h2>Area 419 &#8211; RailChanger OG V\u00e4ska<\/h2>\n<p>RailChanger OG fr\u00e5n Armageddon Gear \u00e4r en v\u00e4ska f\u00f6r RCX-systemet. Denna fullstora OG GameChanger har laserskurna paneler p\u00e5 toppen och sidan f\u00f6r att passa med RCX-upps\u00e4ttningen.<\/p>\n<h2>Egenskaper:<\/h2>\n<ul>\n<li>Utformad f\u00f6r RCX-systemet<\/li>\n<li>Laserskurna paneler f\u00f6r fasts\u00e4ttning<\/li>\n<li>Fullstor OG GameChanger design<\/li>\n<li>H\u00e5llbar konstruktion<\/li>\n<\/ul>\n<h2>Specifikationer:<\/h2>\n<ul>\n<li>Vikt: 3,2 kg<\/li>\n<li>M\u00e5tt: 25,4 \u00d7 17,8 \u00d7 15,2 cm<\/li>\n<li>Tillg\u00e4ngliga f\u00e4rger: Svart, Tan<\/li>\n<\/ul>\n<p>RailChanger OG \u00e4r v\u00e4skan som utvecklades f\u00f6r RCX-systemet.<\/p>\n","protected":false},"excerpt":{"rendered":"<p>Anpassad GameChanger-v\u00e4ska f\u00f6r RCX: laserskurna paneler, fullstorlek, m\u00e5ngsidig.<\/p>\n","protected":false},"featured_media":233482,"template":"","meta":{"_acf_changed":false},"product_brand":[11051],"product_cat":[13053],"product_tag":[],"class_list":{"0":"post-290391","1":"product","2":"type-product","3":"status-publish","4":"has-post-thumbnail","6":"product_brand-area-419","7":"product_cat-gevaer","9":"first","10":"outofstock","11":"taxable","12":"shipping-taxable","13":"purchasable","14":"product-type-variable","15":"wvs-archive-product-wrapper"},"acf":[],"_links":{"self":[{"href":"https:\/\/staging.nbg.eu\/sv\/wp-json\/wp\/v2\/product\/290391","targetHints":{"allow":["GET"]}}],"collection":[{"href":"https:\/\/staging.nbg.eu\/sv\/wp-json\/wp\/v2\/product"}],"about":[{"href":"https:\/\/staging.nbg.eu\/sv\/wp-json\/wp\/v2\/types\/product"}],"wp:featuredmedia":[{"embeddable":true,"href":"https:\/\/staging.nbg.eu\/sv\/wp-json\/wp\/v2\/media\/233482"}],"wp:attachment":[{"href":"https:\/\/staging.nbg.eu\/sv\/wp-json\/wp\/v2\/media?parent=290391"}],"wp:term":[{"taxonomy":"product_brand","embeddable":true,"href":"https:\/\/staging.nbg.eu\/sv\/wp-json\/wp\/v2\/product_brand?post=290391"},{"taxonomy":"product_cat","embeddable":true,"href":"https:\/\/staging.nbg.eu\/sv\/wp-json\/wp\/v2\/product_cat?post=290391"},{"taxonomy":"product_tag","embeddable":true,"href":"https:\/\/staging.nbg.eu\/sv\/wp-json\/wp\/v2\/product_tag?post=290391"}],"curies":[{"name":"wp","href":"https:\/\/api.w.org\/{rel}","templated":true}]}}