{"id":289933,"date":"2025-03-01T16:08:15","date_gmt":"2025-03-26T21:41:58","guid":{"rendered":"https:\/\/staging.nbg.eu\/prodcut\/area-419-arcalock-barricade-stop\/"},"modified":"2025-03-26T21:44:37","modified_gmt":"2025-03-26T21:44:37","slug":"area-419-arcalock-barrikadstopp","status":"publish","type":"product","link":"https:\/\/staging.nbg.eu\/sv\/produkt\/area-419-arcalock-barrikadstopp\/","title":{"rendered":"Area 419 &#8211; ARCALOCK Barrikadstopp"},"content":{"rendered":"<h2>Area 419 &#8211; ARCALOCK Barrikadstopp<\/h2>\n<p>Ett ytterligare barrikadstopp f\u00f6r ARCALOCK-systemet, utformat f\u00f6r stabilitet och precision.<\/p>\n<h2>Huvudegenskaper:<\/h2>\n<ul>\n<li>Kompatibelt bultm\u00f6nster med Atlas tv\u00e5benst\u00f6d<\/li>\n<li>Kan installeras mellan kl\u00e4mma och tv\u00e5benst\u00f6d eller anv\u00e4ndas frist\u00e5ende<\/li>\n<li>Fr\u00e4mre t\u00e4nder f\u00f6r grepp mot barrikader<\/li>\n<li>Tillverkad av 6061-T6 aluminium<\/li>\n<li>Vikt: 0,5 lbs (cirka 227 g)<\/li>\n<li>M\u00e5tt: 6&#8243; \u00d7 3,5&#8243; \u00d7 2&#8243; (cirka 15,2 cm \u00d7 8,9 cm \u00d7 5,1 cm)<\/li>\n<\/ul>\n<p><strong>Obs:<\/strong> Endast barrikadstopp; kl\u00e4mma och tv\u00e5benst\u00f6d ing\u00e5r ej. Ej kompatibel med Harris tv\u00e5benst\u00f6d utan v\u00e5r f\u00f6rl\u00e4ngningsadapter.<\/p>\n<p>Area 419 ARCALOCK Barrikadstopp \u00e4r ett tillbeh\u00f6r f\u00f6r stabilitet vid skytte.<\/p>\n","protected":false},"excerpt":{"rendered":"<p>Area 419 ARCALOCK Barrikadstopp: S\u00e4kert grepp f\u00f6r precisionskytte.<\/p>\n","protected":false},"featured_media":233052,"template":"","meta":{"_acf_changed":false},"product_brand":[11051],"product_cat":[13053,13024,13002,13001],"product_tag":[],"class_list":{"0":"post-289933","1":"product","2":"type-product","3":"status-publish","4":"has-post-thumbnail","6":"product_brand-area-419","7":"product_cat-gevaer","8":"product_cat-gevaersgrepp","9":"product_cat-gevaersjustering","10":"product_cat-skenor","12":"first","13":"instock","14":"taxable","15":"shipping-taxable","16":"purchasable","17":"product-type-simple"},"acf":[],"_links":{"self":[{"href":"https:\/\/staging.nbg.eu\/sv\/wp-json\/wp\/v2\/product\/289933","targetHints":{"allow":["GET"]}}],"collection":[{"href":"https:\/\/staging.nbg.eu\/sv\/wp-json\/wp\/v2\/product"}],"about":[{"href":"https:\/\/staging.nbg.eu\/sv\/wp-json\/wp\/v2\/types\/product"}],"wp:featuredmedia":[{"embeddable":true,"href":"https:\/\/staging.nbg.eu\/sv\/wp-json\/wp\/v2\/media\/233052"}],"wp:attachment":[{"href":"https:\/\/staging.nbg.eu\/sv\/wp-json\/wp\/v2\/media?parent=289933"}],"wp:term":[{"taxonomy":"product_brand","embeddable":true,"href":"https:\/\/staging.nbg.eu\/sv\/wp-json\/wp\/v2\/product_brand?post=289933"},{"taxonomy":"product_cat","embeddable":true,"href":"https:\/\/staging.nbg.eu\/sv\/wp-json\/wp\/v2\/product_cat?post=289933"},{"taxonomy":"product_tag","embeddable":true,"href":"https:\/\/staging.nbg.eu\/sv\/wp-json\/wp\/v2\/product_tag?post=289933"}],"curies":[{"name":"wp","href":"https:\/\/api.w.org\/{rel}","templated":true}]}}