{"id":289821,"date":"2025-03-01T16:03:10","date_gmt":"2025-03-26T21:36:53","guid":{"rendered":"https:\/\/staging.nbg.eu\/prodcut\/area-419-arcalock-8-universal-dovetail-rail\/"},"modified":"2025-03-26T21:39:26","modified_gmt":"2025-03-26T21:39:26","slug":"area-419-arcalock-8-universal-svalstjaertsskena","status":"publish","type":"product","link":"https:\/\/staging.nbg.eu\/sv\/produkt\/area-419-arcalock-8-universal-svalstjaertsskena\/","title":{"rendered":"Area 419 &#8211; ARCALOCK 8&#8243; Universal Svalstj\u00e4rtsskena"},"content":{"rendered":"<div class=\"product-description\">\n<h2>Area 419 &#8211; ARCALOCK 8&#8243; Universal Svalstj\u00e4rtskena<\/h2>\n<p>ARCALOCK 8&#8243; Universal Svalstj\u00e4rtskena fr\u00e5n Area 419 har f\u00f6ljande egenskaper:<\/p>\n<ul>\n<li>R\u00e4fflade sidor f\u00f6r mekanisk l\u00e5sning med Area 419-kl\u00e4mmor<\/li>\n<li>Kompatibel med standard ARCA-tillbeh\u00f6r<\/li>\n<li>8&#8243; l\u00e4ngd f\u00f6r full t\u00e4ckning av framstocken<\/li>\n<li>Vikt: 3 oz<\/li>\n<li>Uppfyller RRS 1.5&#8243; svalstj\u00e4rtsstandard<\/li>\n<li>Rundade kanter<\/li>\n<li>Typ 3 h\u00e5rdanodiserad yta<\/li>\n<li>Tillverkad i USA av 6061-T6 aluminium<\/li>\n<\/ul>\n<p>ARCALOCK-skensystemet \u00e4r utformat f\u00f6r att f\u00f6rb\u00e4ttra skjutprestandan.<\/p>\n<\/div>\n","protected":false},"excerpt":{"rendered":"<p>Area 419 ARCALOCK: 8&#8243; l\u00e5sande svalstj\u00e4rtsr\u00e4ls f\u00f6r precisionsgev\u00e4r.<\/p>\n","protected":false},"featured_media":232902,"template":"","meta":{"_acf_changed":false},"product_brand":[11051],"product_cat":[13053,13001,390],"product_tag":[],"class_list":{"0":"post-289821","1":"product","2":"type-product","3":"status-publish","4":"has-post-thumbnail","6":"product_brand-area-419","7":"product_cat-gevaer","8":"product_cat-skenor","9":"product_cat-aiming","11":"first","12":"instock","13":"taxable","14":"shipping-taxable","15":"purchasable","16":"product-type-simple"},"acf":[],"_links":{"self":[{"href":"https:\/\/staging.nbg.eu\/sv\/wp-json\/wp\/v2\/product\/289821","targetHints":{"allow":["GET"]}}],"collection":[{"href":"https:\/\/staging.nbg.eu\/sv\/wp-json\/wp\/v2\/product"}],"about":[{"href":"https:\/\/staging.nbg.eu\/sv\/wp-json\/wp\/v2\/types\/product"}],"wp:featuredmedia":[{"embeddable":true,"href":"https:\/\/staging.nbg.eu\/sv\/wp-json\/wp\/v2\/media\/232902"}],"wp:attachment":[{"href":"https:\/\/staging.nbg.eu\/sv\/wp-json\/wp\/v2\/media?parent=289821"}],"wp:term":[{"taxonomy":"product_brand","embeddable":true,"href":"https:\/\/staging.nbg.eu\/sv\/wp-json\/wp\/v2\/product_brand?post=289821"},{"taxonomy":"product_cat","embeddable":true,"href":"https:\/\/staging.nbg.eu\/sv\/wp-json\/wp\/v2\/product_cat?post=289821"},{"taxonomy":"product_tag","embeddable":true,"href":"https:\/\/staging.nbg.eu\/sv\/wp-json\/wp\/v2\/product_tag?post=289821"}],"curies":[{"name":"wp","href":"https:\/\/api.w.org\/{rel}","templated":true}]}}