{"id":289600,"date":"2025-03-01T14:21:59","date_gmt":"2025-03-26T21:29:29","guid":{"rendered":"https:\/\/staging.nbg.eu\/prodcut\/area-419-arcalock-10%e2%80%b3-universal-dovetail-rail\/"},"modified":"2025-03-26T21:32:04","modified_gmt":"2025-03-26T21:32:04","slug":"area-419-arcalock-10-universal-svalstjaertsskena","status":"publish","type":"product","link":"https:\/\/staging.nbg.eu\/sv\/produkt\/area-419-arcalock-10-universal-svalstjaertsskena\/","title":{"rendered":"Area 419 &#8211; ARCALOCK 10\u2033 Universal Svalstj\u00e4rtsskena"},"content":{"rendered":"<div class=\"product-description\">\n<h2>Area 419 &#8211; ARCALOCK 10&#8243; Universell Svalstj\u00e4rtskena<\/h2>\n<p>ARCALOCK 10&#8243; Universell Svalstj\u00e4rtskena fr\u00e5n Area 419 har f\u00f6ljande egenskaper:<\/p>\n<ul>\n<li>R\u00e4fflade sidor f\u00f6r mekanisk l\u00e5sning med Area 419-kl\u00e4mmor<\/li>\n<li>Kompatibel med standard Arca-tillbeh\u00f6r<\/li>\n<li>V\u00e4ger 4,1 oz<\/li>\n<li>F\u00f6ljer RRS 1,5&#8243; svalstj\u00e4rtsstandard<\/li>\n<li>Fasade kanter<\/li>\n<li>Tillverkad av typ 3 h\u00e5rdanodiserad 6061-T6 aluminium<\/li>\n<li>Tillverkad i USA<\/li>\n<li>M-LOK-sp\u00e5r f\u00f6r ytterligare tillbeh\u00f6rsmontering<\/li>\n<\/ul>\n<p><strong>Obs:<\/strong> Kr\u00e4ver 6 sammanh\u00e4ngande MLOK-sp\u00e5r f\u00f6r montering. F\u00f6r stockar med f\u00e4rre sp\u00e5r, \u00f6verv\u00e4g 12&#8243; universalskenan.<\/p>\n<p>ARCALOCK Svalstj\u00e4rtskensystem f\u00f6r precisionsgev\u00e4r.<\/p>\n<\/div>\n","protected":false},"excerpt":{"rendered":"<p>ARCALOCK 10&#8243; Universell Laxstj\u00e4rtsr\u00e4ls: S\u00e4ker, m\u00e5ngsidig MLOK-f\u00e4ste f\u00f6r precisionsgev\u00e4r.<\/p>\n","protected":false},"featured_media":232436,"template":"","meta":{"_acf_changed":false},"product_brand":[11051],"product_cat":[13053,13001,390],"product_tag":[],"class_list":{"0":"post-289600","1":"product","2":"type-product","3":"status-publish","4":"has-post-thumbnail","6":"product_brand-area-419","7":"product_cat-gevaer","8":"product_cat-skenor","9":"product_cat-aiming","11":"first","12":"instock","13":"taxable","14":"shipping-taxable","15":"purchasable","16":"product-type-simple"},"acf":[],"_links":{"self":[{"href":"https:\/\/staging.nbg.eu\/sv\/wp-json\/wp\/v2\/product\/289600","targetHints":{"allow":["GET"]}}],"collection":[{"href":"https:\/\/staging.nbg.eu\/sv\/wp-json\/wp\/v2\/product"}],"about":[{"href":"https:\/\/staging.nbg.eu\/sv\/wp-json\/wp\/v2\/types\/product"}],"wp:featuredmedia":[{"embeddable":true,"href":"https:\/\/staging.nbg.eu\/sv\/wp-json\/wp\/v2\/media\/232436"}],"wp:attachment":[{"href":"https:\/\/staging.nbg.eu\/sv\/wp-json\/wp\/v2\/media?parent=289600"}],"wp:term":[{"taxonomy":"product_brand","embeddable":true,"href":"https:\/\/staging.nbg.eu\/sv\/wp-json\/wp\/v2\/product_brand?post=289600"},{"taxonomy":"product_cat","embeddable":true,"href":"https:\/\/staging.nbg.eu\/sv\/wp-json\/wp\/v2\/product_cat?post=289600"},{"taxonomy":"product_tag","embeddable":true,"href":"https:\/\/staging.nbg.eu\/sv\/wp-json\/wp\/v2\/product_tag?post=289600"}],"curies":[{"name":"wp","href":"https:\/\/api.w.org\/{rel}","templated":true}]}}