{"id":289479,"date":"2025-03-01T15:46:12","date_gmt":"2025-03-26T21:25:13","guid":{"rendered":"https:\/\/staging.nbg.eu\/prodcut\/area-419-arcalock-14-universal-dovetail-rail\/"},"modified":"2025-03-26T21:27:47","modified_gmt":"2025-03-26T21:27:47","slug":"area-419-arcalock-14-universal-svalstjaertsskena","status":"publish","type":"product","link":"https:\/\/staging.nbg.eu\/sv\/produkt\/area-419-arcalock-14-universal-svalstjaertsskena\/","title":{"rendered":"Area 419 &#8211; ARCALOCK 14&#8243; Universal Svalstj\u00e4rtsskena"},"content":{"rendered":"<h2>Area 419 &#8211; ARCALOCK 14&#8243; Universell Svalstj\u00e4rtskena<\/h2>\n<p>ARCALOCK 14&#8243; Universell Svalstj\u00e4rtskena fr\u00e5n Area 419 har f\u00f6ljande egenskaper:<\/p>\n<ul>\n<li>R\u00e4fflade sidor f\u00f6r mekanisk l\u00e5sning med Area 419-kl\u00e4mmor<\/li>\n<li>65 l\u00e5spositioner p\u00e5 den 14&#8243; l\u00e5nga skenan<\/li>\n<li>Bak\u00e5tkompatibel med standard Arca-tillbeh\u00f6r<\/li>\n<li>R\u00e4fflat fast bakre barri\u00e4rstopp med f\u00f6rl\u00e4ngningsplugg<\/li>\n<li>Vikt: 5,6 oz<\/li>\n<li>Tillverkad enligt RRS 1,5&#8243; svalstj\u00e4rtstandard<\/li>\n<li>Rundade h\u00f6rn och fasade kanter<\/li>\n<li>Typ 3 h\u00e5rdanodiserad 6061-T6 aluminiumkonstruktion<\/li>\n<li>Tillverkad i USA<\/li>\n<\/ul>\n<p>ARCALOCK-skensystemet \u00e4r utformat f\u00f6r precision och prestanda.<\/p>\n","protected":false},"excerpt":{"rendered":"<p>&#8221;L\u00e5sbar ARCA-skena f\u00f6r precisionsgev\u00e4r. 35,6 cm, 65 positioner, 159 gram.&#8221;<\/p>\n","protected":false},"featured_media":232599,"template":"","meta":{"_acf_changed":false},"product_brand":[11051],"product_cat":[13053,13001,390],"product_tag":[],"class_list":{"0":"post-289479","1":"product","2":"type-product","3":"status-publish","4":"has-post-thumbnail","6":"product_brand-area-419","7":"product_cat-gevaer","8":"product_cat-skenor","9":"product_cat-aiming","11":"first","12":"instock","13":"taxable","14":"shipping-taxable","15":"purchasable","16":"product-type-simple"},"acf":[],"_links":{"self":[{"href":"https:\/\/staging.nbg.eu\/sv\/wp-json\/wp\/v2\/product\/289479","targetHints":{"allow":["GET"]}}],"collection":[{"href":"https:\/\/staging.nbg.eu\/sv\/wp-json\/wp\/v2\/product"}],"about":[{"href":"https:\/\/staging.nbg.eu\/sv\/wp-json\/wp\/v2\/types\/product"}],"wp:featuredmedia":[{"embeddable":true,"href":"https:\/\/staging.nbg.eu\/sv\/wp-json\/wp\/v2\/media\/232599"}],"wp:attachment":[{"href":"https:\/\/staging.nbg.eu\/sv\/wp-json\/wp\/v2\/media?parent=289479"}],"wp:term":[{"taxonomy":"product_brand","embeddable":true,"href":"https:\/\/staging.nbg.eu\/sv\/wp-json\/wp\/v2\/product_brand?post=289479"},{"taxonomy":"product_cat","embeddable":true,"href":"https:\/\/staging.nbg.eu\/sv\/wp-json\/wp\/v2\/product_cat?post=289479"},{"taxonomy":"product_tag","embeddable":true,"href":"https:\/\/staging.nbg.eu\/sv\/wp-json\/wp\/v2\/product_tag?post=289479"}],"curies":[{"name":"wp","href":"https:\/\/api.w.org\/{rel}","templated":true}]}}