{"id":289381,"date":"2024-01-30T18:07:31","date_gmt":"2025-03-26T21:23:01","guid":{"rendered":"https:\/\/staging.nbg.eu\/prodcut\/area-419-arcalock-12-m-lok-dovetail-rail-2\/"},"modified":"2025-03-26T21:25:50","modified_gmt":"2025-03-26T21:25:50","slug":"area-419-arcalock-12-m-lok-svalstjaertsskena","status":"publish","type":"product","link":"https:\/\/staging.nbg.eu\/sv\/produkt\/area-419-arcalock-12-m-lok-svalstjaertsskena\/","title":{"rendered":"Area 419 &#8211; ARCALOCK 12&#8243; M-LOK Svalstj\u00e4rtssken\u0430"},"content":{"rendered":"<h2>Area 419 &#8211; ARCALOCK 12&#8243; M-LOK Svalstj\u00e4rtsr\u00e4ls<\/h2>\n<p>ARCALOCK 12&#8243; M-LOK Svalstj\u00e4rtsr\u00e4ls fr\u00e5n Area 419 har f\u00f6ljande egenskaper:<\/p>\n<ul>\n<li>R\u00e4fflade sidor f\u00f6r mekanisk l\u00e5sning med Area 419-kl\u00e4mmor<\/li>\n<li>Kompatibel med standard Arca-tillbeh\u00f6r<\/li>\n<li>12&#8243; l\u00e4ngd f\u00f6r f\u00e4stutrymme<\/li>\n<li>Vikt p\u00e5 111,5 gram<\/li>\n<li>F\u00f6ljer RRS 1.5&#8243; Svalstj\u00e4rtsstandard<\/li>\n<li>Fasade kanter<\/li>\n<li>Monteringsalternativ f\u00f6r olika gev\u00e4rskonstellationer<\/li>\n<li>Typ 3 h\u00e5rdanodiserad 6061-T6 aluminiumkonstruktion<\/li>\n<li>Tillverkad i USA<\/li>\n<\/ul>\n<p>ARCALOCK Svalstj\u00e4rtsr\u00e4lssystem \u00e4r utformat f\u00f6r att minska r\u00f6relse under tryck.<\/p>\n","protected":false},"excerpt":{"rendered":"<p>L\u00e5sbar 12&#8243; ARCA-skena f\u00f6r precisionsgev\u00e4r. Tandade sidor, M-LOK-kompatibel.<\/p>\n","protected":false},"featured_media":232522,"template":"","meta":{"_acf_changed":false},"product_brand":[11051],"product_cat":[13053,13001],"product_tag":[],"class_list":{"0":"post-289381","1":"product","2":"type-product","3":"status-publish","4":"has-post-thumbnail","6":"product_brand-area-419","7":"product_cat-gevaer","8":"product_cat-skenor","10":"first","11":"instock","12":"taxable","13":"shipping-taxable","14":"purchasable","15":"product-type-variable","16":"wvs-archive-product-wrapper"},"acf":[],"_links":{"self":[{"href":"https:\/\/staging.nbg.eu\/sv\/wp-json\/wp\/v2\/product\/289381","targetHints":{"allow":["GET"]}}],"collection":[{"href":"https:\/\/staging.nbg.eu\/sv\/wp-json\/wp\/v2\/product"}],"about":[{"href":"https:\/\/staging.nbg.eu\/sv\/wp-json\/wp\/v2\/types\/product"}],"wp:featuredmedia":[{"embeddable":true,"href":"https:\/\/staging.nbg.eu\/sv\/wp-json\/wp\/v2\/media\/232522"}],"wp:attachment":[{"href":"https:\/\/staging.nbg.eu\/sv\/wp-json\/wp\/v2\/media?parent=289381"}],"wp:term":[{"taxonomy":"product_brand","embeddable":true,"href":"https:\/\/staging.nbg.eu\/sv\/wp-json\/wp\/v2\/product_brand?post=289381"},{"taxonomy":"product_cat","embeddable":true,"href":"https:\/\/staging.nbg.eu\/sv\/wp-json\/wp\/v2\/product_cat?post=289381"},{"taxonomy":"product_tag","embeddable":true,"href":"https:\/\/staging.nbg.eu\/sv\/wp-json\/wp\/v2\/product_tag?post=289381"}],"curies":[{"name":"wp","href":"https:\/\/api.w.org\/{rel}","templated":true}]}}