{"id":288914,"date":"2025-03-05T10:45:22","date_gmt":"2025-03-05T10:45:22","guid":{"rendered":"https:\/\/staging.nbg.eu\/prodcut\/magpul-pmag-ar-m4-gen-m3-10rds\/"},"modified":"2025-03-26T19:11:54","modified_gmt":"2025-03-26T19:11:54","slug":"magpul-pmag-arm4-gen-m3","status":"publish","type":"product","link":"https:\/\/staging.nbg.eu\/sv\/produkt\/magpul-pmag-arm4-gen-m3\/","title":{"rendered":"Magpul &#8211; PMAG\u00ae AR\/M4 GEN M3\u2122"},"content":{"rendered":"<h2>Magpul &#8211; PMAG\u00ae AR\/M4 GEN M3\u2122<\/h2>\n<p>PMAG 10 GEN M3 \u00e4r ett 10-skotts polymermagasin f\u00f6r AR15\/M4-kompatibla vapen. Det erbjuder:<\/p>\n<ul>\n<li>F\u00f6rb\u00e4ttrad styrka och h\u00e5llbarhet med avancerad polymerkonstruktion<\/li>\n<li>Kompatibilitet med olika plattformar, inklusive HK\u00ae 416 och FN\u00ae SCAR\u2122 MK 16\/16S<\/li>\n<li>P\u00e5litlig matning med en fyrv\u00e4gs anti-tilt f\u00f6ljare<\/li>\n<li>Enkel demontering och f\u00f6rb\u00e4ttrat fallskydd med utvidgad bottenplatta<\/li>\n<li>J\u00e4mn funktion tack vare intern geometri med konstant kurva<\/li>\n<li>S\u00e4kert grepp med r\u00e4fflad greppyta och grov textur<\/li>\n<\/ul>\n<p>PMAG 10 GEN M3 tillverkas i USA och \u00e4r l\u00e4mplig f\u00f6r skytte i liggande position och taktisk m\u00e5ngsidighet.<\/p>\n","protected":false},"excerpt":{"rendered":"<p>H\u00e5llbart 10-skotts AR15\/M4-magasin med f\u00f6rb\u00e4ttrade funktioner och kompatibilitet.<\/p>\n","protected":false},"featured_media":239102,"template":"","meta":{"_acf_changed":false},"product_brand":[11551],"product_cat":[13053,13036],"product_tag":[],"class_list":{"0":"post-288914","1":"product","2":"type-product","3":"status-publish","4":"has-post-thumbnail","6":"product_brand-magpul","7":"product_cat-gevaer","8":"product_cat-gevaersmagasin","10":"first","11":"instock","12":"taxable","13":"shipping-taxable","14":"product-type-variable","15":"wvs-archive-product-wrapper"},"acf":[],"_links":{"self":[{"href":"https:\/\/staging.nbg.eu\/sv\/wp-json\/wp\/v2\/product\/288914","targetHints":{"allow":["GET"]}}],"collection":[{"href":"https:\/\/staging.nbg.eu\/sv\/wp-json\/wp\/v2\/product"}],"about":[{"href":"https:\/\/staging.nbg.eu\/sv\/wp-json\/wp\/v2\/types\/product"}],"wp:featuredmedia":[{"embeddable":true,"href":"https:\/\/staging.nbg.eu\/sv\/wp-json\/wp\/v2\/media\/239102"}],"wp:attachment":[{"href":"https:\/\/staging.nbg.eu\/sv\/wp-json\/wp\/v2\/media?parent=288914"}],"wp:term":[{"taxonomy":"product_brand","embeddable":true,"href":"https:\/\/staging.nbg.eu\/sv\/wp-json\/wp\/v2\/product_brand?post=288914"},{"taxonomy":"product_cat","embeddable":true,"href":"https:\/\/staging.nbg.eu\/sv\/wp-json\/wp\/v2\/product_cat?post=288914"},{"taxonomy":"product_tag","embeddable":true,"href":"https:\/\/staging.nbg.eu\/sv\/wp-json\/wp\/v2\/product_tag?post=288914"}],"curies":[{"name":"wp","href":"https:\/\/api.w.org\/{rel}","templated":true}]}}