{"id":288204,"date":"2025-03-06T10:17:52","date_gmt":"2025-03-26T17:23:09","guid":{"rendered":"https:\/\/staging.nbg.eu\/prodcut\/ftcs-dong-handguard-m-lok-akm\/"},"modified":"2025-03-26T17:25:42","modified_gmt":"2025-03-26T17:25:42","slug":"ftcs-dong-handskydd-m-lok-akm","status":"publish","type":"product","link":"https:\/\/staging.nbg.eu\/sv\/produkt\/ftcs-dong-handskydd-m-lok-akm\/","title":{"rendered":"FTCS &#8211; &#8221;Dong&#8221; Handskydd &#8211; M-LOK &#8211; AKM"},"content":{"rendered":"<div class=\"product-description\">\n<h2>FTCS &#8211; &#8221;Dong&#8221; Handskydd &#8211; M-LOK &#8211; AKM<\/h2>\n<p>FTCS &#8221;Dong&#8221; Handskydd f\u00f6r AKM\/AKMS-gev\u00e4r. Detta handskydd i AIMS-stil har f\u00f6ljande egenskaper:<\/p>\n<ul>\n<li>L\u00e4ttviktskonstruktion i tr\u00e4<\/li>\n<li>Integrerat framgrepp<\/li>\n<li>M-LOK-f\u00e4sten f\u00f6r tillbeh\u00f6r<\/li>\n<li>Kompatibel med underf\u00e4llbara kolvar<\/li>\n<li>Svart Cerakote-ytbehandling<\/li>\n<\/ul>\n<p>Handskyddet v\u00e4ger 141g och m\u00e4ter 160x120x35mm. De sidomonterade M-LOK-skenorna m\u00f6jligg\u00f6r montering av lampor, lasrar och andra tillbeh\u00f6r.<\/p>\n<p>FTCS &#8221;Dong&#8221; Handskydd finns tillg\u00e4ngligt f\u00f6r AKM.<\/p>\n<\/div>\n","protected":false},"excerpt":{"rendered":"<p>Klassiskt AIMS-stil tr\u00e4handskydd f\u00f6r AKM med M-LOK-skenor.<\/p>\n","protected":false},"featured_media":241007,"template":"","meta":{"_acf_changed":false},"product_brand":[11323],"product_cat":[12987,13024,13002],"product_tag":[],"class_list":{"0":"post-288204","1":"product","2":"type-product","3":"status-publish","4":"has-post-thumbnail","6":"product_brand-ftcs","7":"product_cat-ak-justering","8":"product_cat-gevaersgrepp","9":"product_cat-gevaersjustering","11":"first","12":"instock","13":"taxable","14":"shipping-taxable","15":"purchasable","16":"product-type-simple"},"acf":[],"_links":{"self":[{"href":"https:\/\/staging.nbg.eu\/sv\/wp-json\/wp\/v2\/product\/288204","targetHints":{"allow":["GET"]}}],"collection":[{"href":"https:\/\/staging.nbg.eu\/sv\/wp-json\/wp\/v2\/product"}],"about":[{"href":"https:\/\/staging.nbg.eu\/sv\/wp-json\/wp\/v2\/types\/product"}],"wp:featuredmedia":[{"embeddable":true,"href":"https:\/\/staging.nbg.eu\/sv\/wp-json\/wp\/v2\/media\/241007"}],"wp:attachment":[{"href":"https:\/\/staging.nbg.eu\/sv\/wp-json\/wp\/v2\/media?parent=288204"}],"wp:term":[{"taxonomy":"product_brand","embeddable":true,"href":"https:\/\/staging.nbg.eu\/sv\/wp-json\/wp\/v2\/product_brand?post=288204"},{"taxonomy":"product_cat","embeddable":true,"href":"https:\/\/staging.nbg.eu\/sv\/wp-json\/wp\/v2\/product_cat?post=288204"},{"taxonomy":"product_tag","embeddable":true,"href":"https:\/\/staging.nbg.eu\/sv\/wp-json\/wp\/v2\/product_tag?post=288204"}],"curies":[{"name":"wp","href":"https:\/\/api.w.org\/{rel}","templated":true}]}}