{"id":287837,"date":"2025-03-05T11:33:07","date_gmt":"2025-03-05T11:33:07","guid":{"rendered":"https:\/\/staging.nbg.eu\/prodcut\/clawgear-ak47-medium-slick-handguard-m-lok\/"},"modified":"2025-03-26T12:50:33","modified_gmt":"2025-03-26T12:50:33","slug":"clawgear-ak47-medium-slick-handskydd-m-lok","status":"publish","type":"product","link":"https:\/\/staging.nbg.eu\/sv\/produkt\/clawgear-ak47-medium-slick-handskydd-m-lok\/","title":{"rendered":"Clawgear AK47 Medium Slick Handskydd M-LOK"},"content":{"rendered":"<div class=\"product-description\">\n<h2>Clawgear AK47 Medium Slick Handguard M-LOK<\/h2>\n<p>En handguard f\u00f6r AK47 fr\u00e5n Clawgear. Den har en matt svart ytbel\u00e4ggning f\u00f6r att minska reflektioner. M-LOK-systemet m\u00f6jligg\u00f6r montering av tillbeh\u00f6r, och den har en QD-f\u00e4stpunkt f\u00f6r rem.<\/p>\n<ul>\n<li>Kompatibel med stansade och fr\u00e4sta mottagare<\/li>\n<li>Tillverkad av 6061 aluminium<\/li>\n<li>MIL-SPEC Type III anodiserad finish<\/li>\n<li>Vikt: 0,15 kg<\/li>\n<li>M\u00e5tt: 26,2 cm (L) x 4,3 cm (B) x 4,3 cm (H)<\/li>\n<\/ul>\n<p>En handguard f\u00f6r att f\u00f6rb\u00e4ttra AK47:s funktionalitet.<\/p>\n<\/div>\n","protected":false},"excerpt":{"rendered":"<p>L\u00e4tt M-LOK AK47-handskydd med QD-slingf\u00e4ste och matt finish.<\/p>\n","protected":false},"featured_media":239659,"template":"","meta":{"_acf_changed":false},"product_brand":[11235],"product_cat":[12987,13053,13002,13001],"product_tag":[],"class_list":{"0":"post-287837","1":"product","2":"type-product","3":"status-publish","4":"has-post-thumbnail","6":"product_brand-clawgear","7":"product_cat-ak-justering","8":"product_cat-gevaer","9":"product_cat-gevaersjustering","10":"product_cat-skenor","12":"first","13":"instock","14":"taxable","15":"shipping-taxable","16":"purchasable","17":"product-type-simple"},"acf":[],"_links":{"self":[{"href":"https:\/\/staging.nbg.eu\/sv\/wp-json\/wp\/v2\/product\/287837","targetHints":{"allow":["GET"]}}],"collection":[{"href":"https:\/\/staging.nbg.eu\/sv\/wp-json\/wp\/v2\/product"}],"about":[{"href":"https:\/\/staging.nbg.eu\/sv\/wp-json\/wp\/v2\/types\/product"}],"wp:featuredmedia":[{"embeddable":true,"href":"https:\/\/staging.nbg.eu\/sv\/wp-json\/wp\/v2\/media\/239659"}],"wp:attachment":[{"href":"https:\/\/staging.nbg.eu\/sv\/wp-json\/wp\/v2\/media?parent=287837"}],"wp:term":[{"taxonomy":"product_brand","embeddable":true,"href":"https:\/\/staging.nbg.eu\/sv\/wp-json\/wp\/v2\/product_brand?post=287837"},{"taxonomy":"product_cat","embeddable":true,"href":"https:\/\/staging.nbg.eu\/sv\/wp-json\/wp\/v2\/product_cat?post=287837"},{"taxonomy":"product_tag","embeddable":true,"href":"https:\/\/staging.nbg.eu\/sv\/wp-json\/wp\/v2\/product_tag?post=287837"}],"curies":[{"name":"wp","href":"https:\/\/api.w.org\/{rel}","templated":true}]}}