{"id":287773,"date":"2025-03-06T20:23:37","date_gmt":"2025-03-06T20:23:37","guid":{"rendered":"https:\/\/staging.nbg.eu\/prodcut\/clawgear-ak47-short-slick-handguard-m-lok\/"},"modified":"2025-03-26T12:41:36","modified_gmt":"2025-03-26T12:41:36","slug":"clawgear-ak47-kort-slick-handskydd-m-lok","status":"publish","type":"product","link":"https:\/\/staging.nbg.eu\/sv\/produkt\/clawgear-ak47-kort-slick-handskydd-m-lok\/","title":{"rendered":"Clawgear &#8211; AK47 Kort Slick Handskydd M-LOK"},"content":{"rendered":"<h2>Clawgear &#8211; AK47 Kort Handskydd M-LOK<\/h2>\n<p>Handskydd f\u00f6r AK47 med f\u00f6ljande egenskaper:<\/p>\n<ul>\n<li>M-LOK f\u00e4stsystem f\u00f6r tillbeh\u00f6r<\/li>\n<li>Matt svart yta f\u00f6r att minska reflektioner<\/li>\n<li>QD-f\u00e4ste f\u00f6r rem p\u00e5 baksidan<\/li>\n<li>Kompatibel med stansade och fr\u00e4sta mottagare<\/li>\n<li>Tillverkad av 6061 aluminium<\/li>\n<li>MIL-SPEC Typ III anodiserad ytbehandling<\/li>\n<\/ul>\n<p>M\u00e5tt: 16,4 cm (L) x 4,5 cm (B) x 4 cm (H)<\/p>\n<p>Vikt: 0,16 kg<\/p>\n<p>Handskydd f\u00f6r AK47 som \u00f6kar funktionalitet. L\u00e4mplig f\u00f6r taktiska entusiaster och yrkesverksamma.<\/p>\n","protected":false},"excerpt":{"rendered":"<p>L\u00e4tt M-LOK handskydd f\u00f6r AK47. QD-remf\u00e4ste. Passar olika mottagare.<\/p>\n","protected":false},"featured_media":245174,"template":"","meta":{"_acf_changed":false},"product_brand":[],"product_cat":[12987,13053,13002],"product_tag":[],"class_list":{"0":"post-287773","1":"product","2":"type-product","3":"status-publish","4":"has-post-thumbnail","6":"product_cat-ak-justering","7":"product_cat-gevaer","8":"product_cat-gevaersjustering","10":"first","11":"instock","12":"taxable","13":"shipping-taxable","14":"purchasable","15":"product-type-simple"},"acf":[],"_links":{"self":[{"href":"https:\/\/staging.nbg.eu\/sv\/wp-json\/wp\/v2\/product\/287773","targetHints":{"allow":["GET"]}}],"collection":[{"href":"https:\/\/staging.nbg.eu\/sv\/wp-json\/wp\/v2\/product"}],"about":[{"href":"https:\/\/staging.nbg.eu\/sv\/wp-json\/wp\/v2\/types\/product"}],"wp:featuredmedia":[{"embeddable":true,"href":"https:\/\/staging.nbg.eu\/sv\/wp-json\/wp\/v2\/media\/245174"}],"wp:attachment":[{"href":"https:\/\/staging.nbg.eu\/sv\/wp-json\/wp\/v2\/media?parent=287773"}],"wp:term":[{"taxonomy":"product_brand","embeddable":true,"href":"https:\/\/staging.nbg.eu\/sv\/wp-json\/wp\/v2\/product_brand?post=287773"},{"taxonomy":"product_cat","embeddable":true,"href":"https:\/\/staging.nbg.eu\/sv\/wp-json\/wp\/v2\/product_cat?post=287773"},{"taxonomy":"product_tag","embeddable":true,"href":"https:\/\/staging.nbg.eu\/sv\/wp-json\/wp\/v2\/product_tag?post=287773"}],"curies":[{"name":"wp","href":"https:\/\/api.w.org\/{rel}","templated":true}]}}