{"id":285554,"date":"2025-03-04T19:02:48","date_gmt":"2025-03-25T14:29:06","guid":{"rendered":"https:\/\/staging.nbg.eu\/product\/magpul-ctr-moe-cheek-riser-0-75\/"},"modified":"2025-03-25T14:31:11","modified_gmt":"2025-03-25T14:31:11","slug":"magpul-ctr-moe-kindstoed-075","status":"publish","type":"product","link":"https:\/\/staging.nbg.eu\/sv\/produkt\/magpul-ctr-moe-kindstoed-075\/","title":{"rendered":"Magpul &#8211; CTR \/ MOE Kindst\u00f6d &#8211; 0.75&#8243;"},"content":{"rendered":"<div class=\"product-description\">\n<h2>Magpul &#8211; CTR \/ MOE Kindst\u00f6d &#8211; 0,75&#8243;<\/h2>\n<p>Magpul CTR \/ MOE Kindst\u00f6d \u00e4r ett tillbeh\u00f6r som h\u00f6jer kindst\u00f6det med 1,9 cm. Det ger f\u00f6rb\u00e4ttrad komfort och siktlinjejustering f\u00f6r olika vapentill\u00e4mpningar.<\/p>\n<ul>\n<li>Kompatibel med CTR, MOE\u00ae, DT och PR karbinkolvar<\/li>\n<li>L\u00e4mplig f\u00f6r icke AR15\/M4-upps\u00e4ttningar, som M14 karbinkolvkonverteringar<\/li>\n<li>Enkel p\u00e5klipsbar installation<\/li>\n<li>Tillverkad i USA<\/li>\n<li>NSN: MAG327-BLK 1005-01-591-6041<\/li>\n<\/ul>\n<p><strong>Obs:<\/strong> Kan st\u00f6ra laddhandtagets funktion p\u00e5 AR15\/M4-plattformar om kolven inte \u00e4r helt utdragen.<\/p>\n<\/div>\n","protected":false},"excerpt":{"rendered":"<p>&#8221;P\u00e5kl\u00e4mbar 19 mm kindst\u00f6d f\u00f6r \u00f6kad komfort och precision.&#8221;<\/p>\n","protected":false},"featured_media":237163,"template":"","meta":{"_acf_changed":false},"product_brand":[11551],"product_cat":[13053,13002,13013],"product_tag":[],"class_list":{"0":"post-285554","1":"product","2":"type-product","3":"status-publish","4":"has-post-thumbnail","6":"product_brand-magpul","7":"product_cat-gevaer","8":"product_cat-gevaersjustering","9":"product_cat-gevaerskolvar","11":"first","12":"instock","13":"taxable","14":"shipping-taxable","15":"purchasable","16":"product-type-variable","17":"wvs-archive-product-wrapper"},"acf":[],"_links":{"self":[{"href":"https:\/\/staging.nbg.eu\/sv\/wp-json\/wp\/v2\/product\/285554","targetHints":{"allow":["GET"]}}],"collection":[{"href":"https:\/\/staging.nbg.eu\/sv\/wp-json\/wp\/v2\/product"}],"about":[{"href":"https:\/\/staging.nbg.eu\/sv\/wp-json\/wp\/v2\/types\/product"}],"wp:featuredmedia":[{"embeddable":true,"href":"https:\/\/staging.nbg.eu\/sv\/wp-json\/wp\/v2\/media\/237163"}],"wp:attachment":[{"href":"https:\/\/staging.nbg.eu\/sv\/wp-json\/wp\/v2\/media?parent=285554"}],"wp:term":[{"taxonomy":"product_brand","embeddable":true,"href":"https:\/\/staging.nbg.eu\/sv\/wp-json\/wp\/v2\/product_brand?post=285554"},{"taxonomy":"product_cat","embeddable":true,"href":"https:\/\/staging.nbg.eu\/sv\/wp-json\/wp\/v2\/product_cat?post=285554"},{"taxonomy":"product_tag","embeddable":true,"href":"https:\/\/staging.nbg.eu\/sv\/wp-json\/wp\/v2\/product_tag?post=285554"}],"curies":[{"name":"wp","href":"https:\/\/api.w.org\/{rel}","templated":true}]}}