{"id":285511,"date":"2025-03-04T19:02:27","date_gmt":"2025-03-25T14:28:37","guid":{"rendered":"https:\/\/staging.nbg.eu\/product\/magpul-ctr-moe-cheek-riser-0-5\/"},"modified":"2025-03-25T14:30:42","modified_gmt":"2025-03-25T14:30:42","slug":"magpul-ctr-moe-kindstoed-05","status":"publish","type":"product","link":"https:\/\/staging.nbg.eu\/sv\/produkt\/magpul-ctr-moe-kindstoed-05\/","title":{"rendered":"Magpul &#8211; CTR \/ MOE Kindst\u00f6d &#8211; 0.5&#8243;"},"content":{"rendered":"<div class=\"product-description\">\n<h2>Magpul &#8211; CTR \/ MOE Kindst\u00f6d &#8211; 0,5&#8243;<\/h2>\n<p>Magpul CTR \/ MOE Kindst\u00f6d \u00e4r ett clip-on tillbeh\u00f6r f\u00f6r CTR, MOE\u00ae, DT och PR Carbine-kolvar.<\/p>\n<ul>\n<li>H\u00f6jer kindst\u00f6det med 1\/2 tum<\/li>\n<li>L\u00e4mplig f\u00f6r icke AR15\/M4-applikationer<\/li>\n<li>Passar f\u00f6r M14 karbinkolv-konverteringar<\/li>\n<li>Tillverkad i USA<\/li>\n<li>NSN: MAG326-BLK 1005-01-591-6035<\/li>\n<\/ul>\n<p><strong>Obs:<\/strong> Kan st\u00f6ra laddningshandtagets funktion p\u00e5 AR15\/M4-plattformar om kolven inte \u00e4r helt utdragen.<\/p>\n<p>Detta kindst\u00f6d fr\u00e5n Magpul \u00e4r avsett f\u00f6r att f\u00f6rb\u00e4ttra vapnets ergonomi och ge en mer konsekvent siktbild.<\/p>\n<\/div>\n","protected":false},"excerpt":{"rendered":"<p>P\u00e5klipsbar kindst\u00f6d f\u00f6r icke-AR15\/M4-kolvar. H\u00f6jer kindst\u00f6det med 1,27 cm.<\/p>\n","protected":false},"featured_media":237047,"template":"","meta":{"_acf_changed":false},"product_brand":[11551],"product_cat":[13053,13002,13013],"product_tag":[],"class_list":{"0":"post-285511","1":"product","2":"type-product","3":"status-publish","4":"has-post-thumbnail","6":"product_brand-magpul","7":"product_cat-gevaer","8":"product_cat-gevaersjustering","9":"product_cat-gevaerskolvar","11":"first","12":"instock","13":"taxable","14":"shipping-taxable","15":"purchasable","16":"product-type-variable","17":"wvs-archive-product-wrapper"},"acf":[],"_links":{"self":[{"href":"https:\/\/staging.nbg.eu\/sv\/wp-json\/wp\/v2\/product\/285511","targetHints":{"allow":["GET"]}}],"collection":[{"href":"https:\/\/staging.nbg.eu\/sv\/wp-json\/wp\/v2\/product"}],"about":[{"href":"https:\/\/staging.nbg.eu\/sv\/wp-json\/wp\/v2\/types\/product"}],"wp:featuredmedia":[{"embeddable":true,"href":"https:\/\/staging.nbg.eu\/sv\/wp-json\/wp\/v2\/media\/237047"}],"wp:attachment":[{"href":"https:\/\/staging.nbg.eu\/sv\/wp-json\/wp\/v2\/media?parent=285511"}],"wp:term":[{"taxonomy":"product_brand","embeddable":true,"href":"https:\/\/staging.nbg.eu\/sv\/wp-json\/wp\/v2\/product_brand?post=285511"},{"taxonomy":"product_cat","embeddable":true,"href":"https:\/\/staging.nbg.eu\/sv\/wp-json\/wp\/v2\/product_cat?post=285511"},{"taxonomy":"product_tag","embeddable":true,"href":"https:\/\/staging.nbg.eu\/sv\/wp-json\/wp\/v2\/product_tag?post=285511"}],"curies":[{"name":"wp","href":"https:\/\/api.w.org\/{rel}","templated":true}]}}