{"id":285120,"date":"2025-03-02T07:13:28","date_gmt":"2025-03-25T14:11:21","guid":{"rendered":"https:\/\/staging.nbg.eu\/product\/the-railchanger-from-area-419-armageddon-gear-and-reasor-precision\/"},"modified":"2025-03-25T14:13:15","modified_gmt":"2025-03-25T14:13:15","slug":"the-railchanger-fran-area-419-armageddon-gear-och-reasor-precision","status":"publish","type":"product","link":"https:\/\/staging.nbg.eu\/sv\/produkt\/the-railchanger-fran-area-419-armageddon-gear-och-reasor-precision\/","title":{"rendered":"The RailChanger \u2013 Fr\u00e5n Area 419, Armageddon Gear och Reasor Precision"},"content":{"rendered":"<div class=\"product-description\">\n<h2>RailChanger: GripChanger-version<\/h2>\n<p>Detta \u00e4r den senaste produkten i RailChanger-serien: GripChanger. Denna kompakta v\u00e4ska \u00e4r avsedd f\u00f6r snabb positionsbyggnad och anv\u00e4ndning i sm\u00e5 \u00f6ppningar.<\/p>\n<h2>Egenskaper:<\/h2>\n<ul>\n<li>Liten, greppv\u00e4nlig och t\u00e4tt fylld<\/li>\n<li>V\u00e4ger cirka 0,45 kg<\/li>\n<li>F\u00e4ster p\u00e5 alla ytor<\/li>\n<li>Ger en stabil plattform f\u00f6r snabb upps\u00e4ttning<\/li>\n<\/ul>\n<h2>Paketet inneh\u00e5ller:<\/h2>\n<ul>\n<li>1 Area 419 GripChanger-v\u00e4ska<\/li>\n<li>1 ARCALOCK-kl\u00e4mma<\/li>\n<li>1 Area 419 Rail Changer-arm<\/li>\n<\/ul>\n<h2>Specifikationer:<\/h2>\n<ul>\n<li>Vikt: 0,45 kg<\/li>\n<li>M\u00e5tt: 25,4 \u00d7 7,6 \u00d7 5,1 cm<\/li>\n<li>Tillverkare: Armageddon Gear<\/li>\n<\/ul>\n<p>GripChanger \u00e4r ett samarbete mellan Area 419, Armageddon Gear och Reasor Precision.<\/p>\n<\/div>\n","protected":false},"excerpt":{"rendered":"<p>M\u00e5ngsidig, greppv\u00e4nlig v\u00e4ska f\u00f6r snabba, stabila skjutpositioner.<\/p>\n","protected":false},"featured_media":233713,"template":"","meta":{"_acf_changed":false},"product_brand":[11051],"product_cat":[13053],"product_tag":[],"class_list":{"0":"post-285120","1":"product","2":"type-product","3":"status-publish","4":"has-post-thumbnail","6":"product_brand-area-419","7":"product_cat-gevaer","9":"first","10":"instock","11":"taxable","12":"shipping-taxable","13":"purchasable","14":"product-type-variable","15":"wvs-archive-product-wrapper"},"acf":[],"_links":{"self":[{"href":"https:\/\/staging.nbg.eu\/sv\/wp-json\/wp\/v2\/product\/285120","targetHints":{"allow":["GET"]}}],"collection":[{"href":"https:\/\/staging.nbg.eu\/sv\/wp-json\/wp\/v2\/product"}],"about":[{"href":"https:\/\/staging.nbg.eu\/sv\/wp-json\/wp\/v2\/types\/product"}],"wp:featuredmedia":[{"embeddable":true,"href":"https:\/\/staging.nbg.eu\/sv\/wp-json\/wp\/v2\/media\/233713"}],"wp:attachment":[{"href":"https:\/\/staging.nbg.eu\/sv\/wp-json\/wp\/v2\/media?parent=285120"}],"wp:term":[{"taxonomy":"product_brand","embeddable":true,"href":"https:\/\/staging.nbg.eu\/sv\/wp-json\/wp\/v2\/product_brand?post=285120"},{"taxonomy":"product_cat","embeddable":true,"href":"https:\/\/staging.nbg.eu\/sv\/wp-json\/wp\/v2\/product_cat?post=285120"},{"taxonomy":"product_tag","embeddable":true,"href":"https:\/\/staging.nbg.eu\/sv\/wp-json\/wp\/v2\/product_tag?post=285120"}],"curies":[{"name":"wp","href":"https:\/\/api.w.org\/{rel}","templated":true}]}}