{"id":284377,"date":"2025-03-06T20:15:14","date_gmt":"2025-03-06T20:15:14","guid":{"rendered":"https:\/\/staging.nbg.eu\/product\/clawgear-ak47-gas-tube-cover\/"},"modified":"2025-03-25T13:02:00","modified_gmt":"2025-03-25T13:02:00","slug":"clawgear-ak47-gasroer-skydd","status":"publish","type":"product","link":"https:\/\/staging.nbg.eu\/sv\/produkt\/clawgear-ak47-gasroer-skydd\/","title":{"rendered":"Clawgear &#8211; AK47 Gasr\u00f6r Skydd"},"content":{"rendered":"<h2>Clawgear &#8211; AK47 Gasr\u00f6rs\u00f6verdrag<\/h2>\n<p>AK47 Gasr\u00f6rs\u00f6verdrag fr\u00e5n Clawgear, avsett f\u00f6r anv\u00e4ndning med CG Slimline Handskydd. Denna tillbeh\u00f6r har:<\/p>\n<ul>\n<li>Mil-STD 1913 Picatinny \/ Stanag 4694 skena p\u00e5 ovansidan<\/li>\n<li>Konstruktion av h\u00f6gh\u00e5llfast aluminium<\/li>\n<li>Svart mil-spec h\u00e5rdbel\u00e4ggning<\/li>\n<\/ul>\n<p>Gasr\u00f6rs\u00f6verdraget \u00e4r 10 cm l\u00e5ngt och v\u00e4ger 80 g.<\/p>\n<p><strong>Obs:<\/strong> Denna produkt \u00e4r <em>endast<\/em> kompatibel med Clawgear AK47 Slimline Handskydd.<\/p>\n","protected":false},"excerpt":{"rendered":"<p>H\u00e5llbart AK47 gasr\u00f6rsskydd med Picatinny-skena f\u00f6r slimmad handskydd.<\/p>\n","protected":false},"featured_media":244897,"template":"","meta":{"_acf_changed":false},"product_brand":[11235],"product_cat":[12987,13053,13001],"product_tag":[],"class_list":{"0":"post-284377","1":"product","2":"type-product","3":"status-publish","4":"has-post-thumbnail","6":"product_brand-clawgear","7":"product_cat-ak-justering","8":"product_cat-gevaer","9":"product_cat-skenor","11":"first","12":"instock","13":"taxable","14":"shipping-taxable","15":"purchasable","16":"product-type-simple"},"acf":[],"_links":{"self":[{"href":"https:\/\/staging.nbg.eu\/sv\/wp-json\/wp\/v2\/product\/284377","targetHints":{"allow":["GET"]}}],"collection":[{"href":"https:\/\/staging.nbg.eu\/sv\/wp-json\/wp\/v2\/product"}],"about":[{"href":"https:\/\/staging.nbg.eu\/sv\/wp-json\/wp\/v2\/types\/product"}],"wp:featuredmedia":[{"embeddable":true,"href":"https:\/\/staging.nbg.eu\/sv\/wp-json\/wp\/v2\/media\/244897"}],"wp:attachment":[{"href":"https:\/\/staging.nbg.eu\/sv\/wp-json\/wp\/v2\/media?parent=284377"}],"wp:term":[{"taxonomy":"product_brand","embeddable":true,"href":"https:\/\/staging.nbg.eu\/sv\/wp-json\/wp\/v2\/product_brand?post=284377"},{"taxonomy":"product_cat","embeddable":true,"href":"https:\/\/staging.nbg.eu\/sv\/wp-json\/wp\/v2\/product_cat?post=284377"},{"taxonomy":"product_tag","embeddable":true,"href":"https:\/\/staging.nbg.eu\/sv\/wp-json\/wp\/v2\/product_tag?post=284377"}],"curies":[{"name":"wp","href":"https:\/\/api.w.org\/{rel}","templated":true}]}}