{"id":284216,"date":"2025-03-05T08:21:40","date_gmt":"2025-03-25T10:49:35","guid":{"rendered":"https:\/\/staging.nbg.eu\/product\/magpul-moe-sl-enhanced-rubber-butt-pad-0-70\/"},"modified":"2025-03-25T10:51:44","modified_gmt":"2025-03-25T10:51:44","slug":"magpul-moe-sl-foerstaerkt-gummi-kolvdyna-070","status":"publish","type":"product","link":"https:\/\/staging.nbg.eu\/sv\/produkt\/magpul-moe-sl-foerstaerkt-gummi-kolvdyna-070\/","title":{"rendered":"Magpul &#8211; MOE SL\u00ae F\u00f6rst\u00e4rkt Gummi Kolvdyna, 0.70"},"content":{"rendered":"<h2>Magpul &#8211; MOE SL\u00ae F\u00f6rb\u00e4ttrad gummikolvsplatta, 0,70 tum<\/h2>\n<p>Uppgradera din Magpul-kolv med MOE SL\u00ae f\u00f6rb\u00e4ttrad gummikolvsplatta, 0,70&#8243;. Denna direkta ers\u00e4ttningsplatta erbjuder f\u00f6rb\u00e4ttrad komfort och funktionalitet f\u00f6r ditt skjutvapen.<\/p>\n<h3>Huvudegenskaper:<\/h3>\n<ul>\n<li>Kompatibel med DT Carbine, MOE SL\u00ae, MOE\u00ae SL-S\u2122, UBR\u00ae GEN2, MOE\u00ae AK, Zhukov-S\u00ae, X-22 Backpacker och PC Backpacker-kolvar<\/li>\n<li>Halkfri r\u00e4fflad textur f\u00f6r s\u00e4ker hantering<\/li>\n<li>Tjockare, ventilerad design f\u00f6r \u00f6kad komfort<\/li>\n<li>L\u00e4gger till cirka 3\/8 tum till avtryckarl\u00e4ngden<\/li>\n<li>V\u00e4ger mindre \u00e4n 1 uns<\/li>\n<li>Vinklad, r\u00e4fflad t\u00e5 f\u00f6r enkel montering<\/li>\n<li>B\u00f6jd topp f\u00f6r bekv\u00e4m axelplacering<\/li>\n<\/ul>\n<p>Tillverkad i USA, denna kolvsplatta kombinerar h\u00e5llbarhet med f\u00f6rb\u00e4ttrad design. Den monteras enkelt med befintlig h\u00e5rdvara och ger en omedelbar uppgradering till din Magpul-kolv.<\/p>\n<p><strong>F\u00f6rb\u00e4ttra din skjutupplevelse med Magpul MOE SL\u00ae f\u00f6rb\u00e4ttrad gummikolvsplatta.<\/strong><\/p>\n","protected":false},"excerpt":{"rendered":"<p>Bekv\u00e4m, halks\u00e4ker 17,8 mm gummibakkappa f\u00f6r Magpul-kolvar.<\/p>\n","protected":false},"featured_media":238705,"template":"","meta":{"_acf_changed":false},"product_brand":[11551],"product_cat":[13053,13002,13013],"product_tag":[],"class_list":{"0":"post-284216","1":"product","2":"type-product","3":"status-publish","4":"has-post-thumbnail","6":"product_brand-magpul","7":"product_cat-gevaer","8":"product_cat-gevaersjustering","9":"product_cat-gevaerskolvar","11":"first","12":"instock","13":"taxable","14":"shipping-taxable","15":"purchasable","16":"product-type-simple"},"acf":[],"_links":{"self":[{"href":"https:\/\/staging.nbg.eu\/sv\/wp-json\/wp\/v2\/product\/284216","targetHints":{"allow":["GET"]}}],"collection":[{"href":"https:\/\/staging.nbg.eu\/sv\/wp-json\/wp\/v2\/product"}],"about":[{"href":"https:\/\/staging.nbg.eu\/sv\/wp-json\/wp\/v2\/types\/product"}],"wp:featuredmedia":[{"embeddable":true,"href":"https:\/\/staging.nbg.eu\/sv\/wp-json\/wp\/v2\/media\/238705"}],"wp:attachment":[{"href":"https:\/\/staging.nbg.eu\/sv\/wp-json\/wp\/v2\/media?parent=284216"}],"wp:term":[{"taxonomy":"product_brand","embeddable":true,"href":"https:\/\/staging.nbg.eu\/sv\/wp-json\/wp\/v2\/product_brand?post=284216"},{"taxonomy":"product_cat","embeddable":true,"href":"https:\/\/staging.nbg.eu\/sv\/wp-json\/wp\/v2\/product_cat?post=284216"},{"taxonomy":"product_tag","embeddable":true,"href":"https:\/\/staging.nbg.eu\/sv\/wp-json\/wp\/v2\/product_tag?post=284216"}],"curies":[{"name":"wp","href":"https:\/\/api.w.org\/{rel}","templated":true}]}}