{"id":283980,"date":"2025-03-05T07:31:40","date_gmt":"2025-03-05T07:31:40","guid":{"rendered":"https:\/\/staging.nbg.eu\/product\/magpul-daka-window-pouch-medium\/"},"modified":"2025-03-25T09:56:09","modified_gmt":"2025-03-25T09:56:09","slug":"magpul-daka-foenster-pase-medium","status":"publish","type":"product","link":"https:\/\/staging.nbg.eu\/sv\/produkt\/magpul-daka-foenster-pase-medium\/","title":{"rendered":"Magpul &#8211; DAKA\u00ae F\u00f6nster P\u00e5se, Medium"},"content":{"rendered":"<h2>Magpul &#8211; DAKA\u00ae F\u00f6nsterp\u00e5se, Medium<\/h2>\n<p>F\u00f6rvara dina v\u00e4rdesaker i Magpul DAKA\u00ae Vattent\u00e4t F\u00f6nsterp\u00e5se. Denna medelstora p\u00e5se har:<\/p>\n<ul>\n<li>IPX7-klassade sidodragkedjor f\u00f6r vattent\u00e4thet<\/li>\n<li>Dragkedjor med 550 paracord och krympslang<\/li>\n<li>Genomskinligt f\u00f6nster f\u00f6r att se inneh\u00e5llet<\/li>\n<li>Tv\u00e5 stora \u00f6ppningar f\u00f6r karbinhakar<\/li>\n<li>RF-svetsad konstruktion med t\u00e4ta s\u00f6mmar<\/li>\n<li>Material med polymerinblandning f\u00f6r extra skydd<\/li>\n<\/ul>\n<p>M\u00e5tt: 17,8 cm x 30,5 cm (yttre), 17,1 cm x 29,8 cm (inre)<\/p>\n<p>DAKA\u00ae Vattent\u00e4t F\u00f6nsterp\u00e5se \u00e4r anv\u00e4ndbar n\u00e4r neds\u00e4nkning i vatten \u00e4r m\u00f6jlig. Den \u00e4r designad f\u00f6r att skydda f\u00f6rem\u00e5l i olika milj\u00f6er.<\/p>\n","protected":false},"excerpt":{"rendered":"<p>Vattent\u00e4tt fodral med f\u00f6nster f\u00f6r enkel identifiering. H\u00e5llbart, neds\u00e4nkbart.<\/p>\n","protected":false},"featured_media":237813,"template":"","meta":{"_acf_changed":false},"product_brand":[11551],"product_cat":[13011,13020],"product_tag":[],"class_list":{"0":"post-283980","1":"product","2":"type-product","3":"status-publish","4":"has-post-thumbnail","6":"product_brand-magpul","7":"product_cat-fickor","8":"product_cat-utrustning","10":"first","11":"instock","12":"taxable","13":"shipping-taxable","14":"purchasable","15":"product-type-simple"},"acf":[],"_links":{"self":[{"href":"https:\/\/staging.nbg.eu\/sv\/wp-json\/wp\/v2\/product\/283980","targetHints":{"allow":["GET"]}}],"collection":[{"href":"https:\/\/staging.nbg.eu\/sv\/wp-json\/wp\/v2\/product"}],"about":[{"href":"https:\/\/staging.nbg.eu\/sv\/wp-json\/wp\/v2\/types\/product"}],"wp:featuredmedia":[{"embeddable":true,"href":"https:\/\/staging.nbg.eu\/sv\/wp-json\/wp\/v2\/media\/237813"}],"wp:attachment":[{"href":"https:\/\/staging.nbg.eu\/sv\/wp-json\/wp\/v2\/media?parent=283980"}],"wp:term":[{"taxonomy":"product_brand","embeddable":true,"href":"https:\/\/staging.nbg.eu\/sv\/wp-json\/wp\/v2\/product_brand?post=283980"},{"taxonomy":"product_cat","embeddable":true,"href":"https:\/\/staging.nbg.eu\/sv\/wp-json\/wp\/v2\/product_cat?post=283980"},{"taxonomy":"product_tag","embeddable":true,"href":"https:\/\/staging.nbg.eu\/sv\/wp-json\/wp\/v2\/product_tag?post=283980"}],"curies":[{"name":"wp","href":"https:\/\/api.w.org\/{rel}","templated":true}]}}