{"id":283863,"date":"2025-03-06T09:57:41","date_gmt":"2025-03-25T09:36:36","guid":{"rendered":"https:\/\/staging.nbg.eu\/product\/clawgear-ar15-gasblock-0-750\/"},"modified":"2025-03-25T09:38:40","modified_gmt":"2025-03-25T09:38:40","slug":"clawgear-ar15-gasblock-0750","status":"publish","type":"product","link":"https:\/\/staging.nbg.eu\/sv\/produkt\/clawgear-ar15-gasblock-0750\/","title":{"rendered":"Clawgear AR15 Gasblock 0.750"},"content":{"rendered":"<h2>Clawgear AR15 Gasblock 0.750<\/h2>\n<p>Clawgear AR15 Gasblock 0.750 har en l\u00e5gprofil design med en borstad yta och passar under de flesta free-float handskydd, vilket s\u00e4kerst\u00e4ller pipans precision.<\/p>\n<h2>Huvudegenskaper:<\/h2>\n<ul>\n<li>Solid konstruktion i ett stycke st\u00e5l f\u00f6r h\u00e5llbarhet<\/li>\n<li>Noggrant bearbetad f\u00f6r att minimera gasl\u00e4ckage<\/li>\n<li>Utformad f\u00f6r 0.750&#8243; yttre pipdiameter vid gasporten<\/li>\n<li>T\u00e5l heta gaser \u00e4ven under sv\u00e5ra f\u00f6rh\u00e5llanden<\/li>\n<\/ul>\n<h2>Specifikationer:<\/h2>\n<ul>\n<li>M\u00e5tt: 2,8 x 2,8 x 2,4 cm<\/li>\n<li>Vikt: 0,05 kg<\/li>\n<\/ul>\n<p>Clawgear AR15 Gasblock 0.750 f\u00f6r AR15 f\u00f6r f\u00f6rb\u00e4ttrad prestanda och tillf\u00f6rlitlighet.<\/p>\n","protected":false},"excerpt":{"rendered":"<p>L\u00e5gprofils AR15 gasblock, passar 0,750&#8243; pipor. H\u00e5llbar st\u00e5lkonstruktion.<\/p>\n","protected":false},"featured_media":240400,"template":"","meta":{"_acf_changed":false},"product_brand":[11235],"product_cat":[13052,13053,13002],"product_tag":[],"class_list":{"0":"post-283863","1":"product","2":"type-product","3":"status-publish","4":"has-post-thumbnail","6":"product_brand-clawgear","7":"product_cat-gasblock","8":"product_cat-gevaer","9":"product_cat-gevaersjustering","11":"first","12":"instock","13":"taxable","14":"shipping-taxable","15":"purchasable","16":"product-type-simple"},"acf":[],"_links":{"self":[{"href":"https:\/\/staging.nbg.eu\/sv\/wp-json\/wp\/v2\/product\/283863","targetHints":{"allow":["GET"]}}],"collection":[{"href":"https:\/\/staging.nbg.eu\/sv\/wp-json\/wp\/v2\/product"}],"about":[{"href":"https:\/\/staging.nbg.eu\/sv\/wp-json\/wp\/v2\/types\/product"}],"wp:featuredmedia":[{"embeddable":true,"href":"https:\/\/staging.nbg.eu\/sv\/wp-json\/wp\/v2\/media\/240400"}],"wp:attachment":[{"href":"https:\/\/staging.nbg.eu\/sv\/wp-json\/wp\/v2\/media?parent=283863"}],"wp:term":[{"taxonomy":"product_brand","embeddable":true,"href":"https:\/\/staging.nbg.eu\/sv\/wp-json\/wp\/v2\/product_brand?post=283863"},{"taxonomy":"product_cat","embeddable":true,"href":"https:\/\/staging.nbg.eu\/sv\/wp-json\/wp\/v2\/product_cat?post=283863"},{"taxonomy":"product_tag","embeddable":true,"href":"https:\/\/staging.nbg.eu\/sv\/wp-json\/wp\/v2\/product_tag?post=283863"}],"curies":[{"name":"wp","href":"https:\/\/api.w.org\/{rel}","templated":true}]}}