{"id":283747,"date":"2025-03-06T10:14:28","date_gmt":"2025-03-06T10:14:28","guid":{"rendered":"https:\/\/staging.nbg.eu\/product\/clawgear-snap-cap-12-gauge-2-pack\/"},"modified":"2025-03-25T09:29:21","modified_gmt":"2025-03-25T09:29:21","slug":"clawgear-knallpatron-12-gauge-2-pack","status":"publish","type":"product","link":"https:\/\/staging.nbg.eu\/sv\/produkt\/clawgear-knallpatron-12-gauge-2-pack\/","title":{"rendered":"Clawgear Knallpatron 12 Gauge 2-pack"},"content":{"rendered":"<h2>Clawgear \u00d6vningspatroner 12 Gauge 2-pack<\/h2>\n<p>Dessa \u00f6vningspatroner \u00e4r avsedda att skydda vapnets slagstift och mekanism under torrskytte, funktionstestning och f\u00f6rvaring.<\/p>\n<h2>Egenskaper:<\/h2>\n<ul>\n<li>F\u00f6rpackning med 2 \u00f6vningspatroner<\/li>\n<li>Konstruerade f\u00f6r l\u00e5ngvarig anv\u00e4ndning<\/li>\n<li>F\u00f6rhindrar skador p\u00e5 slagstift och mekanism<\/li>\n<li>L\u00e4mpliga f\u00f6r torrskytte och funktionstestning<\/li>\n<\/ul>\n<h2>Produktdimensioner:<\/h2>\n<ul>\n<li>L\u00e4ngd: 5,5 cm<\/li>\n<li>Bredd: 2,1 cm<\/li>\n<li>H\u00f6jd: 2,1 cm<\/li>\n<li>Vikt: 0,106 kg<\/li>\n<\/ul>\n<p>Anv\u00e4nd Clawgear \u00f6vningspatroner 12 Gauge 2-pack f\u00f6r skjuttr\u00e4ning och vapenunderh\u00e5ll.<\/p>\n","protected":false},"excerpt":{"rendered":"<p>&#8221;H\u00e5llbara \u00f6vningspatroner i kaliber 12, 2-pack. Perfekt f\u00f6r s\u00e4ker torrskytte-tr\u00e4ning.&#8221;<\/p>\n","protected":false},"featured_media":240958,"template":"","meta":{"_acf_changed":false},"product_brand":[11235],"product_cat":[13028],"product_tag":[],"class_list":{"0":"post-283747","1":"product","2":"type-product","3":"status-publish","4":"has-post-thumbnail","6":"product_brand-clawgear","7":"product_cat-ammunition","9":"first","10":"instock","11":"taxable","12":"shipping-taxable","13":"purchasable","14":"product-type-simple"},"acf":[],"_links":{"self":[{"href":"https:\/\/staging.nbg.eu\/sv\/wp-json\/wp\/v2\/product\/283747","targetHints":{"allow":["GET"]}}],"collection":[{"href":"https:\/\/staging.nbg.eu\/sv\/wp-json\/wp\/v2\/product"}],"about":[{"href":"https:\/\/staging.nbg.eu\/sv\/wp-json\/wp\/v2\/types\/product"}],"wp:featuredmedia":[{"embeddable":true,"href":"https:\/\/staging.nbg.eu\/sv\/wp-json\/wp\/v2\/media\/240958"}],"wp:attachment":[{"href":"https:\/\/staging.nbg.eu\/sv\/wp-json\/wp\/v2\/media?parent=283747"}],"wp:term":[{"taxonomy":"product_brand","embeddable":true,"href":"https:\/\/staging.nbg.eu\/sv\/wp-json\/wp\/v2\/product_brand?post=283747"},{"taxonomy":"product_cat","embeddable":true,"href":"https:\/\/staging.nbg.eu\/sv\/wp-json\/wp\/v2\/product_cat?post=283747"},{"taxonomy":"product_tag","embeddable":true,"href":"https:\/\/staging.nbg.eu\/sv\/wp-json\/wp\/v2\/product_tag?post=283747"}],"curies":[{"name":"wp","href":"https:\/\/api.w.org\/{rel}","templated":true}]}}