{"id":282265,"date":"2025-03-06T10:40:18","date_gmt":"2025-03-06T10:40:18","guid":{"rendered":"https:\/\/staging.nbg.eu\/product\/ftcs-rear-sights-mounting-for-optics-ak-pmk-2-0-picatinny\/"},"modified":"2025-03-24T13:25:28","modified_gmt":"2025-03-24T13:25:28","slug":"ftcs-bakre-sikte-montering-foer-optik-ak-pmk-20-picatinny","status":"publish","type":"product","link":"https:\/\/staging.nbg.eu\/sv\/produkt\/ftcs-bakre-sikte-montering-foer-optik-ak-pmk-20-picatinny\/","title":{"rendered":"FTCS &#8211; Bakre Sikte Montering f\u00f6r Optik AK, PMK 2.0 Picatinny"},"content":{"rendered":"<div class=\"product-description\">\n<h2>FTCS &#8211; Bakre sikte montering f\u00f6r optik AK, PMK 2.0 Picatinny<\/h2>\n<p>Montera moderna optik p\u00e5 din AK-familj karbin med FTCS PMK 2.0 Picatinny-f\u00e4ste. Denna adapter l\u00e5ter dig montera optik utan att p\u00e5verka vapnets ergonomi och balans.<\/p>\n<ul>\n<li>Kompatibel med AK\/AKS, AKM\/AKMS, AK-74\/AKS-74, med flera<\/li>\n<li>Picatinny\/RIS standardskena (70mm l\u00e4ngd, 7 sp\u00e5r)<\/li>\n<li>Tillverkad av aluminium med Cerakote H-146 Graphite Black bel\u00e4ggning<\/li>\n<li>Beh\u00e5ller funktionaliteten hos fabriksmonterade j\u00e4rnsikten<\/li>\n<li>Enkel montering med tre bultar<\/li>\n<li>Vikt: 34g<\/li>\n<\/ul>\n<p>PMK 2.0 \u00e4r ett alternativ till gasr\u00f6rskenesystem eller integrerade system. Den centrala inriktningen bevarar vapnets balans. FTCS kombinerar traditionella och moderna optiska l\u00f6sningar.<\/p>\n<\/div>\n","protected":false},"excerpt":{"rendered":"<p>Baksiktesmontage f\u00f6r AK-optik. Picatinny-skena, h\u00e5llbart aluminium, Cerakote.<\/p>\n","protected":false},"featured_media":241496,"template":"","meta":{"_acf_changed":false},"product_brand":[11323],"product_cat":[12987,13053,13002],"product_tag":[],"class_list":{"0":"post-282265","1":"product","2":"type-product","3":"status-publish","4":"has-post-thumbnail","6":"product_brand-ftcs","7":"product_cat-ak-justering","8":"product_cat-gevaer","9":"product_cat-gevaersjustering","11":"first","12":"instock","13":"taxable","14":"shipping-taxable","15":"purchasable","16":"product-type-simple"},"acf":[],"_links":{"self":[{"href":"https:\/\/staging.nbg.eu\/sv\/wp-json\/wp\/v2\/product\/282265","targetHints":{"allow":["GET"]}}],"collection":[{"href":"https:\/\/staging.nbg.eu\/sv\/wp-json\/wp\/v2\/product"}],"about":[{"href":"https:\/\/staging.nbg.eu\/sv\/wp-json\/wp\/v2\/types\/product"}],"wp:featuredmedia":[{"embeddable":true,"href":"https:\/\/staging.nbg.eu\/sv\/wp-json\/wp\/v2\/media\/241496"}],"wp:attachment":[{"href":"https:\/\/staging.nbg.eu\/sv\/wp-json\/wp\/v2\/media?parent=282265"}],"wp:term":[{"taxonomy":"product_brand","embeddable":true,"href":"https:\/\/staging.nbg.eu\/sv\/wp-json\/wp\/v2\/product_brand?post=282265"},{"taxonomy":"product_cat","embeddable":true,"href":"https:\/\/staging.nbg.eu\/sv\/wp-json\/wp\/v2\/product_cat?post=282265"},{"taxonomy":"product_tag","embeddable":true,"href":"https:\/\/staging.nbg.eu\/sv\/wp-json\/wp\/v2\/product_tag?post=282265"}],"curies":[{"name":"wp","href":"https:\/\/api.w.org\/{rel}","templated":true}]}}