{"id":282109,"date":"2025-03-06T10:01:39","date_gmt":"2025-03-24T12:42:21","guid":{"rendered":"https:\/\/staging.nbg.eu\/product\/clawgear-m-lok-10-slot-rail-qd-integrated\/"},"modified":"2025-03-24T12:44:26","modified_gmt":"2025-03-24T12:44:26","slug":"clawgear-m-lok-10-slot-skena-qd-integrerad","status":"publish","type":"product","link":"https:\/\/staging.nbg.eu\/sv\/produkt\/clawgear-m-lok-10-slot-skena-qd-integrerad\/","title":{"rendered":"Clawgear M-LOK 10 Slot Skena QD integrerad"},"content":{"rendered":"<h2>Clawgear M-LOK 10-sp\u00e5rs skena med integrerad QD<\/h2>\n<p>Picatinny-skena f\u00f6r M-LOK-gr\u00e4nssnitt. Har 10 sp\u00e5r och en integrerad QD-monteringspunkt f\u00f6r rembygelinf\u00e4stning. Tillverkad av aluminium med anodiserad ytbehandling som uppfyller milit\u00e4ra specifikationer.<\/p>\n<ul>\n<li>Inkluderar monteringsdetaljer med T-muttrar i rostfritt st\u00e5l<\/li>\n<li>Korrosionsbest\u00e4ndig konstruktion<\/li>\n<li>Maximalt vridmoment: 4Nm eller 35in\/lb<\/li>\n<\/ul>\n<p><strong>Tips:<\/strong> Anv\u00e4nd den korta delen av insexnyckeln f\u00f6r \u00e5tdragning om momentnyckel inte finns tillg\u00e4nglig.<\/p>\n<p><em>M\u00e5tt (f\u00f6rpackad):<\/em> 17 x 10,7 x 1 cm<br \/>\n<em>Vikt:<\/em> 45g (53g f\u00f6rpackad)<\/p>\n","protected":false},"excerpt":{"rendered":"<p>M-LOK Picatinny-skena med 10 sp\u00e5r och QD-f\u00e4ste. H\u00e5llbar aluminium.<\/p>\n","protected":false},"featured_media":240516,"template":"","meta":{"_acf_changed":false},"product_brand":[11235],"product_cat":[13053,13002,13016,13001],"product_tag":[],"class_list":{"0":"post-282109","1":"product","2":"type-product","3":"status-publish","4":"has-post-thumbnail","6":"product_brand-clawgear","7":"product_cat-gevaer","8":"product_cat-gevaersjustering","9":"product_cat-remmar","10":"product_cat-skenor","12":"first","13":"instock","14":"taxable","15":"shipping-taxable","16":"purchasable","17":"product-type-simple"},"acf":[],"_links":{"self":[{"href":"https:\/\/staging.nbg.eu\/sv\/wp-json\/wp\/v2\/product\/282109","targetHints":{"allow":["GET"]}}],"collection":[{"href":"https:\/\/staging.nbg.eu\/sv\/wp-json\/wp\/v2\/product"}],"about":[{"href":"https:\/\/staging.nbg.eu\/sv\/wp-json\/wp\/v2\/types\/product"}],"wp:featuredmedia":[{"embeddable":true,"href":"https:\/\/staging.nbg.eu\/sv\/wp-json\/wp\/v2\/media\/240516"}],"wp:attachment":[{"href":"https:\/\/staging.nbg.eu\/sv\/wp-json\/wp\/v2\/media?parent=282109"}],"wp:term":[{"taxonomy":"product_brand","embeddable":true,"href":"https:\/\/staging.nbg.eu\/sv\/wp-json\/wp\/v2\/product_brand?post=282109"},{"taxonomy":"product_cat","embeddable":true,"href":"https:\/\/staging.nbg.eu\/sv\/wp-json\/wp\/v2\/product_cat?post=282109"},{"taxonomy":"product_tag","embeddable":true,"href":"https:\/\/staging.nbg.eu\/sv\/wp-json\/wp\/v2\/product_tag?post=282109"}],"curies":[{"name":"wp","href":"https:\/\/api.w.org\/{rel}","templated":true}]}}