{"id":278823,"date":"2025-03-02T06:06:39","date_gmt":"2025-03-21T11:00:36","guid":{"rendered":"https:\/\/staging.nbg.eu\/product\/144-area-419-billet-loading-block-clear-anodized\/"},"modified":"2025-03-21T11:02:42","modified_gmt":"2025-03-21T11:02:42","slug":"area-419-billet-laddningsblock-klar-eloxerad","status":"publish","type":"product","link":"https:\/\/staging.nbg.eu\/sv\/produkt\/area-419-billet-laddningsblock-klar-eloxerad\/","title":{"rendered":"Area 419 &#8211; Billet Laddningsblock \u2013 Klar Eloxerad"},"content":{"rendered":"<h2>Area 419 Laddningsblock i billett &#8211; Klar anodiserad<\/h2>\n<p>Area 419 Billett Anodiserad Laddningsblock har f\u00f6ljande egenskaper:<\/p>\n<ul>\n<li>50 platser f\u00f6r 308, Magnum eller Lapua bultansiktspatroner<\/li>\n<li>Tillverkad av 6061-T6 aluminium med klar anodiserad yta<\/li>\n<li>M\u00e5tt: 9,5&#8243; x 4&#8243; x 5\/8&#8243;<\/li>\n<li>0,500&#8243; djupa h\u00e5l med sn\u00e4v passform f\u00f6r hylsor<\/li>\n<li>Centrala f\u00f6rdjupningar f\u00f6r att f\u00e5nga upp krut<\/li>\n<li>Halkfria gummidynor p\u00e5 undersidan<\/li>\n<\/ul>\n<p>Tillg\u00e4ngliga h\u00e5ldiametrar: 223 (0,390&#8243;), ARC\/Grendel (0,452&#8243;), 308 (0,485&#8243;), 284 (0,515&#8243;), Magnum (0,560&#8243;), Lapua (0,600&#8243;) och Cheytac (0,655&#8243;).<\/p>\n<p>Vikt: 1,4 lbs<\/p>\n<p>Laddningsblock fr\u00e5n Area 419.<\/p>\n","protected":false},"excerpt":{"rendered":"<p>H\u00e5llbart anodiserat laddblock f\u00f6r 50 patroner. Precisionstillverkat, halkfritt.<\/p>\n","protected":false},"featured_media":233229,"template":"","meta":{"_acf_changed":false},"product_brand":[11051],"product_cat":[13049,13003],"product_tag":[],"class_list":{"0":"post-278823","1":"product","2":"type-product","3":"status-publish","4":"has-post-thumbnail","6":"product_brand-area-419","7":"product_cat-omladdning","8":"product_cat-omladdningstillbehoer","10":"first","11":"instock","12":"taxable","13":"shipping-taxable","14":"purchasable","15":"product-type-variable","16":"wvs-archive-product-wrapper"},"acf":[],"_links":{"self":[{"href":"https:\/\/staging.nbg.eu\/sv\/wp-json\/wp\/v2\/product\/278823","targetHints":{"allow":["GET"]}}],"collection":[{"href":"https:\/\/staging.nbg.eu\/sv\/wp-json\/wp\/v2\/product"}],"about":[{"href":"https:\/\/staging.nbg.eu\/sv\/wp-json\/wp\/v2\/types\/product"}],"wp:featuredmedia":[{"embeddable":true,"href":"https:\/\/staging.nbg.eu\/sv\/wp-json\/wp\/v2\/media\/233229"}],"wp:attachment":[{"href":"https:\/\/staging.nbg.eu\/sv\/wp-json\/wp\/v2\/media?parent=278823"}],"wp:term":[{"taxonomy":"product_brand","embeddable":true,"href":"https:\/\/staging.nbg.eu\/sv\/wp-json\/wp\/v2\/product_brand?post=278823"},{"taxonomy":"product_cat","embeddable":true,"href":"https:\/\/staging.nbg.eu\/sv\/wp-json\/wp\/v2\/product_cat?post=278823"},{"taxonomy":"product_tag","embeddable":true,"href":"https:\/\/staging.nbg.eu\/sv\/wp-json\/wp\/v2\/product_tag?post=278823"}],"curies":[{"name":"wp","href":"https:\/\/api.w.org\/{rel}","templated":true}]}}