{"id":278491,"date":"2025-03-07T18:45:15","date_gmt":"2025-03-21T10:48:04","guid":{"rendered":"https:\/\/staging.nbg.eu\/product\/smith-wesson-performance-center-586-l-comp\/"},"modified":"2025-03-21T10:50:18","modified_gmt":"2025-03-21T10:50:18","slug":"smith-wesson-performance-center-586-l-comp","status":"publish","type":"product","link":"https:\/\/staging.nbg.eu\/sv\/produkt\/smith-wesson-performance-center-586-l-comp\/","title":{"rendered":"Smith &#038; Wesson &#8211; PERFORMANCE CENTER\u00ae 586 L-COMP"},"content":{"rendered":"<div class=\"product-description\">\n<h2>Smith &amp; Wesson &#8211; PERFORMANCE CENTER\u00ae 586 L-COMP<\/h2>\n<p>Smith &amp; Wesson Performance Center\u00ae 586 L-COMP \u00e4r den f\u00f6rsta bl\u00e5nerade, sjuskotts revolvern i mellanstorlek fr\u00e5n Smith &amp; Wesson.<\/p>\n<h2>Huvudegenskaper:<\/h2>\n<ul>\n<li>Portad pipa f\u00f6r minskad rekyl<\/li>\n<li>Tritium-sikte fram f\u00f6r snabb m\u00e5lidentifiering<\/li>\n<li>Performance Center-justerad mekanism<\/li>\n<li>Dubbelaction och enkelaction<\/li>\n<li>Cylinder anpassad f\u00f6r moonclips (ing\u00e5r)<\/li>\n<\/ul>\n<p>586 L-COMP har en Performance Center-justerad mekanism. Den portade pipan minskar rekylen. Tritium-siktet fram underl\u00e4ttar m\u00e5lidentifiering i svagt ljus. Cylindern \u00e4r anpassad f\u00f6r moonclips, vilket m\u00f6jligg\u00f6r snabbare omladdning.<\/p>\n<h2>Specifikationer:<\/h2>\n<ul>\n<li>Kaliber: .357 Magnum<\/li>\n<li>Kapacitet: 7 skott<\/li>\n<li>Pipl\u00e4ngd: 3 tum<\/li>\n<li>Total l\u00e4ngd: 8 tum<\/li>\n<li>Vikt: 1026 gram<\/li>\n<li>Stommaterial: Kolst\u00e5l<\/li>\n<li>Pipmaterial: Kolst\u00e5l<\/li>\n<li>Finish: Svart<\/li>\n<li>Mekanism: Enkel\/Dubbelaction<\/li>\n<li>Sikte: Nattsikte<\/li>\n<\/ul>\n<p>586 L-COMP tillverkas av Smith &amp; Wessons vapensmeder enligt Performance Center\u00ae-standard.<\/p>\n<\/div>\n","protected":false},"excerpt":{"rendered":"<p>S&amp;W Performance Center 586 L-Comp: 7-skotts .357 Magnum-revolver med portad pipa, nattsikte och finjusterad mekanism.<\/p>\n","protected":false},"featured_media":248902,"template":"","meta":{"_acf_changed":false},"product_brand":[11834],"product_cat":[13010,13000],"product_tag":[],"class_list":{"0":"post-278491","1":"product","2":"type-product","3":"status-publish","4":"has-post-thumbnail","6":"product_brand-smith-and-wesson","7":"product_cat-pistol","8":"product_cat-pistoler","10":"first","11":"instock","12":"taxable","13":"shipping-taxable","14":"purchasable","15":"product-type-simple"},"acf":[],"_links":{"self":[{"href":"https:\/\/staging.nbg.eu\/sv\/wp-json\/wp\/v2\/product\/278491","targetHints":{"allow":["GET"]}}],"collection":[{"href":"https:\/\/staging.nbg.eu\/sv\/wp-json\/wp\/v2\/product"}],"about":[{"href":"https:\/\/staging.nbg.eu\/sv\/wp-json\/wp\/v2\/types\/product"}],"wp:featuredmedia":[{"embeddable":true,"href":"https:\/\/staging.nbg.eu\/sv\/wp-json\/wp\/v2\/media\/248902"}],"wp:attachment":[{"href":"https:\/\/staging.nbg.eu\/sv\/wp-json\/wp\/v2\/media?parent=278491"}],"wp:term":[{"taxonomy":"product_brand","embeddable":true,"href":"https:\/\/staging.nbg.eu\/sv\/wp-json\/wp\/v2\/product_brand?post=278491"},{"taxonomy":"product_cat","embeddable":true,"href":"https:\/\/staging.nbg.eu\/sv\/wp-json\/wp\/v2\/product_cat?post=278491"},{"taxonomy":"product_tag","embeddable":true,"href":"https:\/\/staging.nbg.eu\/sv\/wp-json\/wp\/v2\/product_tag?post=278491"}],"curies":[{"name":"wp","href":"https:\/\/api.w.org\/{rel}","templated":true}]}}