{"id":278340,"date":"2025-03-07T17:59:41","date_gmt":"2025-03-21T10:05:37","guid":{"rendered":"https:\/\/staging.nbg.eu\/product\/sellier-bellot-40sw-fmj-11-7g-180gr\/"},"modified":"2025-03-21T10:07:41","modified_gmt":"2025-03-21T10:07:41","slug":"sellier-bellot-40sw-fmj-117g-180gr","status":"publish","type":"product","link":"https:\/\/staging.nbg.eu\/sv\/produkt\/sellier-bellot-40sw-fmj-117g-180gr\/","title":{"rendered":"Sellier &#038; Bellot &#8211; 40S&#038;W FMJ &#8211; 11.7g \/ 180gr"},"content":{"rendered":"<p>Sellier &amp; Bellot 40S&amp;W Full Metal Jacket ammunition \u00e4r avsedd f\u00f6r m\u00e5lskytte och \u00f6vning. Varje patron har en 180-grain FMJ-kula, som ger j\u00e4mn prestanda och p\u00e5litlig matning i din .40 S&amp;W pistol.<\/p>\n<ul>\n<li>Kaliber: .40 S&amp;W<\/li>\n<li>Kulvikt: 180 grains (11,7g)<\/li>\n<li>Kultyp: Full Metal Jacket (FMJ)<\/li>\n<li>Mynningshastighet: 968 FPS<\/li>\n<li>Mynningsenergi: 400 ft-lbs<\/li>\n<li>Hylsa: M\u00e4ssing<\/li>\n<\/ul>\n<p>Denna ammunition kommer i askar om 50 patroner, med 20 askar per l\u00e5da. M\u00e4ssingshylsan s\u00e4kerst\u00e4ller j\u00e4mn funktion och m\u00f6jligg\u00f6r omladdning. Med en hastighet p\u00e5 940 fps erbjuder dessa patroner prestanda f\u00f6r m\u00e5lskytte och skjutbanetr\u00e4ning. Sellier &amp; Bellot tillverkar ammunition f\u00f6r din .40 S&amp;W pistol.<\/p>\n","protected":false},"excerpt":{"rendered":"<p>40 S&amp;W 180gr FMJ ammunition f\u00f6r plinking. M\u00e4ssingshylsa, 968 FPS, 50 skott\/l\u00e5da.<\/p>\n","protected":false},"featured_media":248759,"template":"","meta":{"_acf_changed":false},"product_brand":[],"product_cat":[13028,12998],"product_tag":[],"class_list":{"0":"post-278340","1":"product","2":"type-product","3":"status-publish","4":"has-post-thumbnail","6":"product_cat-ammunition","7":"product_cat-pistolammunition","9":"first","10":"instock","11":"taxable","12":"shipping-taxable","13":"purchasable","14":"product-type-simple"},"acf":[],"_links":{"self":[{"href":"https:\/\/staging.nbg.eu\/sv\/wp-json\/wp\/v2\/product\/278340","targetHints":{"allow":["GET"]}}],"collection":[{"href":"https:\/\/staging.nbg.eu\/sv\/wp-json\/wp\/v2\/product"}],"about":[{"href":"https:\/\/staging.nbg.eu\/sv\/wp-json\/wp\/v2\/types\/product"}],"wp:featuredmedia":[{"embeddable":true,"href":"https:\/\/staging.nbg.eu\/sv\/wp-json\/wp\/v2\/media\/248759"}],"wp:attachment":[{"href":"https:\/\/staging.nbg.eu\/sv\/wp-json\/wp\/v2\/media?parent=278340"}],"wp:term":[{"taxonomy":"product_brand","embeddable":true,"href":"https:\/\/staging.nbg.eu\/sv\/wp-json\/wp\/v2\/product_brand?post=278340"},{"taxonomy":"product_cat","embeddable":true,"href":"https:\/\/staging.nbg.eu\/sv\/wp-json\/wp\/v2\/product_cat?post=278340"},{"taxonomy":"product_tag","embeddable":true,"href":"https:\/\/staging.nbg.eu\/sv\/wp-json\/wp\/v2\/product_tag?post=278340"}],"curies":[{"name":"wp","href":"https:\/\/api.w.org\/{rel}","templated":true}]}}