{"id":278226,"date":"2025-03-07T10:00:31","date_gmt":"2025-03-21T09:44:52","guid":{"rendered":"https:\/\/staging.nbg.eu\/product\/hornady-6mm-arc-80gr-eld-vt\/"},"modified":"2025-03-21T09:46:52","modified_gmt":"2025-03-21T09:46:52","slug":"hornady-6mm-arc-80gr-eld-vt","status":"publish","type":"product","link":"https:\/\/staging.nbg.eu\/sv\/produkt\/hornady-6mm-arc-80gr-eld-vt\/","title":{"rendered":"Hornady &#8211; 6mm ARC 80gr. ELD-VT"},"content":{"rendered":"<div class=\"product-description\">\n<h2>Hornady &#8211; 6mm ARC 80gr. ELD-VT<\/h2>\n<p>Hornady&#8217;s 6mm ARC 80gr. ELD-VT ammunition \u00e4r avsedd f\u00f6r t\u00e4vlingsskyttar och j\u00e4gare av sm\u00e5vilt.<\/p>\n<h3>Egenskaper:<\/h3>\n<ul>\n<li><strong>Komponenter:<\/strong> Laddad med material f\u00f6r matchgrad noggrannhet.<\/li>\n<li><strong>Drivmedel:<\/strong> Temperaturstabilt f\u00f6r j\u00e4mn prestanda i olika v\u00e4der.<\/li>\n<li><strong>M\u00e5ngsidig:<\/strong> L\u00e4mplig f\u00f6r b\u00e5de t\u00e4vlingsskytte och jakt p\u00e5 sm\u00e5vilt.<\/li>\n<li><strong>Precision:<\/strong> Utformad f\u00f6r noggrannhet p\u00e5 olika avst\u00e5nd.<\/li>\n<\/ul>\n<p>Hornady&#8217;s 6mm ARC 80gr. ELD-VT \u00e4r designad f\u00f6r precision.<\/p>\n<\/div>\n","protected":false},"excerpt":{"rendered":"<p>Precisionsammunition i 6mm ARC. Matchklass-precision, konsekvent i alla temperaturer.<\/p>\n","protected":false},"featured_media":246064,"template":"","meta":{"_acf_changed":false},"product_brand":[11463],"product_cat":[13028,13065],"product_tag":[],"class_list":{"0":"post-278226","1":"product","2":"type-product","3":"status-publish","4":"has-post-thumbnail","6":"product_brand-hornady","7":"product_cat-ammunition","8":"product_cat-gevaersammunition","10":"first","11":"instock","12":"taxable","13":"shipping-taxable","14":"purchasable","15":"product-type-simple"},"acf":[],"_links":{"self":[{"href":"https:\/\/staging.nbg.eu\/sv\/wp-json\/wp\/v2\/product\/278226","targetHints":{"allow":["GET"]}}],"collection":[{"href":"https:\/\/staging.nbg.eu\/sv\/wp-json\/wp\/v2\/product"}],"about":[{"href":"https:\/\/staging.nbg.eu\/sv\/wp-json\/wp\/v2\/types\/product"}],"wp:featuredmedia":[{"embeddable":true,"href":"https:\/\/staging.nbg.eu\/sv\/wp-json\/wp\/v2\/media\/246064"}],"wp:attachment":[{"href":"https:\/\/staging.nbg.eu\/sv\/wp-json\/wp\/v2\/media?parent=278226"}],"wp:term":[{"taxonomy":"product_brand","embeddable":true,"href":"https:\/\/staging.nbg.eu\/sv\/wp-json\/wp\/v2\/product_brand?post=278226"},{"taxonomy":"product_cat","embeddable":true,"href":"https:\/\/staging.nbg.eu\/sv\/wp-json\/wp\/v2\/product_cat?post=278226"},{"taxonomy":"product_tag","embeddable":true,"href":"https:\/\/staging.nbg.eu\/sv\/wp-json\/wp\/v2\/product_tag?post=278226"}],"curies":[{"name":"wp","href":"https:\/\/api.w.org\/{rel}","templated":true}]}}