{"id":278074,"date":"2025-03-07T09:56:26","date_gmt":"2025-03-21T07:58:23","guid":{"rendered":"https:\/\/staging.nbg.eu\/product\/hornady-6mm-arc-103-gr-eld%e2%80%91x-precision-hunter\/"},"modified":"2025-03-21T08:00:25","modified_gmt":"2025-03-21T08:00:25","slug":"hornady-6mm-arc-103-gr-eldx-precision-hunter","status":"publish","type":"product","link":"https:\/\/staging.nbg.eu\/sv\/produkt\/hornady-6mm-arc-103-gr-eldx-precision-hunter\/","title":{"rendered":"Hornady &#8211; 6mm ARC 103 gr ELD\u2011X\u00ae Precision Hunter\u00ae"},"content":{"rendered":"<div class=\"product-description\">\n<h2>Hornady 6mm ARC 103 gr ELD\u2011X\u00ae Precision Hunter\u00ae<\/h2>\n<p>6mm ARC \u00e4r utformad f\u00f6r skyttar. Denna patron levererar:<\/p>\n<ul>\n<li>Precision och l\u00e5ngdistansprestanda<\/li>\n<li>L\u00e4mplig f\u00f6r jakt, t\u00e4vlingsskytte och personligt skydd<\/li>\n<li>Optimerad f\u00f6r AR-15-plattformar och korta bultgev\u00e4r<\/li>\n<li>H\u00f6g ballistisk koefficient f\u00f6r f\u00f6rb\u00e4ttrad slutprestanda<\/li>\n<li>Balanserad patron-, kammar- och drivmedelsdesign<\/li>\n<li>L\u00e5ng piplivsl\u00e4ngd<\/li>\n<\/ul>\n<p>6mm ARC kan anv\u00e4ndas f\u00f6r personligt f\u00f6rsvar och l\u00e5ngdistansjakt. Kompatibel med olika vapentillverkare, inklusive Barrett, Mossberg och Wilson Combat.<\/p>\n<\/div>\n","protected":false},"excerpt":{"rendered":"<p>M\u00e5ngsidig 6mm ARC f\u00f6r AR-15: Effektiva kulor med h\u00f6g ballistisk koefficient f\u00f6r precisionsjakt.<\/p>\n","protected":false},"featured_media":246039,"template":"","meta":{"_acf_changed":false},"product_brand":[11463],"product_cat":[13028,13065],"product_tag":[],"class_list":{"0":"post-278074","1":"product","2":"type-product","3":"status-publish","4":"has-post-thumbnail","6":"product_brand-hornady","7":"product_cat-ammunition","8":"product_cat-gevaersammunition","10":"first","11":"instock","12":"taxable","13":"shipping-taxable","14":"purchasable","15":"product-type-simple"},"acf":[],"_links":{"self":[{"href":"https:\/\/staging.nbg.eu\/sv\/wp-json\/wp\/v2\/product\/278074","targetHints":{"allow":["GET"]}}],"collection":[{"href":"https:\/\/staging.nbg.eu\/sv\/wp-json\/wp\/v2\/product"}],"about":[{"href":"https:\/\/staging.nbg.eu\/sv\/wp-json\/wp\/v2\/types\/product"}],"wp:featuredmedia":[{"embeddable":true,"href":"https:\/\/staging.nbg.eu\/sv\/wp-json\/wp\/v2\/media\/246039"}],"wp:attachment":[{"href":"https:\/\/staging.nbg.eu\/sv\/wp-json\/wp\/v2\/media?parent=278074"}],"wp:term":[{"taxonomy":"product_brand","embeddable":true,"href":"https:\/\/staging.nbg.eu\/sv\/wp-json\/wp\/v2\/product_brand?post=278074"},{"taxonomy":"product_cat","embeddable":true,"href":"https:\/\/staging.nbg.eu\/sv\/wp-json\/wp\/v2\/product_cat?post=278074"},{"taxonomy":"product_tag","embeddable":true,"href":"https:\/\/staging.nbg.eu\/sv\/wp-json\/wp\/v2\/product_tag?post=278074"}],"curies":[{"name":"wp","href":"https:\/\/api.w.org\/{rel}","templated":true}]}}