{"id":277722,"date":"2025-03-07T07:46:42","date_gmt":"2025-03-07T07:46:42","guid":{"rendered":"https:\/\/staging.nbg.eu\/product\/gun-oil-go-juice-4-oz\/"},"modified":"2025-03-21T07:16:54","modified_gmt":"2025-03-21T07:16:54","slug":"gun-oil-go-juice-4oz","status":"publish","type":"product","link":"https:\/\/staging.nbg.eu\/sv\/produkt\/gun-oil-go-juice-4oz\/","title":{"rendered":"Gun Oil Go Juice 4.oz"},"content":{"rendered":"<div class=\"product-description\">\n<h2>ALG Go-Juice\u00ae (GJ\u00ae) 120 ml flaska<\/h2>\n<p>ALG Go-Juice\u00ae \u00e4r ett biosyntetiskt sm\u00f6rjmedel f\u00f6r skjutvapen. Egenskaper inkluderar:<\/p>\n<ul>\n<li>Mer halkfri \u00e4n milit\u00e4r CLP<\/li>\n<li>Korrosionsbest\u00e4ndig<\/li>\n<li>L\u00e5ngtidsstabil<\/li>\n<li>Giftfri och hudv\u00e4nlig<\/li>\n<li>L\u00e4mplig f\u00f6r automatvapen och dolda b\u00e4rvapen<\/li>\n<\/ul>\n<p>Tillverkad av GMO-oljefr\u00f6n. Go-Juice\u00ae presterar bra i \u00e5ldrings- och saltspraytester. Detta icke-petroleumbaserade sm\u00f6rjmedel h\u00e5ller vapnet funktionellt under sv\u00e5ra f\u00f6rh\u00e5llanden.<\/p>\n<\/div>\n","protected":false},"excerpt":{"rendered":"<p>&#8221;Ultrasmidig, giftfri biosyntetisk vapenlubrikant f\u00f6r optimal prestanda.&#8221;<\/p>\n","protected":false},"featured_media":245946,"template":"","meta":{"_acf_changed":false},"product_brand":[11396],"product_cat":[13022,13034],"product_tag":[],"class_list":{"0":"post-277722","1":"product","2":"type-product","3":"status-publish","4":"has-post-thumbnail","6":"product_brand-geissele","7":"product_cat-smoerjmedel","8":"product_cat-vapenrengoering","10":"first","11":"instock","12":"taxable","13":"shipping-taxable","14":"purchasable","15":"product-type-simple"},"acf":[],"_links":{"self":[{"href":"https:\/\/staging.nbg.eu\/sv\/wp-json\/wp\/v2\/product\/277722","targetHints":{"allow":["GET"]}}],"collection":[{"href":"https:\/\/staging.nbg.eu\/sv\/wp-json\/wp\/v2\/product"}],"about":[{"href":"https:\/\/staging.nbg.eu\/sv\/wp-json\/wp\/v2\/types\/product"}],"wp:featuredmedia":[{"embeddable":true,"href":"https:\/\/staging.nbg.eu\/sv\/wp-json\/wp\/v2\/media\/245946"}],"wp:attachment":[{"href":"https:\/\/staging.nbg.eu\/sv\/wp-json\/wp\/v2\/media?parent=277722"}],"wp:term":[{"taxonomy":"product_brand","embeddable":true,"href":"https:\/\/staging.nbg.eu\/sv\/wp-json\/wp\/v2\/product_brand?post=277722"},{"taxonomy":"product_cat","embeddable":true,"href":"https:\/\/staging.nbg.eu\/sv\/wp-json\/wp\/v2\/product_cat?post=277722"},{"taxonomy":"product_tag","embeddable":true,"href":"https:\/\/staging.nbg.eu\/sv\/wp-json\/wp\/v2\/product_tag?post=277722"}],"curies":[{"name":"wp","href":"https:\/\/api.w.org\/{rel}","templated":true}]}}