{"id":276632,"date":"2025-03-03T19:46:03","date_gmt":"2025-03-03T19:46:03","guid":{"rendered":"https:\/\/staging.nbg.eu\/product\/daa-alpha-xip\/"},"modified":"2025-03-20T14:14:10","modified_gmt":"2025-03-20T14:14:10","slug":"daa-alpha-xip","status":"publish","type":"product","link":"https:\/\/staging.nbg.eu\/sv\/produkt\/daa-alpha-xip\/","title":{"rendered":"DAA Alpha-XiP"},"content":{"rendered":"<h2>DAA Alpha-XiP Magnetsats<\/h2>\n<p>Uppgradera din DAA Racer-ficka eller Alpha XiP med denna magnetsats. F\u00e4st en magnet p\u00e5 din ficka f\u00f6r snabb och s\u00e4ker montering.<\/p>\n<h3>Satsens inneh\u00e5ll:<\/h3>\n<ul>\n<li>DAA stor magnet<\/li>\n<li>Rostfri M5 10mm skruv<\/li>\n<li>M\u00e4ssing v\u00e4rmeinl\u00e4gg M5 mutter (6mm l\u00e5ng)<\/li>\n<\/ul>\n<h3>N\u00f6dv\u00e4ndiga verktyg:<\/h3>\n<ul>\n<li>Borrmaskin med 6,3-6,5mm borr<\/li>\n<li>L\u00f6dkolv<\/li>\n<li>Fil och sandpapper<\/li>\n<\/ul>\n<p>F\u00f6lj v\u00e5ra steg-f\u00f6r-steg monteringsanvisningar f\u00f6r att anpassa din ficka. Borra ett h\u00e5l, s\u00e4tt in v\u00e4rmemuttern och f\u00e4st magneten. Med denna sats kan du f\u00f6rb\u00e4ttra din fickas funktionalitet.<\/p>\n<p><strong>Obs:<\/strong> Montering kr\u00e4ver f\u00f6rsiktig hantering och t\u00e5lamod. Prioritera alltid s\u00e4kerhet under installationen.<\/p>\n","protected":false},"excerpt":{"rendered":"<p>DAA Alpha-XiP: Anpassningsbar magnetisk f\u00e4stsats f\u00f6r fickor<\/p>\n","protected":false},"featured_media":235868,"template":"","meta":{"_acf_changed":false},"product_brand":[11276],"product_cat":[13011,13020],"product_tag":[],"class_list":{"0":"post-276632","1":"product","2":"type-product","3":"status-publish","4":"has-post-thumbnail","6":"product_brand-doublealpha","7":"product_cat-fickor","8":"product_cat-utrustning","10":"first","11":"instock","12":"taxable","13":"shipping-taxable","14":"purchasable","15":"product-type-simple"},"acf":[],"_links":{"self":[{"href":"https:\/\/staging.nbg.eu\/sv\/wp-json\/wp\/v2\/product\/276632","targetHints":{"allow":["GET"]}}],"collection":[{"href":"https:\/\/staging.nbg.eu\/sv\/wp-json\/wp\/v2\/product"}],"about":[{"href":"https:\/\/staging.nbg.eu\/sv\/wp-json\/wp\/v2\/types\/product"}],"wp:featuredmedia":[{"embeddable":true,"href":"https:\/\/staging.nbg.eu\/sv\/wp-json\/wp\/v2\/media\/235868"}],"wp:attachment":[{"href":"https:\/\/staging.nbg.eu\/sv\/wp-json\/wp\/v2\/media?parent=276632"}],"wp:term":[{"taxonomy":"product_brand","embeddable":true,"href":"https:\/\/staging.nbg.eu\/sv\/wp-json\/wp\/v2\/product_brand?post=276632"},{"taxonomy":"product_cat","embeddable":true,"href":"https:\/\/staging.nbg.eu\/sv\/wp-json\/wp\/v2\/product_cat?post=276632"},{"taxonomy":"product_tag","embeddable":true,"href":"https:\/\/staging.nbg.eu\/sv\/wp-json\/wp\/v2\/product_tag?post=276632"}],"curies":[{"name":"wp","href":"https:\/\/api.w.org\/{rel}","templated":true}]}}