{"id":276263,"date":"2025-03-07T07:40:34","date_gmt":"2025-03-20T13:41:44","guid":{"rendered":"https:\/\/staging.nbg.eu\/product\/silicone-gel-pads-for-3m-peltor\/"},"modified":"2025-03-20T13:43:43","modified_gmt":"2025-03-20T13:43:43","slug":"silikongel-kuddar-foer-3m-peltor","status":"publish","type":"product","link":"https:\/\/staging.nbg.eu\/sv\/produkt\/silikongel-kuddar-foer-3m-peltor\/","title":{"rendered":"Silikongel Kuddar f\u00f6r 3M Peltor"},"content":{"rendered":"<div class=\"product-description\">\n<h2>Silikongelkuddar f\u00f6r 3M Peltor<\/h2>\n<p>Ers\u00e4ttningskuddar av silikongel f\u00f6r 3M Peltor h\u00f6rselskydd. Dessa kuddar \u00e4r kompatibla med olika Peltor-modeller, inklusive Sportac, WS Sportac, Protac III och X4A passiv.<\/p>\n<ul>\n<li>Enkel installation: Klicka p\u00e5 plats, inga modifieringar kr\u00e4vs<\/li>\n<li>Komfort: Gelkuddar anpassar sig till huvudformen<\/li>\n<li>F\u00f6rb\u00e4ttrad t\u00e4tning: Skapar en t\u00e4t barri\u00e4r runt glas\u00f6gonb\u00e5gar<\/li>\n<li>H\u00e5llbar konstruktion: Ultraljudssvetsad montering<\/li>\n<li>M\u00e5ngsidig kompatibilitet: Passar de flesta Peltor h\u00f6rselskyddsmodeller<\/li>\n<\/ul>\n<p>Dessa silikongelkuddar \u00e4r l\u00e4mpliga f\u00f6r l\u00e5ngvarig anv\u00e4ndning och h\u00f6rselskydd.<\/p>\n<\/div>\n","protected":false},"excerpt":{"rendered":"<p>Bekv\u00e4ma, l\u00e4ttmonterade geldynor f\u00f6r 3M Peltor h\u00f6rselskydd.<\/p>\n","protected":false},"featured_media":245738,"template":"","meta":{"_acf_changed":false},"product_brand":[11021],"product_cat":[13015,13020],"product_tag":[],"class_list":{"0":"post-276263","1":"product","2":"type-product","3":"status-publish","4":"has-post-thumbnail","6":"product_brand-3m","7":"product_cat-hoerselskydd","8":"product_cat-utrustning","10":"first","11":"instock","12":"taxable","13":"shipping-taxable","14":"purchasable","15":"product-type-simple"},"acf":[],"_links":{"self":[{"href":"https:\/\/staging.nbg.eu\/sv\/wp-json\/wp\/v2\/product\/276263","targetHints":{"allow":["GET"]}}],"collection":[{"href":"https:\/\/staging.nbg.eu\/sv\/wp-json\/wp\/v2\/product"}],"about":[{"href":"https:\/\/staging.nbg.eu\/sv\/wp-json\/wp\/v2\/types\/product"}],"wp:featuredmedia":[{"embeddable":true,"href":"https:\/\/staging.nbg.eu\/sv\/wp-json\/wp\/v2\/media\/245738"}],"wp:attachment":[{"href":"https:\/\/staging.nbg.eu\/sv\/wp-json\/wp\/v2\/media?parent=276263"}],"wp:term":[{"taxonomy":"product_brand","embeddable":true,"href":"https:\/\/staging.nbg.eu\/sv\/wp-json\/wp\/v2\/product_brand?post=276263"},{"taxonomy":"product_cat","embeddable":true,"href":"https:\/\/staging.nbg.eu\/sv\/wp-json\/wp\/v2\/product_cat?post=276263"},{"taxonomy":"product_tag","embeddable":true,"href":"https:\/\/staging.nbg.eu\/sv\/wp-json\/wp\/v2\/product_tag?post=276263"}],"curies":[{"name":"wp","href":"https:\/\/api.w.org\/{rel}","templated":true}]}}