{"id":276119,"date":"2025-03-02T17:08:39","date_gmt":"2025-03-02T17:08:39","guid":{"rendered":"https:\/\/staging.nbg.eu\/product\/bore-tech-decimator-suppressor-cleaner\/"},"modified":"2025-03-20T13:32:30","modified_gmt":"2025-03-20T13:32:30","slug":"bore-tech-decimator-ljuddaemparrengoering","status":"publish","type":"product","link":"https:\/\/staging.nbg.eu\/sv\/produkt\/bore-tech-decimator-ljuddaemparrengoering\/","title":{"rendered":"Bore Tech Decimator Ljudd\u00e4mparreng\u00f6ring"},"content":{"rendered":"<div class=\"product-description\">\n<h2>Bore Tech Decimator Ljudd\u00e4mparreng\u00f6ring<\/h2>\n<p>Bore Techs Decimator Ljudd\u00e4mparreng\u00f6ring \u00e4r en tv\u00e5delad formula designad f\u00f6r att reng\u00f6ra extrem nedsmutsning i b\u00e5de kantant\u00e4ndnings- och centralant\u00e4ndningsljudd\u00e4mpare.<\/p>\n<ul>\n<li>S\u00e4ker f\u00f6r ljudd\u00e4mpare<\/li>\n<li>Icke-farlig och ammoniakfri<\/li>\n<li>Luktfri och biologiskt nedbrytbar<\/li>\n<li>S\u00e4ker f\u00f6r aluminium, rostfritt st\u00e5l, titan och olika legeringar<\/li>\n<\/ul>\n<p>Del A riktar in sig p\u00e5 kol- och blyavlagringar, medan del B fokuserar p\u00e5 kopparavlagringar. N\u00e4r den anv\u00e4nds med Decimator Ljudd\u00e4mparreng\u00f6ringssystem, reng\u00f6r den ljudd\u00e4mpare, mynningsbroms, snabbkopplingar och flamd\u00e4mpare.<\/p>\n<p>Bore Tech Decimator Ljudd\u00e4mparreng\u00f6ring underh\u00e5ller ljudd\u00e4mpare.<\/p>\n<\/div>\n","protected":false},"excerpt":{"rendered":"<p>Effektiv, s\u00e4ker ljudd\u00e4mparreng\u00f6ring f\u00f6r borttagning av extrem nedsmutsning.<\/p>\n","protected":false},"featured_media":235260,"template":"","meta":{"_acf_changed":false},"product_brand":[],"product_cat":[13069,13034],"product_tag":[],"class_list":{"0":"post-276119","1":"product","2":"type-product","3":"status-publish","4":"has-post-thumbnail","6":"product_cat-okategoriserad","7":"product_cat-vapenrengoering","9":"first","10":"instock","11":"taxable","12":"shipping-taxable","13":"purchasable","14":"product-type-simple"},"acf":[],"_links":{"self":[{"href":"https:\/\/staging.nbg.eu\/sv\/wp-json\/wp\/v2\/product\/276119","targetHints":{"allow":["GET"]}}],"collection":[{"href":"https:\/\/staging.nbg.eu\/sv\/wp-json\/wp\/v2\/product"}],"about":[{"href":"https:\/\/staging.nbg.eu\/sv\/wp-json\/wp\/v2\/types\/product"}],"wp:featuredmedia":[{"embeddable":true,"href":"https:\/\/staging.nbg.eu\/sv\/wp-json\/wp\/v2\/media\/235260"}],"wp:attachment":[{"href":"https:\/\/staging.nbg.eu\/sv\/wp-json\/wp\/v2\/media?parent=276119"}],"wp:term":[{"taxonomy":"product_brand","embeddable":true,"href":"https:\/\/staging.nbg.eu\/sv\/wp-json\/wp\/v2\/product_brand?post=276119"},{"taxonomy":"product_cat","embeddable":true,"href":"https:\/\/staging.nbg.eu\/sv\/wp-json\/wp\/v2\/product_cat?post=276119"},{"taxonomy":"product_tag","embeddable":true,"href":"https:\/\/staging.nbg.eu\/sv\/wp-json\/wp\/v2\/product_tag?post=276119"}],"curies":[{"name":"wp","href":"https:\/\/api.w.org\/{rel}","templated":true}]}}