{"id":275720,"date":"2025-03-07T18:52:50","date_gmt":"2025-03-20T12:41:58","guid":{"rendered":"https:\/\/staging.nbg.eu\/product\/vortex-defender-xl-micro-red-dot\/"},"modified":"2025-03-20T12:44:03","modified_gmt":"2025-03-20T12:44:03","slug":"vortex-defender-xl-micro-roedpunktsikte","status":"publish","type":"product","link":"https:\/\/staging.nbg.eu\/sv\/produkt\/vortex-defender-xl-micro-roedpunktsikte\/","title":{"rendered":"Vortex &#8211; Defender-XL\u2122 &#8211; Micro R\u00f6dpunktsikte"},"content":{"rendered":"<div class=\"product-description\">\n<h2>Vortex &#8211; Defender-XL\u2122 &#8211; Mikro R\u00f6dpunktsikte<\/h2>\n<p>Vortex Defender-XL\u2122 \u00e4r ett mikro r\u00f6dpunktsikte f\u00f6r t\u00e4vlingsskytte. Detta sikte har ett stort siktf\u00f6nster som ger b\u00e4ttre perifert synf\u00e4lt och \u00f6kad hastighet f\u00f6r uppf\u00f6ljningsskott.<\/p>\n<h2>Huvudfunktioner:<\/h2>\n<ul>\n<li><strong>5 MOA r\u00f6d prick:<\/strong> Synlig i alla ljusf\u00f6rh\u00e5llanden<\/li>\n<li><strong>10 ljusinst\u00e4llningar:<\/strong> 8 f\u00f6r dagsljus och 2 f\u00f6r m\u00f6rkerseende<\/li>\n<li><strong>Stort siktf\u00f6nster:<\/strong> Snabb m\u00e5lidentifiering och brett synf\u00e4lt<\/li>\n<li><strong>Asf\u00e4risk lins:<\/strong> Distorsionsfri bild med naturliga f\u00e4rger<\/li>\n<li><strong>ShockShield\u2122 polymerinl\u00e4gg:<\/strong> Skydd mot dagligt slitage<\/li>\n<li><strong>Fast-Rack\u2122 textur:<\/strong> Textur f\u00f6r enkel slutstycksman\u00f6vrering<\/li>\n<li><strong>R\u00f6relseaktivering:<\/strong> Automatisk p\u00e5-funktion med 10 minuters avst\u00e4ngning f\u00f6r batteribesparing<\/li>\n<li><strong>Knappl\u00e5s:<\/strong> F\u00f6rhindrar oavsiktlig ljusjustering<\/li>\n<li><strong>Batteribyte ovanifr\u00e5n:<\/strong> Enkelt batteribyte utan omjustering<\/li>\n<\/ul>\n<h2>Tekniska specifikationer:<\/h2>\n<ul>\n<li>Monteringsf\u00e4ste: DeltaPoint\u00ae Pro<\/li>\n<li>Monteringstyp: Picatinny<\/li>\n<li>F\u00f6rstoring: 1x<\/li>\n<li>Batterityp: CR2032<\/li>\n<li>Batteritid: 25 000 timmar<\/li>\n<li>Justeringsgradering: 1 MOA<\/li>\n<li>Max h\u00f6jdjustering: 120 MOA<\/li>\n<li>Max sidojustering: 115 MOA<\/li>\n<li>L\u00e4ngd: 5,08 cm<\/li>\n<li>Vikt: 54,7 g<\/li>\n<\/ul>\n<h2>H\u00e5llbarhet och prestanda:<\/h2>\n<ul>\n<li>Vattent\u00e4t: O-ringst\u00e4tningar f\u00f6r tillf\u00f6rlitlig prestanda i alla milj\u00f6er<\/li>\n<li>Imfri: Konstruerad f\u00f6r att t\u00e5la olika temperaturer<\/li>\n<li>St\u00f6tt\u00e5lig: Robust konstruktion f\u00f6r att t\u00e5la rekyl och st\u00f6tar<\/li>\n<li>Matt svart anodiserad yta: Korrosions- och slitaget\u00e5lig finish<\/li>\n<li>Chassi i ett stycke: Kompakt och l\u00e4tt design<\/li>\n<li>Parallaxfri: F\u00f6rsumbar parallax f\u00f6r f\u00f6rb\u00e4ttrad precision<\/li>\n<li>Obegr\u00e4nsat \u00f6gonavst\u00e5nd: Icke-kritiskt \u00f6gonavst\u00e5nd f\u00f6r snabb m\u00e5lidentifiering<\/li>\n<\/ul>\n<p>Vortex Defender-XL\u2122 Mikro R\u00f6dpunktsikte \u00e4r konstruerat f\u00f6r t\u00e4vlingsskytte. Det har en robust konstruktion, avancerade funktioner och precisionsprestanda.<\/p>\n<\/div>\n","protected":false},"excerpt":{"rendered":"<p>Robust, kompakt r\u00f6dpunktsikte med stort f\u00f6nster f\u00f6r snabb m\u00e5lidentifiering. 5 MOA prick, 10 ljusstyrkeniv\u00e5er.<\/p>\n","protected":false},"featured_media":249124,"template":"","meta":{"_acf_changed":false},"product_brand":[11967],"product_cat":[13063,13010,13009,13030,13029],"product_tag":[],"class_list":{"0":"post-275720","1":"product","2":"type-product","3":"status-publish","4":"has-post-thumbnail","6":"product_brand-vortex","7":"product_cat-gevaerssikten","8":"product_cat-pistol","9":"product_cat-pistolroedpunkter","10":"product_cat-roedpunktsikten","11":"product_cat-siktning","13":"first","14":"instock","15":"sale","16":"taxable","17":"shipping-taxable","18":"purchasable","19":"product-type-variable","20":"wvs-archive-product-wrapper"},"acf":[],"_links":{"self":[{"href":"https:\/\/staging.nbg.eu\/sv\/wp-json\/wp\/v2\/product\/275720","targetHints":{"allow":["GET"]}}],"collection":[{"href":"https:\/\/staging.nbg.eu\/sv\/wp-json\/wp\/v2\/product"}],"about":[{"href":"https:\/\/staging.nbg.eu\/sv\/wp-json\/wp\/v2\/types\/product"}],"wp:featuredmedia":[{"embeddable":true,"href":"https:\/\/staging.nbg.eu\/sv\/wp-json\/wp\/v2\/media\/249124"}],"wp:attachment":[{"href":"https:\/\/staging.nbg.eu\/sv\/wp-json\/wp\/v2\/media?parent=275720"}],"wp:term":[{"taxonomy":"product_brand","embeddable":true,"href":"https:\/\/staging.nbg.eu\/sv\/wp-json\/wp\/v2\/product_brand?post=275720"},{"taxonomy":"product_cat","embeddable":true,"href":"https:\/\/staging.nbg.eu\/sv\/wp-json\/wp\/v2\/product_cat?post=275720"},{"taxonomy":"product_tag","embeddable":true,"href":"https:\/\/staging.nbg.eu\/sv\/wp-json\/wp\/v2\/product_tag?post=275720"}],"curies":[{"name":"wp","href":"https:\/\/api.w.org\/{rel}","templated":true}]}}