{"id":275170,"date":"2025-03-03T12:58:09","date_gmt":"2025-03-03T12:58:09","guid":{"rendered":"https:\/\/staging.nbg.eu\/product\/bore-tech-extreme-grease-hd-10ml\/"},"modified":"2025-03-20T11:02:03","modified_gmt":"2025-03-20T11:02:03","slug":"bore-tech-extreme-grease-hd-10ml","status":"publish","type":"product","link":"https:\/\/staging.nbg.eu\/sv\/produkt\/bore-tech-extreme-grease-hd-10ml\/","title":{"rendered":"Bore tech EXTREME GREASE HD 10ml"},"content":{"rendered":"<h2>Bore Tech EXTREME GREASE HD 10ml<\/h2>\n<p>Bore Tech&#8217;s EXTREME GREASE HD \u00e4r ett syntetiskt sm\u00f6rjmedel f\u00f6r skjutvapen.<\/p>\n<ul>\n<li>Drifttemperaturomr\u00e5de: -65\u00b0C till +371\u00b0C<\/li>\n<li>Ut\u00f6kat temperaturomr\u00e5de: upp till 1093\u00b0C<\/li>\n<li>Icke-klibbande, icke-rinnande formula<\/li>\n<li>Sm\u00f6rjning och skavningsf\u00f6rebyggande<\/li>\n<li>L\u00e4gre friktionskoefficient<\/li>\n<li>Rostinhibitorer<\/li>\n<li>Nanokeramiska temperatursm\u00f6rjmedel<\/li>\n<\/ul>\n<p>L\u00e4mplig f\u00f6r anv\u00e4ndning p\u00e5 l\u00e5sklackar, stommens r\u00e4ls, g\u00e5ngj\u00e4rnsstift och kammekanismer. F\u00f6r smidig drift, f\u00f6rl\u00e4ngd livsl\u00e4ngd p\u00e5 delar och prestanda under extrema f\u00f6rh\u00e5llanden.<\/p>\n<p>10cc plastr\u00f6r med doseringsspets och skruvlock f\u00f6r enkel applicering.<\/p>\n","protected":false},"excerpt":{"rendered":"<p>Ultra-klibbigt syntetiskt vapenfett f\u00f6r extrema f\u00f6rh\u00e5llanden (-65\u00b0C till 371\u00b0C)<\/p>\n","protected":false},"featured_media":235486,"template":"","meta":{"_acf_changed":false},"product_brand":[11162],"product_cat":[13022,13034],"product_tag":[],"class_list":{"0":"post-275170","1":"product","2":"type-product","3":"status-publish","4":"has-post-thumbnail","6":"product_brand-boretech","7":"product_cat-smoerjmedel","8":"product_cat-vapenrengoering","10":"first","11":"outofstock","12":"taxable","13":"shipping-taxable","14":"purchasable","15":"product-type-simple"},"acf":[],"_links":{"self":[{"href":"https:\/\/staging.nbg.eu\/sv\/wp-json\/wp\/v2\/product\/275170","targetHints":{"allow":["GET"]}}],"collection":[{"href":"https:\/\/staging.nbg.eu\/sv\/wp-json\/wp\/v2\/product"}],"about":[{"href":"https:\/\/staging.nbg.eu\/sv\/wp-json\/wp\/v2\/types\/product"}],"wp:featuredmedia":[{"embeddable":true,"href":"https:\/\/staging.nbg.eu\/sv\/wp-json\/wp\/v2\/media\/235486"}],"wp:attachment":[{"href":"https:\/\/staging.nbg.eu\/sv\/wp-json\/wp\/v2\/media?parent=275170"}],"wp:term":[{"taxonomy":"product_brand","embeddable":true,"href":"https:\/\/staging.nbg.eu\/sv\/wp-json\/wp\/v2\/product_brand?post=275170"},{"taxonomy":"product_cat","embeddable":true,"href":"https:\/\/staging.nbg.eu\/sv\/wp-json\/wp\/v2\/product_cat?post=275170"},{"taxonomy":"product_tag","embeddable":true,"href":"https:\/\/staging.nbg.eu\/sv\/wp-json\/wp\/v2\/product_tag?post=275170"}],"curies":[{"name":"wp","href":"https:\/\/api.w.org\/{rel}","templated":true}]}}