{"id":275032,"date":"2025-03-03T19:13:19","date_gmt":"2025-03-20T10:49:59","guid":{"rendered":"https:\/\/staging.nbg.eu\/product\/bore-tech-patch-guide\/"},"modified":"2025-03-20T10:51:59","modified_gmt":"2025-03-20T10:51:59","slug":"bore-tech-lappguide","status":"publish","type":"product","link":"https:\/\/staging.nbg.eu\/sv\/produkt\/bore-tech-lappguide\/","title":{"rendered":"Bore Tech Lappguide"},"content":{"rendered":"<h2>Bore Tech AR-15\/AR-10 Patchguide<\/h2>\n<p>Bore Tech Patchguide \u00e4r ett patenterat system f\u00f6r att f\u00e4sta reng\u00f6ringslappar utan att anv\u00e4nda h\u00e4nderna. Det f\u00f6renklar reng\u00f6ringsprocessen.<\/p>\n<ul>\n<li>CNC-fr\u00e4sta aluminiumkomponenter<\/li>\n<li>Anodiserad yta f\u00f6r h\u00e5llbarhet<\/li>\n<li>Riktar in putsst\u00e5ngen med gev\u00e4rets lopp<\/li>\n<li>F\u00f6rhindrar skador p\u00e5 l\u00e5sklackar och kammarkanter<\/li>\n<li>Utbytbara, l\u00f6sningsmedelsbest\u00e4ndiga frontadaptrar<\/li>\n<li>Tillg\u00e4nglig f\u00f6r olika AR-15 och AR-10 kalibrar<\/li>\n<\/ul>\n<p>F\u00f6renklar reng\u00f6ring och skyddar ditt gev\u00e4r och putsst\u00e5ng. Bore Tech Patchguide \u00e4r ett verktyg f\u00f6r vapen\u00e4gare. Tillverkad i USA.<\/p>\n<p><strong>V\u00e4lj Bore Tech.<\/strong><\/p>\n","protected":false},"excerpt":{"rendered":"<p>Enkel, smutsfri reng\u00f6ring av AR-15\/AR-10 med handsfri fasts\u00e4ttning av reng\u00f6ringslappar.<\/p>\n","protected":false},"featured_media":235539,"template":"","meta":{"_acf_changed":false},"product_brand":[11162],"product_cat":[13060,13018,13034],"product_tag":[],"class_list":{"0":"post-275032","1":"product","2":"type-product","3":"status-publish","4":"has-post-thumbnail","6":"product_brand-boretech","7":"product_cat-rengoeringslappar","8":"product_cat-rengoeringslappar-och-lappverktyg","9":"product_cat-vapenrengoering","10":"pa_model-ar-10-sv","11":"pa_model-ar-15-sv","13":"first","14":"instock","15":"taxable","16":"shipping-taxable","17":"purchasable","18":"product-type-variable","19":"wvs-archive-product-wrapper"},"acf":[],"_links":{"self":[{"href":"https:\/\/staging.nbg.eu\/sv\/wp-json\/wp\/v2\/product\/275032","targetHints":{"allow":["GET"]}}],"collection":[{"href":"https:\/\/staging.nbg.eu\/sv\/wp-json\/wp\/v2\/product"}],"about":[{"href":"https:\/\/staging.nbg.eu\/sv\/wp-json\/wp\/v2\/types\/product"}],"wp:featuredmedia":[{"embeddable":true,"href":"https:\/\/staging.nbg.eu\/sv\/wp-json\/wp\/v2\/media\/235539"}],"wp:attachment":[{"href":"https:\/\/staging.nbg.eu\/sv\/wp-json\/wp\/v2\/media?parent=275032"}],"wp:term":[{"taxonomy":"product_brand","embeddable":true,"href":"https:\/\/staging.nbg.eu\/sv\/wp-json\/wp\/v2\/product_brand?post=275032"},{"taxonomy":"product_cat","embeddable":true,"href":"https:\/\/staging.nbg.eu\/sv\/wp-json\/wp\/v2\/product_cat?post=275032"},{"taxonomy":"product_tag","embeddable":true,"href":"https:\/\/staging.nbg.eu\/sv\/wp-json\/wp\/v2\/product_tag?post=275032"}],"curies":[{"name":"wp","href":"https:\/\/api.w.org\/{rel}","templated":true}]}}