{"id":274831,"date":"2025-03-03T19:50:37","date_gmt":"2025-03-03T19:50:37","guid":{"rendered":"https:\/\/staging.nbg.eu\/product\/daa-dry-fire-target-set-metric-uspsa\/"},"modified":"2025-03-20T10:18:50","modified_gmt":"2025-03-20T10:18:50","slug":"daa-torrskjutnings-maltavleset-metric-uspsa","status":"publish","type":"product","link":"https:\/\/staging.nbg.eu\/sv\/produkt\/daa-torrskjutnings-maltavleset-metric-uspsa\/","title":{"rendered":"DAA Torrskjutnings M\u00e5ltavleset (Metric &#8211; USPSA)"},"content":{"rendered":"<div class=\"product-description\">\n<h2>DAA Torrskytte-m\u00e5lsats (Metrisk &#8211; USPSA)<\/h2>\n<p>Denna m\u00e5lsats inneh\u00e5ller 17 nedskalade USPSA-m\u00e5l i metriska m\u00e5tt f\u00f6r inomhustr\u00e4ning.<\/p>\n<ul>\n<li>Laserskurna fr\u00e5n 3 mm tr\u00e4plattor<\/li>\n<li>Simulerar m\u00e5l p\u00e5 15, 20 och 30 meter n\u00e4r de placeras 2,5-3 meter bort<\/li>\n<li>Tre storlekar: 32% (24 cm), 20% (15 cm) och 12% (9 cm) av fullstora m\u00e5l<\/li>\n<li>Inkluderar delm\u00e5l f\u00f6r olika tr\u00e4ningsscenarier<\/li>\n<li>Upph\u00e4ngningsh\u00e5l f\u00f6r enkel upps\u00e4ttning<\/li>\n<\/ul>\n<p>Anv\u00e4nd f\u00f6r torrskytte-tr\u00e4ning och f\u00f6r att \u00f6va avtryckskontroll. Tr\u00e4na hemma med denna m\u00e5lsats.<\/p>\n<\/div>\n","protected":false},"excerpt":{"rendered":"<p>Realistiska, skalenliga USPSA-m\u00e5l f\u00f6r effektiv torr\u00f6vning hemma.<\/p>\n","protected":false},"featured_media":235985,"template":"","meta":{"_acf_changed":false},"product_brand":[11276],"product_cat":[13051,13026],"product_tag":[],"class_list":{"0":"post-274831","1":"product","2":"type-product","3":"status-publish","4":"has-post-thumbnail","6":"product_brand-doublealpha","7":"product_cat-mal","8":"product_cat-papperskavlar","10":"first","11":"outofstock","12":"taxable","13":"shipping-taxable","14":"purchasable","15":"product-type-simple"},"acf":[],"_links":{"self":[{"href":"https:\/\/staging.nbg.eu\/sv\/wp-json\/wp\/v2\/product\/274831","targetHints":{"allow":["GET"]}}],"collection":[{"href":"https:\/\/staging.nbg.eu\/sv\/wp-json\/wp\/v2\/product"}],"about":[{"href":"https:\/\/staging.nbg.eu\/sv\/wp-json\/wp\/v2\/types\/product"}],"wp:featuredmedia":[{"embeddable":true,"href":"https:\/\/staging.nbg.eu\/sv\/wp-json\/wp\/v2\/media\/235985"}],"wp:attachment":[{"href":"https:\/\/staging.nbg.eu\/sv\/wp-json\/wp\/v2\/media?parent=274831"}],"wp:term":[{"taxonomy":"product_brand","embeddable":true,"href":"https:\/\/staging.nbg.eu\/sv\/wp-json\/wp\/v2\/product_brand?post=274831"},{"taxonomy":"product_cat","embeddable":true,"href":"https:\/\/staging.nbg.eu\/sv\/wp-json\/wp\/v2\/product_cat?post=274831"},{"taxonomy":"product_tag","embeddable":true,"href":"https:\/\/staging.nbg.eu\/sv\/wp-json\/wp\/v2\/product_tag?post=274831"}],"curies":[{"name":"wp","href":"https:\/\/api.w.org\/{rel}","templated":true}]}}