{"id":274694,"date":"2025-03-06T20:28:07","date_gmt":"2025-03-20T10:02:00","guid":{"rendered":"https:\/\/staging.nbg.eu\/product\/3m-peltor-protac-iii-slim-headset\/"},"modified":"2025-03-20T10:04:07","modified_gmt":"2025-03-20T10:04:07","slug":"3m-peltor-protac-iii-slim-hoerselskydd","status":"publish","type":"product","link":"https:\/\/staging.nbg.eu\/sv\/produkt\/3m-peltor-protac-iii-slim-hoerselskydd\/","title":{"rendered":"3M PELTOR ProTac III Slim H\u00f6rselskydd"},"content":{"rendered":"<div class=\"product-description\">\n<h2>3M\u2122 PELTOR\u2122 ProTac III Slim Headset<\/h2>\n<p>ProTac III Slim Headset erbjuder h\u00f6rselskydd. Detta headset har:<\/p>\n<ul>\n<li>23dB bullerd\u00e4mpning (NRR)<\/li>\n<li>Milj\u00f6mikrofoner f\u00f6r niv\u00e5beroende h\u00f6rselskydd<\/li>\n<li>M\u00f6jlighet att h\u00f6ra omgivningen<\/li>\n<li>Teknik som begr\u00e4nsar h\u00f6gtalarvolymen till 82 dBA<\/li>\n<li>3,5mm ing\u00e5ng f\u00f6r externa enheter (mobiltelefoner, kommunikationsradio, iPods)<\/li>\n<\/ul>\n<p>Egenskaper:<\/p>\n<ul>\n<li>Svart design<\/li>\n<li>Huvudband<\/li>\n<li>Tr\u00e5dbunden anslutning<\/li>\n<\/ul>\n<p>F\u00f6r yrkesverksamma som beh\u00f6ver kommunikationsm\u00f6jligheter och h\u00f6rselskydd.<\/p>\n<\/div>\n","protected":false},"excerpt":{"rendered":"<p>Smart h\u00f6rselskydd med omgivningslyssning och enhetskonnektivitet.<\/p>\n","protected":false},"featured_media":245690,"template":"","meta":{"_acf_changed":false},"product_brand":[11021],"product_cat":[13015,13020],"product_tag":[],"class_list":{"0":"post-274694","1":"product","2":"type-product","3":"status-publish","4":"has-post-thumbnail","6":"product_brand-3m","7":"product_cat-hoerselskydd","8":"product_cat-utrustning","10":"first","11":"instock","12":"taxable","13":"shipping-taxable","14":"purchasable","15":"product-type-simple"},"acf":[],"_links":{"self":[{"href":"https:\/\/staging.nbg.eu\/sv\/wp-json\/wp\/v2\/product\/274694","targetHints":{"allow":["GET"]}}],"collection":[{"href":"https:\/\/staging.nbg.eu\/sv\/wp-json\/wp\/v2\/product"}],"about":[{"href":"https:\/\/staging.nbg.eu\/sv\/wp-json\/wp\/v2\/types\/product"}],"wp:featuredmedia":[{"embeddable":true,"href":"https:\/\/staging.nbg.eu\/sv\/wp-json\/wp\/v2\/media\/245690"}],"wp:attachment":[{"href":"https:\/\/staging.nbg.eu\/sv\/wp-json\/wp\/v2\/media?parent=274694"}],"wp:term":[{"taxonomy":"product_brand","embeddable":true,"href":"https:\/\/staging.nbg.eu\/sv\/wp-json\/wp\/v2\/product_brand?post=274694"},{"taxonomy":"product_cat","embeddable":true,"href":"https:\/\/staging.nbg.eu\/sv\/wp-json\/wp\/v2\/product_cat?post=274694"},{"taxonomy":"product_tag","embeddable":true,"href":"https:\/\/staging.nbg.eu\/sv\/wp-json\/wp\/v2\/product_tag?post=274694"}],"curies":[{"name":"wp","href":"https:\/\/api.w.org\/{rel}","templated":true}]}}