{"id":236105,"date":"2025-03-03T20:03:09","date_gmt":"2025-03-03T20:03:09","guid":{"rendered":"https:\/\/staging.nbg.eu\/?post_type=product&#038;p=236105"},"modified":"2025-09-30T13:43:41","modified_gmt":"2025-09-30T10:43:41","slug":"grips-kmr-s-modulaert-sandpapper-silver","status":"publish","type":"product","link":"https:\/\/staging.nbg.eu\/sv\/produkt\/grips-kmr-s-modulaert-sandpapper-silver\/","title":{"rendered":"GRIPS KMR S Modul\u00e4rt Sandpapper Silver"},"content":{"rendered":"<h2>GRIPS KMR S Modul\u00e4rt Sandpapper &#8211; Svart<\/h2>\n<p>Sandpappersgrepp f\u00f6r KMR S-02 pistol. Tillverkade av anodiserad duralumin, dessa l\u00e5nga grepp erbjuder bra hantering och komfort.<\/p>\n<h2>Egenskaper:<\/h2>\n<ul>\n<li>Passar KMR S-02 .22 LR modeller<\/li>\n<li>Anodiserad duralumin konstruktion<\/li>\n<li>Utformad f\u00f6r anv\u00e4ndning utan magasinsstyrning<\/li>\n<li>Inkluderar torx-skruvar f\u00f6r installation<\/li>\n<li>Svart finish med KMR logotyp<\/li>\n<\/ul>\n<p>Obs: Dessa grepp \u00e4r utformade f\u00f6r 26mm bred aluminiumram p\u00e5 KMR S-02 och \u00e4r inte kompatibla med W-02 eller L-02 ramstorlekar. F\u00f6r f\u00f6rb\u00e4ttrat grepp och skjutprecision med KMR S-02 pistol.<\/p>\n<dl class=\"data-sheet\">\n<dt class=\"name\">F\u00f6r vapen KMR<\/dt>\n<dd class=\"value\">KMR S-01 LANCE (OR)<br \/>\nKMR S-02 TILL 2023<\/dd>\n<dt class=\"name\">Val efter vapen CZ<\/dt>\n<dd class=\"value\">CZ SHADOW 1<br \/>\nCZ SHADOW 2<br \/>\nCZ SHADOW 2 (OR)<br \/>\nCZ SP-01<\/dd>\n<\/dl>\n","protected":false},"excerpt":{"rendered":"<p>KMR S-02 svart modul\u00e4rt grepp, kompatibelt med aluminiumram.<br \/>\n0611-03101-0101<\/p>\n","protected":false},"featured_media":73907,"template":"","meta":{"_acf_changed":false},"product_brand":[11511],"product_cat":[13005],"product_tag":[],"class_list":{"0":"post-236105","1":"product","2":"type-product","3":"status-publish","4":"has-post-thumbnail","6":"product_brand-kmr-precision","7":"product_cat-kmr-delar","9":"first","10":"instock","11":"taxable","12":"shipping-taxable","13":"purchasable","14":"product-type-simple"},"acf":[],"_links":{"self":[{"href":"https:\/\/staging.nbg.eu\/sv\/wp-json\/wp\/v2\/product\/236105","targetHints":{"allow":["GET"]}}],"collection":[{"href":"https:\/\/staging.nbg.eu\/sv\/wp-json\/wp\/v2\/product"}],"about":[{"href":"https:\/\/staging.nbg.eu\/sv\/wp-json\/wp\/v2\/types\/product"}],"wp:featuredmedia":[{"embeddable":true,"href":"https:\/\/staging.nbg.eu\/sv\/wp-json\/wp\/v2\/media\/73907"}],"wp:attachment":[{"href":"https:\/\/staging.nbg.eu\/sv\/wp-json\/wp\/v2\/media?parent=236105"}],"wp:term":[{"taxonomy":"product_brand","embeddable":true,"href":"https:\/\/staging.nbg.eu\/sv\/wp-json\/wp\/v2\/product_brand?post=236105"},{"taxonomy":"product_cat","embeddable":true,"href":"https:\/\/staging.nbg.eu\/sv\/wp-json\/wp\/v2\/product_cat?post=236105"},{"taxonomy":"product_tag","embeddable":true,"href":"https:\/\/staging.nbg.eu\/sv\/wp-json\/wp\/v2\/product_tag?post=236105"}],"curies":[{"name":"wp","href":"https:\/\/api.w.org\/{rel}","templated":true}]}}