{"id":214426,"date":"2024-01-13T11:03:57","date_gmt":"2024-01-13T11:03:57","guid":{"rendered":"https:\/\/staging.nbg.eu\/product\/surefire-m640v-pro-scout-light-pro-infrared\/"},"modified":"2025-02-19T16:47:17","modified_gmt":"2025-02-19T16:47:17","slug":"surefire-m640v-pro-scout-light-pro-infraroed","status":"publish","type":"product","link":"https:\/\/staging.nbg.eu\/sv\/produkt\/surefire-m640v-pro-scout-light-pro-infraroed\/","title":{"rendered":"SureFire M640V-PRO (SCOUT LIGHT PRO INFRAR\u00d6D)"},"content":{"rendered":"<div class=\"product-description\">\n<h2>SureFire M640V-PRO SCOUT LIGHT PRO INFRAR\u00d6D<\/h2>\n<p>M640V-PRO har f\u00f6ljande egenskaper:<\/p>\n<ul>\n<li>Hybridstr\u00e5lem\u00f6nster f\u00f6r identifiering p\u00e5 l\u00e5ngt avst\u00e5nd och situationsmedvetenhet<\/li>\n<li>Ny l\u00e5gprofilmontering f\u00f6r optimal positionering och kompatibilitet med r\u00e4lmonterade tillbeh\u00f6r<\/li>\n<li>M\u00e5ngsidiga monteringsalternativ f\u00f6r Picatinny- eller M-Lok-r\u00e4ls<\/li>\n<li>Dual-spektrumkapacitet: 350 lumen vitt ljus \/ 120 mW IR-utg\u00e5ng<\/li>\n<li>Val av spektrum via rotation av ljushuvudet<\/li>\n<li>S\u00e4rskild TIR-lins f\u00f6r l\u00e5ngtg\u00e5ende str\u00e5le med tillr\u00e4ckligt omgivningsljus<\/li>\n<li>Enkel aktivering med tryckknapp i bak\u00e4nden<\/li>\n<li>Konstruktion i flygplansaluminium med h\u00e5rd anodiserad yta enligt milit\u00e4r specifikation<\/li>\n<li>O-ringst\u00e4tad f\u00f6r tillf\u00f6rlitlighet i alla v\u00e4der<\/li>\n<\/ul>\n<p>Detta \u00e4r en robust och m\u00e5ngsidig vapenlampa.<\/p>\n<\/div>\n","protected":false},"excerpt":{"rendered":"<p>M\u00e5ngsidig IR-vapenlampa med hybridstr\u00e5le och l\u00e5gprofilsf\u00e4ste.<\/p>\n","protected":false},"featured_media":214427,"template":"","meta":{"_acf_changed":false},"product_brand":[11880],"product_cat":[13053,13004,13044],"product_tag":[],"class_list":{"0":"post-214426","1":"product","2":"type-product","3":"status-publish","4":"has-post-thumbnail","6":"product_brand-surefire","7":"product_cat-gevaer","8":"product_cat-gevaerslyktor","9":"product_cat-lampor","11":"first","12":"instock","13":"taxable","14":"shipping-taxable","15":"purchasable","16":"product-type-simple"},"acf":[],"_links":{"self":[{"href":"https:\/\/staging.nbg.eu\/sv\/wp-json\/wp\/v2\/product\/214426","targetHints":{"allow":["GET"]}}],"collection":[{"href":"https:\/\/staging.nbg.eu\/sv\/wp-json\/wp\/v2\/product"}],"about":[{"href":"https:\/\/staging.nbg.eu\/sv\/wp-json\/wp\/v2\/types\/product"}],"wp:featuredmedia":[{"embeddable":true,"href":"https:\/\/staging.nbg.eu\/sv\/wp-json\/wp\/v2\/media\/214427"}],"wp:attachment":[{"href":"https:\/\/staging.nbg.eu\/sv\/wp-json\/wp\/v2\/media?parent=214426"}],"wp:term":[{"taxonomy":"product_brand","embeddable":true,"href":"https:\/\/staging.nbg.eu\/sv\/wp-json\/wp\/v2\/product_brand?post=214426"},{"taxonomy":"product_cat","embeddable":true,"href":"https:\/\/staging.nbg.eu\/sv\/wp-json\/wp\/v2\/product_cat?post=214426"},{"taxonomy":"product_tag","embeddable":true,"href":"https:\/\/staging.nbg.eu\/sv\/wp-json\/wp\/v2\/product_tag?post=214426"}],"curies":[{"name":"wp","href":"https:\/\/api.w.org\/{rel}","templated":true}]}}