{"id":213980,"date":"2024-10-31T21:14:39","date_gmt":"2025-02-19T16:24:57","guid":{"rendered":"https:\/\/staging.nbg.eu\/product\/sabre-red-spray-52cft10-mk3-crossfire-gel-1-5oz-45ml\/"},"modified":"2025-02-19T16:26:46","modified_gmt":"2025-02-19T16:26:46","slug":"sabre-red-spray-52cft10-mk3-crossfire-gel-15oz45ml","status":"publish","type":"product","link":"https:\/\/staging.nbg.eu\/sv\/produkt\/sabre-red-spray-52cft10-mk3-crossfire-gel-15oz45ml\/","title":{"rendered":"Sabre Red Spray 52CFT10 MK3 Crossfire GEL 1.5oz\/45ml"},"content":{"rendered":"<div class=\"product-description\">\n<h2>Sabre Red 52CFT10-G MK-3 Crossfire Stream<\/h2>\n<p>Denna 1,5 oz pepparspray anv\u00e4nds av polismyndigheter globalt. Den har h\u00f6gre capsaicinoidhalt. Egenskaper:<\/p>\n<ul>\n<li>SABRE Crossfire\u00ae-teknik f\u00f6r anv\u00e4ndning fr\u00e5n alla vinklar<\/li>\n<li>8 fullst\u00e4ndiga ensekundssprayer med 15-20 fots r\u00e4ckvidd<\/li>\n<li>1,33% MC-formulering<\/li>\n<li>5 \u00e5rs h\u00e5llbarhet<\/li>\n<li>ISO 9001:2008-certifierad<\/li>\n<li>Testad f\u00f6r \u00f6gon, hud och inandning<\/li>\n<li>UV-m\u00e4rkningsf\u00e4rg f\u00f6r identifiering<\/li>\n<li>Ej brandfarlig och EID-kompatibel<\/li>\n<\/ul>\n<p>F\u00f6r polis och personligt skydd. Tillverkad i USA av Security Equipment Corp.<\/p>\n<\/div>\n","protected":false},"excerpt":{"rendered":"<p>Kraftfullt pepparspray av poliskvalitet. Crossfire-teknik, 4,5-6 meters r\u00e4ckvidd.<\/p>\n","protected":false},"featured_media":75084,"template":"","meta":{"_acf_changed":false},"product_brand":[11759],"product_cat":[13043],"product_tag":[],"class_list":{"0":"post-213980","1":"product","2":"type-product","3":"status-publish","4":"has-post-thumbnail","6":"product_brand-sabre","7":"product_cat-edc","9":"first","10":"instock","11":"taxable","12":"shipping-taxable","13":"purchasable","14":"product-type-simple"},"acf":[],"_links":{"self":[{"href":"https:\/\/staging.nbg.eu\/sv\/wp-json\/wp\/v2\/product\/213980","targetHints":{"allow":["GET"]}}],"collection":[{"href":"https:\/\/staging.nbg.eu\/sv\/wp-json\/wp\/v2\/product"}],"about":[{"href":"https:\/\/staging.nbg.eu\/sv\/wp-json\/wp\/v2\/types\/product"}],"wp:featuredmedia":[{"embeddable":true,"href":"https:\/\/staging.nbg.eu\/sv\/wp-json\/wp\/v2\/media\/75084"}],"wp:attachment":[{"href":"https:\/\/staging.nbg.eu\/sv\/wp-json\/wp\/v2\/media?parent=213980"}],"wp:term":[{"taxonomy":"product_brand","embeddable":true,"href":"https:\/\/staging.nbg.eu\/sv\/wp-json\/wp\/v2\/product_brand?post=213980"},{"taxonomy":"product_cat","embeddable":true,"href":"https:\/\/staging.nbg.eu\/sv\/wp-json\/wp\/v2\/product_cat?post=213980"},{"taxonomy":"product_tag","embeddable":true,"href":"https:\/\/staging.nbg.eu\/sv\/wp-json\/wp\/v2\/product_tag?post=213980"}],"curies":[{"name":"wp","href":"https:\/\/api.w.org\/{rel}","templated":true}]}}