{"id":212983,"date":"2024-07-22T11:51:56","date_gmt":"2024-07-22T11:51:56","guid":{"rendered":"https:\/\/staging.nbg.eu\/product\/blue-force-gear-universal-wire-loop\/"},"modified":"2025-02-19T15:18:15","modified_gmt":"2025-02-19T15:18:15","slug":"blue-force-gear-universal-tradoegla","status":"publish","type":"product","link":"https:\/\/staging.nbg.eu\/sv\/produkt\/blue-force-gear-universal-tradoegla\/","title":{"rendered":"Blue Force Gear Universal Tr\u00e5d\u00f6gla"},"content":{"rendered":"<h2>Blue Force Gear Universal Wire Loop<\/h2>\n<p>Universal Wire Loop (UWL\u2122) \u00e4r en f\u00e4stpunkt f\u00f6r remmar utformad f\u00f6r flera anv\u00e4ndningsomr\u00e5den. Tillg\u00e4nglig i 3,25&#8243;, 4,5&#8243; och 6,25&#8243; l\u00e4ngder, med f\u00f6ljande egenskaper:<\/p>\n<ul>\n<li>Flexibel nylonbelagd rostfri st\u00e5ltr\u00e5d f\u00f6r enkel fasts\u00e4ttning<\/li>\n<li>CNC-bearbetad 6061-T6 aluminiumkropp med icke-reflekterande yta<\/li>\n<li>H\u00e5rdanodiserad f\u00f6r h\u00e5llbarhet<\/li>\n<li>Flygplanskvalitetskabel med kulskaft\u00e4ndar<\/li>\n<li>Tystare och starkare \u00e4n traditionella krokf\u00e4sten<\/li>\n<li>Sliter inte p\u00e5 \u00f6glor<\/li>\n<\/ul>\n<p>L\u00e4mplig f\u00f6r anv\u00e4ndning med Vickers Combat Applications Slings\u2122, UWL\u2122 erbjuder m\u00e5nga f\u00e4stm\u00f6jligheter. Extrem pipv\u00e4rme kan deformera ytterbel\u00e4ggningen, men den rostfria k\u00e4rnan f\u00f6rblir intakt, vilket s\u00e4kerst\u00e4ller tillf\u00f6rlitlighet i kr\u00e4vande situationer.<\/p>\n","protected":false},"excerpt":{"rendered":"<p>M\u00e5ngsidig remf\u00e4ste med flexibel vajer f\u00f6r olika monteringsalternativ.<\/p>\n","protected":false},"featured_media":50237,"template":"","meta":{"_acf_changed":false},"product_brand":[11143],"product_cat":[13016,13020],"product_tag":[],"class_list":{"0":"post-212983","1":"product","2":"type-product","3":"status-publish","4":"has-post-thumbnail","6":"product_brand-blue-force-gear","7":"product_cat-remmar","8":"product_cat-utrustning","10":"first","11":"instock","12":"taxable","13":"shipping-taxable","14":"purchasable","15":"product-type-variable","16":"wvs-archive-product-wrapper"},"acf":[],"_links":{"self":[{"href":"https:\/\/staging.nbg.eu\/sv\/wp-json\/wp\/v2\/product\/212983","targetHints":{"allow":["GET"]}}],"collection":[{"href":"https:\/\/staging.nbg.eu\/sv\/wp-json\/wp\/v2\/product"}],"about":[{"href":"https:\/\/staging.nbg.eu\/sv\/wp-json\/wp\/v2\/types\/product"}],"wp:featuredmedia":[{"embeddable":true,"href":"https:\/\/staging.nbg.eu\/sv\/wp-json\/wp\/v2\/media\/50237"}],"wp:attachment":[{"href":"https:\/\/staging.nbg.eu\/sv\/wp-json\/wp\/v2\/media?parent=212983"}],"wp:term":[{"taxonomy":"product_brand","embeddable":true,"href":"https:\/\/staging.nbg.eu\/sv\/wp-json\/wp\/v2\/product_brand?post=212983"},{"taxonomy":"product_cat","embeddable":true,"href":"https:\/\/staging.nbg.eu\/sv\/wp-json\/wp\/v2\/product_cat?post=212983"},{"taxonomy":"product_tag","embeddable":true,"href":"https:\/\/staging.nbg.eu\/sv\/wp-json\/wp\/v2\/product_tag?post=212983"}],"curies":[{"name":"wp","href":"https:\/\/api.w.org\/{rel}","templated":true}]}}