{"id":212454,"date":"2024-07-30T18:47:47","date_gmt":"2025-02-19T14:30:15","guid":{"rendered":"https:\/\/staging.nbg.eu\/product\/surefire-xsc-weaponlight\/"},"modified":"2025-02-19T14:32:12","modified_gmt":"2025-02-19T14:32:12","slug":"surefire-xsc-vapenlampa","status":"publish","type":"product","link":"https:\/\/staging.nbg.eu\/sv\/produkt\/surefire-xsc-vapenlampa\/","title":{"rendered":"SureFire XSC Vapenlampa"},"content":{"rendered":"<div class=\"product-description\">\n<h2>SureFire XSC VAPENTLAMPA<\/h2>\n<p>SureFire XSC \u00e4r en vapentlampa designad f\u00f6r mikrokompakta och subkompakta pistoler. Den \u00e4r avsedd f\u00f6r anv\u00e4ndning i situationer med svagt ljus.<\/p>\n<h2>Huvudegenskaper:<\/h2>\n<ul>\n<li>350 lumen vitt ljus<\/li>\n<li>Hybridstr\u00e5lem\u00f6nster f\u00f6r m\u00e5lidentiering<\/li>\n<li>Kompakt design<\/li>\n<li>Uppladdningsbart litiumpolymerbatteri med snabbytesm\u00f6jlighet<\/li>\n<li>Intuitiv, ambidextr\u00f6s omkoppling<\/li>\n<li>Kropp av anodiserad flygplansaluminium<\/li>\n<li>IPX4-klassad f\u00f6r v\u00e4derbest\u00e4ndighet<\/li>\n<\/ul>\n<h2>Specifikationer:<\/h2>\n<ul>\n<li>Effekt: 350 Lumen<\/li>\n<li>Drifttid: 30 minuter<\/li>\n<li>Vikt: 48,2 g<\/li>\n<li>L\u00e4ngd: 4,9 cm<\/li>\n<li>Maximal str\u00e5lintensitet: 2 000 Candela<\/li>\n<li>Str\u00e5lr\u00e4ckvidd: 90 meter<\/li>\n<\/ul>\n<p>V\u00e4lj r\u00e4tt modell f\u00f6r ditt vapen:<\/p>\n<ul>\n<li>XSC-A f\u00f6r Glock 43X &amp; 48 med skena<\/li>\n<li>XSC-P365 f\u00f6r SIG SAUER P365 &amp; P365 XL<\/li>\n<li>XSC-HELLCAT f\u00f6r Springfield Armory Hellcat<\/li>\n<li>XSC-B f\u00f6r olika andra subkompakta modeller<\/li>\n<\/ul>\n<p>SureFire XSC VAPENTLAMPA \u00e4r ett alternativ f\u00f6r belysning i kritiska situationer.<\/p>\n<\/div>\n","protected":false},"excerpt":{"rendered":"<p>Kompakt, kraftfull 350-lumen lampa f\u00f6r dolda b\u00e4rpistoler.<\/p>\n","protected":false},"featured_media":212455,"template":"","meta":{"_acf_changed":false},"product_brand":[11880],"product_cat":[13044,13010,13037],"product_tag":[],"class_list":{"0":"post-212454","1":"product","2":"type-product","3":"status-publish","4":"has-post-thumbnail","6":"product_brand-surefire","7":"product_cat-lampor","8":"product_cat-pistol","9":"product_cat-pistollampor","10":"pa_light-p-365-sv","11":"pa_light-xsc-a-sv-2","12":"pa_light-xsc-b-sv","14":"first","15":"instock","16":"taxable","17":"shipping-taxable","18":"purchasable","19":"product-type-variable","20":"wvs-archive-product-wrapper"},"acf":[],"_links":{"self":[{"href":"https:\/\/staging.nbg.eu\/sv\/wp-json\/wp\/v2\/product\/212454","targetHints":{"allow":["GET"]}}],"collection":[{"href":"https:\/\/staging.nbg.eu\/sv\/wp-json\/wp\/v2\/product"}],"about":[{"href":"https:\/\/staging.nbg.eu\/sv\/wp-json\/wp\/v2\/types\/product"}],"wp:featuredmedia":[{"embeddable":true,"href":"https:\/\/staging.nbg.eu\/sv\/wp-json\/wp\/v2\/media\/212455"}],"wp:attachment":[{"href":"https:\/\/staging.nbg.eu\/sv\/wp-json\/wp\/v2\/media?parent=212454"}],"wp:term":[{"taxonomy":"product_brand","embeddable":true,"href":"https:\/\/staging.nbg.eu\/sv\/wp-json\/wp\/v2\/product_brand?post=212454"},{"taxonomy":"product_cat","embeddable":true,"href":"https:\/\/staging.nbg.eu\/sv\/wp-json\/wp\/v2\/product_cat?post=212454"},{"taxonomy":"product_tag","embeddable":true,"href":"https:\/\/staging.nbg.eu\/sv\/wp-json\/wp\/v2\/product_tag?post=212454"}],"curies":[{"name":"wp","href":"https:\/\/api.w.org\/{rel}","templated":true}]}}